{"id":5595,"date":"2026-01-14T12:19:24","date_gmt":"2026-01-14T12:19:24","guid":{"rendered":"https:\/\/turkishtrade.co\/product\/mens-classic-leather-shoes\/"},"modified":"2026-04-09T19:29:40","modified_gmt":"2026-04-09T19:29:40","slug":"mens-classic-leather-shoes","status":"publish","type":"product","link":"https:\/\/turkishtrade.co\/de\/shop\/mens-classic-leather-shoes\/","title":{"rendered":"Klassische Herren Derby-Schuhe aus Kalbsleder mit Kroko-Detail"},"content":{"rendered":"<p><strong>Klassische Lederschuhe f\u00fcr M\u00e4nner<\/strong><\/p>\n<p>Treten Sie ein in eine Welt der raffinierten Eleganz mit unserer exquisiten Kollektion von <strong>Klassische Lederschuhe f\u00fcr M\u00e4nner<\/strong>. Entworfen f\u00fcr den anspruchsvollen Menschen, der sowohl Stil als auch Substanz sch\u00e4tzt, sind diese hochwertigen <strong>Klassische Lederschuhe f\u00fcr M\u00e4nner<\/strong> verbinden nahtlos zeitlose \u00c4sthetik mit modernem Komfort. Egal, ob Sie zu einem wichtigen Gesch\u00e4ftstreffen oder einer formellen Veranstaltung gehen oder einfach nur Ihren allt\u00e4glichen Smart-Casual-Look aufpeppen wollen, diese <strong>Klassische Lederschuhe f\u00fcr M\u00e4nner<\/strong> sind so konzipiert, dass sie einen bleibenden Eindruck hinterlassen. Unser Engagement f\u00fcr Qualit\u00e4t gew\u00e4hrleistet, dass jedes Paar <strong>Klassische Lederschuhe f\u00fcr M\u00e4nner<\/strong> bietet unvergleichliche Strapazierf\u00e4higkeit und ein anspruchsvolles Finish, das auff\u00e4llt. Entdecken Sie das perfekte Paar <strong>Klassische Lederschuhe f\u00fcr M\u00e4nner<\/strong> f\u00fcr Ihren Kleiderschrank.<\/p>\n<p>&nbsp;<\/p>\n<h3>Entworfen f\u00fcr Komfort und Stil<\/h3>\n<p>Unser <strong>Klassische Lederschuhe f\u00fcr M\u00e4nner<\/strong> sind mit einem bequemen 1-3 cm hohen Absatz ausgestattet, der die perfekte Balance zwischen traditioneller Eleganz und ergonomischer Unterst\u00fctzung bietet. Diese subtile Erh\u00f6hung verbessert die K\u00f6rperhaltung, ohne den Komfort zu beeintr\u00e4chtigen, und macht sie ideal f\u00fcr das ganzt\u00e4gige Tragen. Erh\u00e4ltlich in einer raffinierten Farbpalette von klassischem Schwarz und sattem Braun, bieten diese Schuhe Vielseitigkeit, um jede Garderobe zu erg\u00e4nzen. Die fachm\u00e4nnische Konstruktion sorgt f\u00fcr eine bequeme Passform und ist in einer breiten Palette von Gr\u00f6\u00dfen von 39 bis 45 erh\u00e4ltlich. Jedes Paar dieser <strong>Klassische Lederschuhe f\u00fcr M\u00e4nner<\/strong> ist ein Beweis f\u00fcr die Liebe zum Detail, von den pr\u00e4zisen N\u00e4hten bis hin zu den strapazierf\u00e4higen Schn\u00fcrsenkeln, die ein poliertes und raffiniertes Aussehen garantieren. Finden Sie Ihr perfektes Paar <strong>Klassische Lederschuhe f\u00fcr M\u00e4nner<\/strong> heute.<\/p>\n<h3>Ihre ideale Wahl f\u00fcr jede Gelegenheit<\/h3>\n<p>Diese vielseitigen <strong>Klassische Lederschuhe f\u00fcr M\u00e4nner<\/strong> sind mehr als nur Schuhe; sie sind eine Investition in Ihren pers\u00f6nlichen Stil. Sie sind eine unverzichtbare Erg\u00e4nzung f\u00fcr jede Garderobe, die sich m\u00fchelos von einer formellen Gesch\u00e4ftsumgebung bis hin zu einem eleganten Abendkleid verwandeln l\u00e4sst. Erleben Sie die perfekte Verschmelzung von traditionellem Design und modernem Komfort mit <strong>Klassische Lederschuhe f\u00fcr M\u00e4nner<\/strong> die Ihr Selbstvertrauen st\u00e4rken und Ihr Ensemble aufwerten werden. Ihre robuste Konstruktion sorgt f\u00fcr Langlebigkeit und macht sie zu einem zuverl\u00e4ssigen und stilvollen Begleiter f\u00fcr die n\u00e4chsten Jahre. Diese <strong>Klassische Lederschuhe f\u00fcr M\u00e4nner<\/strong> definieren wirklich anspruchsvolle Schuhe.<\/p>\n<h3>Gro\u00dfhandelsvorteil und weltweite Lieferung<\/h3>\n<p>F\u00fcr Einzelh\u00e4ndler und Unternehmen, die hochwertige Schuhe anbieten m\u00f6chten, ist unser <strong>Klassische Lederschuhe f\u00fcr M\u00e4nner<\/strong> sind f\u00fcr den Gro\u00dfeinkauf verf\u00fcgbar. Mit einer Mindestbestellmenge von nur 8 Paaren k\u00f6nnen Sie sich problemlos mit diesen begehrten Modellen eindecken. Wir gew\u00e4hrleisten eine effiziente Bearbeitung mit einer Vorlaufzeit von 12 Tagen, gefolgt von einem zuverl\u00e4ssigen Versand an Ihren Standort. Arbeiten Sie mit uns zusammen und bieten Sie Ihren Kunden erstklassige <strong>Klassische Lederschuhe f\u00fcr M\u00e4nner<\/strong> die Luxus und zeitloses Design verk\u00f6rpern und ihre Auswahl an Produkten aufwerten. <strong>Klassische Lederschuhe f\u00fcr M\u00e4nner<\/strong>.<\/p>","protected":false},"excerpt":{"rendered":"<ul>\n<li><strong>Hochwertige Materialien:<\/strong> Au\u00dfen aus echtem Kalbsleder und innen aus luxuri\u00f6sem Ziegenleder f\u00fcr un\u00fcbertroffene Qualit\u00e4t.<\/li>\n<li><strong>Bequemes Design:<\/strong> Eine leichte EVA-Sohle und ein klassischer 1-3 cm hoher Absatz sorgen f\u00fcr ganzt\u00e4gigen Komfort.<\/li>\n<li><strong>Vielseitiger Stil:<\/strong> Perfekt f\u00fcr gesch\u00e4ftliche und legere Anl\u00e4sse, erh\u00e4ltlich in elegantem Schwarz und sattem Braun.<\/li>\n<li><strong>Breiter Gr\u00f6\u00dfenbereich:<\/strong> Erh\u00e4ltlich in den Gr\u00f6\u00dfen 39, 40, 41, 42, 43, 44, 45, um eine perfekte Passform zu gew\u00e4hrleisten.<\/li>\n<li><strong>Bulk-Verf\u00fcgbarkeit:<\/strong> Mindestbestellmenge 8 Paare mit einer Vorlaufzeit von 12 Tagen plus Versand.<\/li>\n<\/ul>","protected":false},"featured_media":3754,"template":"","meta":{"_acf_changed":false,"_uag_custom_page_level_css":"","site-sidebar-layout":"default","site-content-layout":"","ast-site-content-layout":"default","site-content-style":"default","site-sidebar-style":"default","ast-global-header-display":"","ast-banner-title-visibility":"","ast-main-header-display":"","ast-hfb-above-header-display":"","ast-hfb-below-header-display":"","ast-hfb-mobile-header-display":"","site-post-title":"","ast-breadcrumbs-content":"","ast-featured-img":"","footer-sml-layout":"","ast-disable-related-posts":"","theme-transparent-header-meta":"default","adv-header-id-meta":"","stick-header-meta":"","header-above-stick-meta":"","header-main-stick-meta":"","header-below-stick-meta":"","astra-migrate-meta-layouts":"set","ast-page-background-enabled":"default","ast-page-background-meta":{"desktop":{"background-color":"var(--ast-global-color-4)","background-image":"","background-repeat":"repeat","background-position":"center center","background-size":"auto","background-attachment":"scroll","background-type":"","background-media":"","overlay-type":"","overlay-color":"","overlay-opacity":"","overlay-gradient":""},"tablet":{"background-color":"","background-image":"","background-repeat":"repeat","background-position":"center center","background-size":"auto","background-attachment":"scroll","background-type":"","background-media":"","overlay-type":"","overlay-color":"","overlay-opacity":"","overlay-gradient":""},"mobile":{"background-color":"","background-image":"","background-repeat":"repeat","background-position":"center center","background-size":"auto","background-attachment":"scroll","background-type":"","background-media":"","overlay-type":"","overlay-color":"","overlay-opacity":"","overlay-gradient":""}},"ast-content-background-meta":{"desktop":{"background-color":"var(--ast-global-color-5)","background-image":"","background-repeat":"repeat","background-position":"center center","background-size":"auto","background-attachment":"scroll","background-type":"","background-media":"","overlay-type":"","overlay-color":"","overlay-opacity":"","overlay-gradient":""},"tablet":{"background-color":"var(--ast-global-color-5)","background-image":"","background-repeat":"repeat","background-position":"center center","background-size":"auto","background-attachment":"scroll","background-type":"","background-media":"","overlay-type":"","overlay-color":"","overlay-opacity":"","overlay-gradient":""},"mobile":{"background-color":"var(--ast-global-color-5)","background-image":"","background-repeat":"repeat","background-position":"center center","background-size":"auto","background-attachment":"scroll","background-type":"","background-media":"","overlay-type":"","overlay-color":"","overlay-opacity":"","overlay-gradient":""}}},"product_brand":[],"product_cat":[47,430,40],"product_tag":[196,292,854,405,185,809,290,974,287,314,251,189,973,310,324,198,787,975,280,254],"class_list":{"0":"post-5595","1":"product","2":"type-product","3":"status-publish","4":"has-post-thumbnail","6":"product_cat-classic","7":"product_cat-men","8":"product_cat-mens-shoes","9":"product_tag-black-leather-shoes","10":"product_tag-brown-leather-shoes","11":"product_tag-bulk-leather-shoes","12":"product_tag-business-shoes","13":"product_tag-calf-leather-shoes","14":"product_tag-classic-mens-footwear","15":"product_tag-comfortable-mens-shoes","16":"product_tag-crocodile-detail-shoes","17":"product_tag-eva-sole-shoes","18":"product_tag-formal-mens-shoes","19":"product_tag-formal-shoes","20":"product_tag-goat-leather-lining","21":"product_tag-mens-classic-leather-shoes","22":"product_tag-mens-derby-shoes","23":"product_tag-mens-dress-shoes","24":"product_tag-mens-fashion","25":"product_tag-premium-mens-shoes","26":"product_tag-quality-leather-footwear","27":"product_tag-smart-casual-shoes","28":"product_tag-wholesale-footwear","29":"desktop-align-center","30":"tablet-align-center","31":"mobile-align-center","33":"first","34":"instock","35":"shipping-taxable","36":"purchasable","37":"product-type-variable","38":"has-default-attributes"},"acf":[],"uagb_featured_image_src":{"full":["https:\/\/turkishtrade.co\/wp-content\/uploads\/2026\/01\/2400EJOMN00337-BROWN-X_431-1-usd.png",453,250,false],"thumbnail":["https:\/\/turkishtrade.co\/wp-content\/uploads\/2026\/01\/2400EJOMN00337-BROWN-X_431-1-usd-150x150.png",150,150,true],"medium":["https:\/\/turkishtrade.co\/wp-content\/uploads\/2026\/01\/2400EJOMN00337-BROWN-X_431-1-usd-300x166.png",300,166,true],"medium_large":["https:\/\/turkishtrade.co\/wp-content\/uploads\/2026\/01\/2400EJOMN00337-BROWN-X_431-1-usd.png",453,250,false],"large":["https:\/\/turkishtrade.co\/wp-content\/uploads\/2026\/01\/2400EJOMN00337-BROWN-X_431-1-usd.png",453,250,false],"1536x1536":["https:\/\/turkishtrade.co\/wp-content\/uploads\/2026\/01\/2400EJOMN00337-BROWN-X_431-1-usd.png",453,250,false],"2048x2048":["https:\/\/turkishtrade.co\/wp-content\/uploads\/2026\/01\/2400EJOMN00337-BROWN-X_431-1-usd.png",453,250,false],"trp-custom-language-flag":["https:\/\/turkishtrade.co\/wp-content\/uploads\/2026\/01\/2400EJOMN00337-BROWN-X_431-1-usd-18x10.png",18,10,true],"woocommerce_thumbnail":["https:\/\/turkishtrade.co\/wp-content\/uploads\/2026\/01\/2400EJOMN00337-BROWN-X_431-1-usd-400x250.png",400,250,true],"woocommerce_single":["https:\/\/turkishtrade.co\/wp-content\/uploads\/2026\/01\/2400EJOMN00337-BROWN-X_431-1-usd.png",453,250,false],"woocommerce_gallery_thumbnail":["https:\/\/turkishtrade.co\/wp-content\/uploads\/2026\/01\/2400EJOMN00337-BROWN-X_431-1-usd-100x100.png",100,100,true]},"uagb_author_info":{"display_name":"yaser olabi","author_link":"https:\/\/turkishtrade.co\/de\/author\/"},"uagb_comment_info":0,"uagb_excerpt":"Premium Materials: Crafted with genuine calf leather exterior and luxurious goat leather interior for unmatched quality. Comfortable Design: Features a lightweight EVA sole and a classic 1-3 cm heel for all-day comfort. Versatile Style: Perfect for both business and smart casual occasions, available in sophisticated black and rich brown. Wide Size Range: Available in sizes&hellip;","_links":{"self":[{"href":"https:\/\/turkishtrade.co\/de\/wp-json\/wp\/v2\/product\/5595","targetHints":{"allow":["GET"]}}],"collection":[{"href":"https:\/\/turkishtrade.co\/de\/wp-json\/wp\/v2\/product"}],"about":[{"href":"https:\/\/turkishtrade.co\/de\/wp-json\/wp\/v2\/types\/product"}],"wp:featuredmedia":[{"embeddable":true,"href":"https:\/\/turkishtrade.co\/de\/wp-json\/wp\/v2\/media\/3754"}],"wp:attachment":[{"href":"https:\/\/turkishtrade.co\/de\/wp-json\/wp\/v2\/media?parent=5595"}],"wp:term":[{"taxonomy":"product_brand","embeddable":true,"href":"https:\/\/turkishtrade.co\/de\/wp-json\/wp\/v2\/product_brand?post=5595"},{"taxonomy":"product_cat","embeddable":true,"href":"https:\/\/turkishtrade.co\/de\/wp-json\/wp\/v2\/product_cat?post=5595"},{"taxonomy":"product_tag","embeddable":true,"href":"https:\/\/turkishtrade.co\/de\/wp-json\/wp\/v2\/product_tag?post=5595"}],"curies":[{"name":"wp","href":"https:\/\/api.w.org\/{rel}","templated":true}]}}