{"id":5592,"date":"2026-01-14T12:19:05","date_gmt":"2026-01-14T12:19:05","guid":{"rendered":"https:\/\/turkishtrade.co\/product\/mens-leather-brogue-shoes\/"},"modified":"2026-04-09T19:29:46","modified_gmt":"2026-04-09T19:29:46","slug":"mens-leather-brogue-shoes","status":"publish","type":"product","link":"https:\/\/turkishtrade.co\/de\/shop\/mens-leather-brogue-shoes\/","title":{"rendered":"Klassische Herren Premium Kalbsleder Brogue Dress Schuhe"},"content":{"rendered":"<p><strong>Brogue-Schuhe aus Leder f\u00fcr M\u00e4nner<\/strong><\/p>\n<p>Entdecken Sie den Inbegriff von klassischem Stil und dauerhafter Qualit\u00e4t mit unseren exquisiten <b>Brogue-Schuhe aus Leder f\u00fcr M\u00e4nner<\/b>. Diese sorgf\u00e4ltig gefertigten, eleganten und komfortablen Premium-Schuhe sind eine unverzichtbare Erg\u00e4nzung f\u00fcr die Garderobe jedes anspruchsvollen Gentleman. Perfekt f\u00fcr Gesch\u00e4ftstreffen, formelle Anl\u00e4sse oder elegante Freizeitausfl\u00fcge, diese <b>Brogue-Schuhe aus Leder f\u00fcr M\u00e4nner<\/b> sind so konzipiert, dass sie einen bleibenden Eindruck hinterlassen.<\/p>\n<p><h3>Un\u00fcbertroffene Handwerkskunst und hochwertige Materialien<\/h3>\n<\/p>\n<p>Jedes Paar dieser atemberaubenden <b>Brogue-Schuhe aus Leder f\u00fcr M\u00e4nner<\/b> ist ein Zeugnis h\u00f6chster Handwerkskunst. Das Obermaterial besteht aus luxuri\u00f6sem Kalbsleder, das f\u00fcr seine glatte Textur, Haltbarkeit und die F\u00e4higkeit, im Laufe der Zeit eine sch\u00f6ne Patina zu entwickeln, bekannt ist. Dieses hochwertige Kalbsleder sorgt daf\u00fcr, dass Ihre Schuhe nicht nur raffiniert aussehen, sondern auch den Test der Zeit bestehen.<\/p>\n<p>Im Inneren werden Ihre F\u00fc\u00dfe von echtem Ziegenleder umarmt, das f\u00fcr au\u00dfergew\u00f6hnliche Atmungsaktivit\u00e4t und Komfort sorgt, auch bei l\u00e4ngerem Tragen.<\/p>\n<p><h3>Entworfen f\u00fcr Komfort und Stil<\/h3>\n<\/p>\n<p>Die kultigen Brogue-Details, die sich durch dekorative Perforationen und Zacken entlang der N\u00e4hte auszeichnen, verleihen diesen klassischen Schn\u00fcrschuhen einen Hauch von zeitloser Raffinesse. Egal, ob Sie sich f\u00fcr den tiefen Marineblau- oder den satten Braunton entscheiden, diese <b>Brogue-Schuhe aus Leder f\u00fcr M\u00e4nner<\/b> bieten vielseitige Styling-Optionen. Die leichte und dennoch robuste EVA-Sohle bietet eine hervorragende D\u00e4mpfung und Flexibilit\u00e4t, die jeden Schritt bequem macht, w\u00e4hrend der klassische, niedrige Absatz f\u00fcr einen selbstbewussten und eleganten Schritt sorgt.<\/p>\n<p><h3>Vielseitigkeit f\u00fcr jede Gelegenheit<\/h3>\n<\/p>\n<p>Von der Vorstandsetage bis zum Wochenendbrunch, diese hochwertigen <b>Brogue-Schuhe aus Leder f\u00fcr M\u00e4nner<\/b> nahtlos zwischen verschiedenen Anl\u00e4ssen \u00fcbergehen. Kombinieren Sie sie mit einem ma\u00dfgeschneiderten Anzug f\u00fcr einen scharfen, professionellen Look, oder kombinieren Sie sie mit Chinos und einem Blazer f\u00fcr ein gehobenes Smart-Casual-Ensemble. Ihr zeitloses Design sorgt daf\u00fcr, dass sie ein fester Bestandteil der modernen Mode bleiben.<\/p>\n<p>Erh\u00e4ltlich in einer breiten Palette von Gr\u00f6\u00dfen von 39 bis 45, ist es einfach, die perfekte Passform zu finden.<\/p>\n<p><h3>Hohe Verf\u00fcgbarkeit und zuverl\u00e4ssige Lieferung<\/h3>\n<\/p>\n<p>F\u00fcr Einzelh\u00e4ndler und Unternehmen, die au\u00dfergew\u00f6hnliche Qualit\u00e4tsschuhe anbieten m\u00f6chten, ist unser <b>Brogue-Schuhe aus Leder f\u00fcr M\u00e4nner<\/b> sind f\u00fcr Gro\u00dfbestellungen mit einer Mindestmenge von 8 Paaren erh\u00e4ltlich. Wir sind stolz auf unseren effizienten Service. Bestellungen werden innerhalb von 12 Tagen plus Versandzeit verschickt, damit Sie Ihre Premium-Schuhe umgehend erhalten. Investieren Sie in Qualit\u00e4t, Komfort und klassischen Stil mit unserer exquisiten Kollektion von Brogues f\u00fcr Herren.<\/p>","protected":false},"excerpt":{"rendered":"<ul>\n<li><b>\u00c4u\u00dferes:<\/b> Hochwertiges Kalbsleder f\u00fcr Strapazierf\u00e4higkeit und ein raffiniertes Finish.<\/li>\n<li><b>Innen:<\/b> Weiches Ziegenlederfutter sorgt f\u00fcr Atmungsaktivit\u00e4t und Komfort.<\/li>\n<li><b>Seezunge:<\/b> Leichte und flexible EVA-Sohle f\u00fcr ganzt\u00e4gigen Tragekomfort.<\/li>\n<li><b>Absatzh\u00f6he:<\/b> Klassischer, niedriger Absatz (ca. 1-3 cm) f\u00fcr eine elegante Haltung.<\/li>\n<li><b>Verf\u00fcgbare Gr\u00f6\u00dfen:<\/b> Umfassende Spanne von EU 39 bis 45.<\/li>\n<li><b>Mindestbestellmenge:<\/b> Erh\u00e4ltlich f\u00fcr den Gro\u00dfeinkauf ab 8 Paar.<\/li>\n<li><b>Lieferung:<\/b> Der Versand erfolgt innerhalb von 12 Tagen, zuz\u00fcglich Versandzeit.<\/li>\n<\/ul>","protected":false},"featured_media":3752,"template":"","meta":{"_acf_changed":false,"_uag_custom_page_level_css":"","site-sidebar-layout":"default","site-content-layout":"","ast-site-content-layout":"default","site-content-style":"default","site-sidebar-style":"default","ast-global-header-display":"","ast-banner-title-visibility":"","ast-main-header-display":"","ast-hfb-above-header-display":"","ast-hfb-below-header-display":"","ast-hfb-mobile-header-display":"","site-post-title":"","ast-breadcrumbs-content":"","ast-featured-img":"","footer-sml-layout":"","ast-disable-related-posts":"","theme-transparent-header-meta":"","adv-header-id-meta":"","stick-header-meta":"","header-above-stick-meta":"","header-main-stick-meta":"","header-below-stick-meta":"","astra-migrate-meta-layouts":"default","ast-page-background-enabled":"default","ast-page-background-meta":{"desktop":{"background-color":"var(--ast-global-color-4)","background-image":"","background-repeat":"repeat","background-position":"center center","background-size":"auto","background-attachment":"scroll","background-type":"","background-media":"","overlay-type":"","overlay-color":"","overlay-opacity":"","overlay-gradient":""},"tablet":{"background-color":"","background-image":"","background-repeat":"repeat","background-position":"center center","background-size":"auto","background-attachment":"scroll","background-type":"","background-media":"","overlay-type":"","overlay-color":"","overlay-opacity":"","overlay-gradient":""},"mobile":{"background-color":"","background-image":"","background-repeat":"repeat","background-position":"center center","background-size":"auto","background-attachment":"scroll","background-type":"","background-media":"","overlay-type":"","overlay-color":"","overlay-opacity":"","overlay-gradient":""}},"ast-content-background-meta":{"desktop":{"background-color":"var(--ast-global-color-5)","background-image":"","background-repeat":"repeat","background-position":"center center","background-size":"auto","background-attachment":"scroll","background-type":"","background-media":"","overlay-type":"","overlay-color":"","overlay-opacity":"","overlay-gradient":""},"tablet":{"background-color":"var(--ast-global-color-5)","background-image":"","background-repeat":"repeat","background-position":"center center","background-size":"auto","background-attachment":"scroll","background-type":"","background-media":"","overlay-type":"","overlay-color":"","overlay-opacity":"","overlay-gradient":""},"mobile":{"background-color":"var(--ast-global-color-5)","background-image":"","background-repeat":"repeat","background-position":"center center","background-size":"auto","background-attachment":"scroll","background-type":"","background-media":"","overlay-type":"","overlay-color":"","overlay-opacity":"","overlay-gradient":""}}},"product_brand":[],"product_cat":[47,430,40],"product_tag":[654,405,451,449,644,284,480,438,251,437,219,227,685,198],"class_list":{"0":"post-5592","1":"product","2":"type-product","3":"status-publish","4":"has-post-thumbnail","6":"product_cat-classic","7":"product_cat-men","8":"product_cat-mens-shoes","9":"product_tag-brogue-shoes","10":"product_tag-business-shoes","11":"product_tag-calfskin-leather","12":"product_tag-casual-shoes","13":"product_tag-classic-footwear","14":"product_tag-dress-shoes","15":"product_tag-elegant-shoes","16":"product_tag-eva-sole","17":"product_tag-formal-shoes","18":"product_tag-goat-leather","19":"product_tag-handmade-shoes","20":"product_tag-leather-shoes","21":"product_tag-mens-brogues","22":"product_tag-mens-fashion","23":"desktop-align-center","24":"tablet-align-center","25":"mobile-align-center","27":"first","28":"instock","29":"shipping-taxable","30":"purchasable","31":"product-type-variable","32":"has-default-attributes"},"acf":[],"uagb_featured_image_src":{"full":["https:\/\/turkishtrade.co\/wp-content\/uploads\/2026\/01\/2400EJOMN00336-DARK-BROWN-X_12589-1-usd.png",453,250,false],"thumbnail":["https:\/\/turkishtrade.co\/wp-content\/uploads\/2026\/01\/2400EJOMN00336-DARK-BROWN-X_12589-1-usd.png",150,83,false],"medium":["https:\/\/turkishtrade.co\/wp-content\/uploads\/2026\/01\/2400EJOMN00336-DARK-BROWN-X_12589-1-usd.png",300,166,false],"medium_large":["https:\/\/turkishtrade.co\/wp-content\/uploads\/2026\/01\/2400EJOMN00336-DARK-BROWN-X_12589-1-usd.png",453,250,false],"large":["https:\/\/turkishtrade.co\/wp-content\/uploads\/2026\/01\/2400EJOMN00336-DARK-BROWN-X_12589-1-usd.png",453,250,false],"1536x1536":["https:\/\/turkishtrade.co\/wp-content\/uploads\/2026\/01\/2400EJOMN00336-DARK-BROWN-X_12589-1-usd.png",453,250,false],"2048x2048":["https:\/\/turkishtrade.co\/wp-content\/uploads\/2026\/01\/2400EJOMN00336-DARK-BROWN-X_12589-1-usd.png",453,250,false],"trp-custom-language-flag":["https:\/\/turkishtrade.co\/wp-content\/uploads\/2026\/01\/2400EJOMN00336-DARK-BROWN-X_12589-1-usd.png",18,10,false],"woocommerce_thumbnail":["https:\/\/turkishtrade.co\/wp-content\/uploads\/2026\/01\/2400EJOMN00336-DARK-BROWN-X_12589-1-usd-400x250.png",400,250,true],"woocommerce_single":["https:\/\/turkishtrade.co\/wp-content\/uploads\/2026\/01\/2400EJOMN00336-DARK-BROWN-X_12589-1-usd.png",453,250,false],"woocommerce_gallery_thumbnail":["https:\/\/turkishtrade.co\/wp-content\/uploads\/2026\/01\/2400EJOMN00336-DARK-BROWN-X_12589-1-usd-100x100.png",100,100,true]},"uagb_author_info":{"display_name":"yaser olabi","author_link":"https:\/\/turkishtrade.co\/de\/author\/"},"uagb_comment_info":0,"uagb_excerpt":"Exterior: Premium Calfskin Leather for durability and a refined finish. Interior: Soft Goat Leather lining ensures breathability and comfort. Sole: Lightweight and flexible EVA sole for all-day wear. Heel Height: Classic low profile heel (approx. 1-3 cm) for elegant posture. Sizes Available: Comprehensive range from EU 39 to 45. Minimum Order: Available for bulk purchase&hellip;","_links":{"self":[{"href":"https:\/\/turkishtrade.co\/de\/wp-json\/wp\/v2\/product\/5592","targetHints":{"allow":["GET"]}}],"collection":[{"href":"https:\/\/turkishtrade.co\/de\/wp-json\/wp\/v2\/product"}],"about":[{"href":"https:\/\/turkishtrade.co\/de\/wp-json\/wp\/v2\/types\/product"}],"wp:featuredmedia":[{"embeddable":true,"href":"https:\/\/turkishtrade.co\/de\/wp-json\/wp\/v2\/media\/3752"}],"wp:attachment":[{"href":"https:\/\/turkishtrade.co\/de\/wp-json\/wp\/v2\/media?parent=5592"}],"wp:term":[{"taxonomy":"product_brand","embeddable":true,"href":"https:\/\/turkishtrade.co\/de\/wp-json\/wp\/v2\/product_brand?post=5592"},{"taxonomy":"product_cat","embeddable":true,"href":"https:\/\/turkishtrade.co\/de\/wp-json\/wp\/v2\/product_cat?post=5592"},{"taxonomy":"product_tag","embeddable":true,"href":"https:\/\/turkishtrade.co\/de\/wp-json\/wp\/v2\/product_tag?post=5592"}],"curies":[{"name":"wp","href":"https:\/\/api.w.org\/{rel}","templated":true}]}}