{"id":5572,"date":"2026-01-14T12:16:59","date_gmt":"2026-01-14T12:16:59","guid":{"rendered":"https:\/\/turkishtrade.co\/product\/mens-leather-monk-strap-loafers\/"},"modified":"2026-04-09T19:30:26","modified_gmt":"2026-04-09T19:30:26","slug":"mens-leather-monk-strap-loafers","status":"publish","type":"product","link":"https:\/\/turkishtrade.co\/de\/shop\/mens-leather-monk-strap-loafers\/","title":{"rendered":"Premium Kalbsleder Herren Monk Strap Loafers"},"content":{"rendered":"<p><strong>Monk Strap Loafers aus Leder f\u00fcr Herren<\/strong><\/p>\n<p>Erweitern Sie Ihre Schuhkollektion mit unseren exquisiten <strong>Monk Strap Loafers aus Leder f\u00fcr Herren<\/strong>, eine wahre Verk\u00f6rperung von klassischem Stil und modernem Komfort. Diese Loafer wurden f\u00fcr den anspruchsvollen Gentleman entworfen und verbinden nahtlos Raffinesse mit Alltagstauglichkeit. Jedes Paar dieser erstklassigen <strong>Monk Strap Loafers aus Leder f\u00fcr Herren<\/strong> wird sorgf\u00e4ltig aus den besten Materialien hergestellt, um sowohl Haltbarkeit als auch ein luxuri\u00f6ses Gef\u00fchl zu gew\u00e4hrleisten, das den Test der Zeit \u00fcberdauert.<\/p>\n<p><h3>Un\u00fcbertroffene Handwerkskunst und hochwertige Materialien<\/h3>\n<\/p>\n<p>Das \u00c4u\u00dfere dieser au\u00dfergew\u00f6hnlichen <strong>Monk Strap Loafers aus Leder f\u00fcr Herren<\/strong> ist aus hochwertigem, echtem Kalbsleder gefertigt und bietet eine reiche Textur und ein elegantes Finish. Dieses hochwertige Kalbsleder sorgt nicht nur f\u00fcr einen edlen Look, sondern passt sich auch mit der Zeit an Ihren Fu\u00df an und sorgt so f\u00fcr eine individuelle Passform. Erg\u00e4nzend zum robusten \u00c4u\u00dferen ist das Innere mit weichem, atmungsaktivem Ziegenleder gef\u00fcttert, das ultimativen Komfort und ein weiches Gef\u00fchl bei jedem Schritt garantiert.<\/p>\n<p>Die durchdachte Kombination dieser hochwertigen Leder sorgt f\u00fcr einen anspruchsvollen Schuh, der den ganzen Tag \u00fcber Freude bereitet.<\/p>\n<p><h3>Entworfen f\u00fcr Komfort und Stil<\/h3>\n<\/p>\n<p>Komfort steht bei uns an erster Stelle <strong>Monk Strap Loafers aus Leder f\u00fcr Herren<\/strong>. Die leichte und dennoch elastische Eva-Sohle bietet hervorragende D\u00e4mpfung und Unterst\u00fctzung und ist somit perfekt f\u00fcr lange Tragezeiten, egal ob Sie durch die Stra\u00dfen der Stadt laufen oder an formellen Veranstaltungen teilnehmen. Mit einer klassischen Absatzh\u00f6he von 1 bis 3 cm bieten diese Loafer eine subtile Erh\u00f6hung, ohne auf Stabilit\u00e4t oder traditionelle Loafer-\u00c4sthetik zu verzichten.<\/p>\n<p>Das kultige M\u00f6nchsriemen-Design mit dem eleganten Schnallenverschluss verleiht diesen Schuhen einen Hauch von raffinierter Eleganz und hebt sie von herk\u00f6mmlichen Loafers ab.<\/p>\n<p><h3>Vielseitigkeit f\u00fcr jede Gelegenheit<\/h3>\n<\/p>\n<p>Unsere Sammlung von <strong>Monk Strap Loafers aus Leder f\u00fcr Herren<\/strong> ist in einer vielseitigen Gr\u00f6\u00dfenpalette von 39 bis 45 erh\u00e4ltlich, die einen breiten Kundenkreis anspricht. W\u00e4hlen Sie zwischen zeitlosem Braun, sattem Burgunderrot oder edlem Marineblau, um Ihre Garderobe perfekt zu erg\u00e4nzen. Diese vielseitigen Loafer lassen sich m\u00fchelos von der Business-Casual-Kleidung bis hin zu formelleren Ensembles kombinieren und sind damit eine unverzichtbare Erg\u00e4nzung f\u00fcr jeden Mann, der Wert auf Stil und Qualit\u00e4t legt.<\/p>\n<p>Ob zu einer ma\u00dfgeschneiderten Hose oder einer eleganten Jeans, diese <strong>Monk Strap Loafers aus Leder f\u00fcr Herren<\/strong> ein Zeichen setzen.<\/p>\n<p><h3>M\u00f6glichkeiten f\u00fcr den Gro\u00dfhandel<\/h3>\n<\/p>\n<p>Wir sind stolz darauf, Ihnen diese hochwertigen <strong>Monk Strap Loafers aus Leder f\u00fcr Herren<\/strong> f\u00fcr den Gro\u00dfhandelseinkauf. Mit einer Mindestbestellmenge von nur 8 Paar k\u00f6nnen sich Unternehmen problemlos mit diesen beliebten und modischen Schuhen eindecken. Profitieren Sie von wettbewerbsf\u00e4higen Preisen (siehe unsere Preisliste) und einer zuverl\u00e4ssigen Lieferzeit von 12 Tagen plus Versand. Investieren Sie in <strong>Monk Strap Loafers aus Leder f\u00fcr Herren<\/strong> die Kundenzufriedenheit und dauerhaften Stil versprechen.<\/p>","protected":false},"excerpt":{"rendered":"<ul>\n<li>Gefertigt aus hochwertigem Kalbsleder f\u00fcr einen reichen, anspruchsvollen Look.<\/li>\n<li>Das bequeme Ziegenlederfutter sorgt f\u00fcr Atmungsaktivit\u00e4t und Weichheit.<\/li>\n<li>Ausgestattet mit einer leichten und st\u00fctzenden Eva-Sohle f\u00fcr ganzt\u00e4gigen Komfort.<\/li>\n<li>Klassisches M\u00f6nchsriemen-Design mit elegantem Schnallenverschluss.<\/li>\n<li>Absatzh\u00f6he: Klassisch 1-3 cm f\u00fcr eine subtile Erh\u00f6hung.<\/li>\n<li>Gr\u00f6\u00dfen von EU 39 bis 45 erh\u00e4ltlich.<\/li>\n<li>Mindestbestellmenge: 8 Paare (Gro\u00dfhandelsauftr\u00e4ge willkommen).<\/li>\n<\/ul>","protected":false},"featured_media":3739,"template":"","meta":{"_acf_changed":false,"_uag_custom_page_level_css":"","site-sidebar-layout":"default","site-content-layout":"","ast-site-content-layout":"default","site-content-style":"default","site-sidebar-style":"default","ast-global-header-display":"","ast-banner-title-visibility":"","ast-main-header-display":"","ast-hfb-above-header-display":"","ast-hfb-below-header-display":"","ast-hfb-mobile-header-display":"","site-post-title":"","ast-breadcrumbs-content":"","ast-featured-img":"","footer-sml-layout":"","ast-disable-related-posts":"","theme-transparent-header-meta":"","adv-header-id-meta":"","stick-header-meta":"","header-above-stick-meta":"","header-main-stick-meta":"","header-below-stick-meta":"","astra-migrate-meta-layouts":"default","ast-page-background-enabled":"default","ast-page-background-meta":{"desktop":{"background-color":"var(--ast-global-color-4)","background-image":"","background-repeat":"repeat","background-position":"center center","background-size":"auto","background-attachment":"scroll","background-type":"","background-media":"","overlay-type":"","overlay-color":"","overlay-opacity":"","overlay-gradient":""},"tablet":{"background-color":"","background-image":"","background-repeat":"repeat","background-position":"center center","background-size":"auto","background-attachment":"scroll","background-type":"","background-media":"","overlay-type":"","overlay-color":"","overlay-opacity":"","overlay-gradient":""},"mobile":{"background-color":"","background-image":"","background-repeat":"repeat","background-position":"center center","background-size":"auto","background-attachment":"scroll","background-type":"","background-media":"","overlay-type":"","overlay-color":"","overlay-opacity":"","overlay-gradient":""}},"ast-content-background-meta":{"desktop":{"background-color":"var(--ast-global-color-5)","background-image":"","background-repeat":"repeat","background-position":"center center","background-size":"auto","background-attachment":"scroll","background-type":"","background-media":"","overlay-type":"","overlay-color":"","overlay-opacity":"","overlay-gradient":""},"tablet":{"background-color":"var(--ast-global-color-5)","background-image":"","background-repeat":"repeat","background-position":"center center","background-size":"auto","background-attachment":"scroll","background-type":"","background-media":"","overlay-type":"","overlay-color":"","overlay-opacity":"","overlay-gradient":""},"mobile":{"background-color":"var(--ast-global-color-5)","background-image":"","background-repeat":"repeat","background-position":"center center","background-size":"auto","background-attachment":"scroll","background-type":"","background-media":"","overlay-type":"","overlay-color":"","overlay-opacity":"","overlay-gradient":""}}},"product_brand":[],"product_cat":[47,430,40],"product_tag":[635,147,391,859,202,449,220,284,438,251,437,227,148,198,404,362,281],"class_list":{"0":"post-5572","1":"product","2":"type-product","3":"status-publish","4":"has-post-thumbnail","6":"product_cat-classic","7":"product_cat-men","8":"product_cat-mens-shoes","9":"product_tag-blue-loafers","10":"product_tag-brown-loafers","11":"product_tag-buckle-shoes","12":"product_tag-burgundy-loafers","13":"product_tag-calf-leather","14":"product_tag-casual-shoes","15":"product_tag-comfortable-loafers","16":"product_tag-dress-shoes","17":"product_tag-eva-sole","18":"product_tag-formal-shoes","19":"product_tag-goat-leather","20":"product_tag-leather-shoes","21":"product_tag-loafers","22":"product_tag-mens-fashion","23":"product_tag-monk-strap","24":"product_tag-premium-footwear","25":"product_tag-wholesale-shoes","26":"desktop-align-center","27":"tablet-align-center","28":"mobile-align-center","30":"first","31":"instock","32":"shipping-taxable","33":"purchasable","34":"product-type-variable","35":"has-default-attributes"},"acf":[],"uagb_featured_image_src":{"full":["https:\/\/turkishtrade.co\/wp-content\/uploads\/2026\/01\/2400EJOMN00330-DARK-BLUE-X_876-150-USD.png",453,250,false],"thumbnail":["https:\/\/turkishtrade.co\/wp-content\/uploads\/2026\/01\/2400EJOMN00330-DARK-BLUE-X_876-150-USD-150x150.png",150,150,true],"medium":["https:\/\/turkishtrade.co\/wp-content\/uploads\/2026\/01\/2400EJOMN00330-DARK-BLUE-X_876-150-USD-300x166.png",300,166,true],"medium_large":["https:\/\/turkishtrade.co\/wp-content\/uploads\/2026\/01\/2400EJOMN00330-DARK-BLUE-X_876-150-USD.png",453,250,false],"large":["https:\/\/turkishtrade.co\/wp-content\/uploads\/2026\/01\/2400EJOMN00330-DARK-BLUE-X_876-150-USD.png",453,250,false],"1536x1536":["https:\/\/turkishtrade.co\/wp-content\/uploads\/2026\/01\/2400EJOMN00330-DARK-BLUE-X_876-150-USD.png",453,250,false],"2048x2048":["https:\/\/turkishtrade.co\/wp-content\/uploads\/2026\/01\/2400EJOMN00330-DARK-BLUE-X_876-150-USD.png",453,250,false],"trp-custom-language-flag":["https:\/\/turkishtrade.co\/wp-content\/uploads\/2026\/01\/2400EJOMN00330-DARK-BLUE-X_876-150-USD-18x10.png",18,10,true],"woocommerce_thumbnail":["https:\/\/turkishtrade.co\/wp-content\/uploads\/2026\/01\/2400EJOMN00330-DARK-BLUE-X_876-150-USD-400x250.png",400,250,true],"woocommerce_single":["https:\/\/turkishtrade.co\/wp-content\/uploads\/2026\/01\/2400EJOMN00330-DARK-BLUE-X_876-150-USD.png",453,250,false],"woocommerce_gallery_thumbnail":["https:\/\/turkishtrade.co\/wp-content\/uploads\/2026\/01\/2400EJOMN00330-DARK-BLUE-X_876-150-USD-100x100.png",100,100,true]},"uagb_author_info":{"display_name":"yaser olabi","author_link":"https:\/\/turkishtrade.co\/de\/author\/"},"uagb_comment_info":0,"uagb_excerpt":"Crafted from premium calf leather for a rich, sophisticated look. Features a comfortable goat leather lining for breathability and softness. Equipped with a lightweight and supportive Eva sole for all-day comfort. Classic monk strap design with elegant buckle closure. Heel height: Classic 1-3 cm for subtle elevation. Sizes available from EU 39 to 45. Minimum&hellip;","_links":{"self":[{"href":"https:\/\/turkishtrade.co\/de\/wp-json\/wp\/v2\/product\/5572","targetHints":{"allow":["GET"]}}],"collection":[{"href":"https:\/\/turkishtrade.co\/de\/wp-json\/wp\/v2\/product"}],"about":[{"href":"https:\/\/turkishtrade.co\/de\/wp-json\/wp\/v2\/types\/product"}],"wp:featuredmedia":[{"embeddable":true,"href":"https:\/\/turkishtrade.co\/de\/wp-json\/wp\/v2\/media\/3739"}],"wp:attachment":[{"href":"https:\/\/turkishtrade.co\/de\/wp-json\/wp\/v2\/media?parent=5572"}],"wp:term":[{"taxonomy":"product_brand","embeddable":true,"href":"https:\/\/turkishtrade.co\/de\/wp-json\/wp\/v2\/product_brand?post=5572"},{"taxonomy":"product_cat","embeddable":true,"href":"https:\/\/turkishtrade.co\/de\/wp-json\/wp\/v2\/product_cat?post=5572"},{"taxonomy":"product_tag","embeddable":true,"href":"https:\/\/turkishtrade.co\/de\/wp-json\/wp\/v2\/product_tag?post=5572"}],"curies":[{"name":"wp","href":"https:\/\/api.w.org\/{rel}","templated":true}]}}