{"id":5567,"date":"2026-01-14T12:16:20","date_gmt":"2026-01-14T12:16:20","guid":{"rendered":"https:\/\/turkishtrade.co\/product\/mens-black-leather-derby-shoes-5\/"},"modified":"2026-04-09T19:30:34","modified_gmt":"2026-04-09T19:30:34","slug":"mens-black-leather-derby-shoes-5","status":"publish","type":"product","link":"https:\/\/turkishtrade.co\/de\/shop\/mens-black-leather-derby-shoes-5\/","title":{"rendered":"Herren Premium Derby-Schuhe aus schwarzem Leder mit dicker EVA-Sohle"},"content":{"rendered":"<p><strong>Herren Derby-Schuhe aus schwarzem Leder<\/strong><\/p>\n<p>Erleben Sie unvergleichlichen Stil und Komfort mit unserem exquisiten <strong>Herren Derby-Schuhe aus schwarzem Leder<\/strong>. Diese Schuhe wurden f\u00fcr den anspruchsvollen Gentleman entworfen und vereinen klassische Eleganz mit moderner Funktionalit\u00e4t. Ob Sie zu einem wichtigen Gesch\u00e4ftstreffen oder einer formellen Veranstaltung gehen oder einfach nur anspruchsvolle Alltagskleidung suchen, unsere <strong>Herren Derby-Schuhe aus schwarzem Leder<\/strong> sind Ihre ideale Wahl.<\/p>\n<p><h3>Un\u00fcbertroffene Handwerkskunst und hochwertige Materialien<\/h3>\n<\/p>\n<p>Jedes Paar dieser hochwertigen Derby-Schuhe wird sorgf\u00e4ltig aus den besten Materialien hergestellt. Das \u00c4u\u00dfere besteht aus echtem Kalbsleder, das f\u00fcr seine glatte Textur, sein luxuri\u00f6ses Aussehen und seine au\u00dfergew\u00f6hnliche Haltbarkeit bekannt ist. Dieses hochwertige Kalbsleder sorgt daf\u00fcr, dass Ihre <strong>Herren Derby-Schuhe aus schwarzem Leder<\/strong> sieht nicht nur atemberaubend aus, sondern \u00fcberdauert auch die Zeit und entwickelt mit der Zeit eine sch\u00f6ne Patina.<\/p>\n<p>Erg\u00e4nzend zum robusten \u00c4u\u00dferen ist das Innere mit weichem, geschmeidigem Ziegenleder gef\u00fcttert, das eine unglaublich komfortable und atmungsaktive Umgebung f\u00fcr Ihre F\u00fc\u00dfe bietet. Diese durchdachte Materialkombination garantiert ein luxuri\u00f6ses Erlebnis vom ersten Moment an, wenn Sie diese bemerkenswerten Schuhe anziehen. <strong>Herren Derby-Schuhe aus schwarzem Leder<\/strong>.<\/p>\n<p><h3>Fortschrittlicher Komfort mit EVA-Sohlentechnologie<\/h3>\n<\/p>\n<p>Komfort ist oberstes Gebot, und unser <strong>Herren Derby-Schuhe aus schwarzem Leder<\/strong> liefern sie in H\u00fclle und F\u00fclle. Das herausragende Merkmal ist die innovative EVA-Sohle (Ethylen-Vinylacetat). Dieses leichte, flexible und sto\u00dfd\u00e4mpfende Material bietet eine hervorragende D\u00e4mpfung und reduziert die Erm\u00fcdung des Fu\u00dfes auch nach stundenlangem Tragen.<\/p>\n<p>Die dicke EVA-Sohle sorgt nicht nur f\u00fcr eine zeitgem\u00e4\u00dfe \u00c4sthetik, sondern auch f\u00fcr einen hohen Komfort, so dass diese <strong>Herren Derby-Schuhe aus schwarzem Leder<\/strong> eine praktische Wahl f\u00fcr dynamische Lebensstile. Erleben Sie einen schwungvollen Schritt, den traditionelle Sohlen einfach nicht bieten k\u00f6nnen.<\/p>\n<p><h3>Vielseitigkeit f\u00fcr jede Gelegenheit<\/h3>\n<\/p>\n<p>Die zeitlose schwarze Farbe und die klassische Derby-Silhouette sorgen daf\u00fcr, dass diese Schuhe unglaublich vielseitig sind. Kombinieren Sie Ihr <strong>Herren Derby-Schuhe aus schwarzem Leder<\/strong> mit einem scharfen Anzug f\u00fcr einen professionellen Look oder mit Chinos und einem schicken Hemd f\u00fcr ein elegantes Freizeitoutfit.<\/p>\n<p>Ihre Anpassungsf\u00e4higkeit macht sie zu einer unverzichtbaren Erg\u00e4nzung f\u00fcr die Garderobe eines modernen Mannes. Von formellen Anl\u00e4ssen bis hin zu eleganten Freizeitausfl\u00fcgen, diese <strong>Herren Derby-Schuhe aus schwarzem Leder<\/strong> sich m\u00fchelos in Ihren Zeitplan einf\u00fcgen.<\/p>\n<p><h3>Gr\u00f6\u00dfenordnung und Gro\u00dfhandelsm\u00f6glichkeiten<\/h3>\n<\/p>\n<p>Mit einem umfassenden Angebot an Gr\u00f6\u00dfen von EU 39 bis 45 ist es einfach, die perfekte Passform zu finden. Wir wenden uns sowohl an Privatkunden, die Qualit\u00e4t und Stil suchen, als auch an Unternehmen, die hochwertige Schuhe f\u00fcr ihre Kundschaft suchen. Wir bieten flexible Gro\u00dfhandelsoptionen mit einer Mindestbestellmenge von nur 8 Paar.<\/p>\n<p>F\u00fcr gr\u00f6\u00dfere Mengen sind attraktive Gro\u00dfhandelspreise auf Anfrage erh\u00e4ltlich. Genie\u00dfen Sie eine zuverl\u00e4ssige Lieferung: Bestellungen werden innerhalb von 12 Tagen plus Versandzeit verschickt. Investieren Sie in Qualit\u00e4t, investieren Sie in Stil mit unseren au\u00dfergew\u00f6hnlichen <strong>Herren Derby-Schuhe aus schwarzem Leder<\/strong>.<\/p>","protected":false},"excerpt":{"rendered":"<ul>\n<li><strong>Hochwertige Materialien:<\/strong> Au\u00dfen aus echtem Kalbsleder und innen aus weichem Ziegenleder f\u00fcr ultimativen Komfort und Haltbarkeit.<\/li>\n<li><strong>Komfortbetonte Sohle:<\/strong> Die leichte und sto\u00dfd\u00e4mpfende EVA-Sohle bietet eine hervorragende D\u00e4mpfung f\u00fcr ganzt\u00e4gigen Tragekomfort.<\/li>\n<li><strong>Vielseitiger Stil:<\/strong> Klassischer schwarzer Derby, der sich sowohl f\u00fcr formelle Gesch\u00e4ftsanl\u00e4sse als auch f\u00fcr elegante Freizeitaktivit\u00e4ten eignet.<\/li>\n<li><strong>Verf\u00fcgbare Gr\u00f6\u00dfen:<\/strong> Umfassendes Angebot von EU 39 bis 45, das eine perfekte Passform f\u00fcr verschiedene Fu\u00dfgr\u00f6\u00dfen gew\u00e4hrleistet.<\/li>\n<li><strong>Bulk-Verf\u00fcgbarkeit:<\/strong> Mindestbestellmenge von 8 Paaren. Gro\u00dfhandelspreise und flexible Lieferung (12 Tage + Versand) f\u00fcr gr\u00f6\u00dfere Bestellungen m\u00f6glich.<\/li>\n<\/ul>","protected":false},"featured_media":3734,"template":"","meta":{"_acf_changed":false,"_uag_custom_page_level_css":"","site-sidebar-layout":"default","site-content-layout":"","ast-site-content-layout":"default","site-content-style":"default","site-sidebar-style":"default","ast-global-header-display":"","ast-banner-title-visibility":"","ast-main-header-display":"","ast-hfb-above-header-display":"","ast-hfb-below-header-display":"","ast-hfb-mobile-header-display":"","site-post-title":"","ast-breadcrumbs-content":"","ast-featured-img":"","footer-sml-layout":"","ast-disable-related-posts":"","theme-transparent-header-meta":"","adv-header-id-meta":"","stick-header-meta":"","header-above-stick-meta":"","header-main-stick-meta":"","header-below-stick-meta":"","astra-migrate-meta-layouts":"default","ast-page-background-enabled":"default","ast-page-background-meta":{"desktop":{"background-color":"var(--ast-global-color-4)","background-image":"","background-repeat":"repeat","background-position":"center center","background-size":"auto","background-attachment":"scroll","background-type":"","background-media":"","overlay-type":"","overlay-color":"","overlay-opacity":"","overlay-gradient":""},"tablet":{"background-color":"","background-image":"","background-repeat":"repeat","background-position":"center center","background-size":"auto","background-attachment":"scroll","background-type":"","background-media":"","overlay-type":"","overlay-color":"","overlay-opacity":"","overlay-gradient":""},"mobile":{"background-color":"","background-image":"","background-repeat":"repeat","background-position":"center center","background-size":"auto","background-attachment":"scroll","background-type":"","background-media":"","overlay-type":"","overlay-color":"","overlay-opacity":"","overlay-gradient":""}},"ast-content-background-meta":{"desktop":{"background-color":"var(--ast-global-color-5)","background-image":"","background-repeat":"repeat","background-position":"center center","background-size":"auto","background-attachment":"scroll","background-type":"","background-media":"","overlay-type":"","overlay-color":"","overlay-opacity":"","overlay-gradient":""},"tablet":{"background-color":"var(--ast-global-color-5)","background-image":"","background-repeat":"repeat","background-position":"center center","background-size":"auto","background-attachment":"scroll","background-type":"","background-media":"","overlay-type":"","overlay-color":"","overlay-opacity":"","overlay-gradient":""},"mobile":{"background-color":"var(--ast-global-color-5)","background-image":"","background-repeat":"repeat","background-position":"center center","background-size":"auto","background-attachment":"scroll","background-type":"","background-media":"","overlay-type":"","overlay-color":"","overlay-opacity":"","overlay-gradient":""}}},"product_brand":[],"product_cat":[47,430,40],"product_tag":[605,405,202,449,212,438,251,437,227,225,400,210,281],"class_list":{"0":"post-5567","1":"product","2":"type-product","3":"status-publish","4":"has-post-thumbnail","6":"product_cat-classic","7":"product_cat-men","8":"product_cat-mens-shoes","9":"product_tag-black-shoes","10":"product_tag-business-shoes","11":"product_tag-calf-leather","12":"product_tag-casual-shoes","13":"product_tag-derby-shoes","14":"product_tag-eva-sole","15":"product_tag-formal-shoes","16":"product_tag-goat-leather","17":"product_tag-leather-shoes","18":"product_tag-mens-footwear","19":"product_tag-platform-shoes","20":"product_tag-smart-casual","21":"product_tag-wholesale-shoes","22":"desktop-align-center","23":"tablet-align-center","24":"mobile-align-center","26":"first","27":"instock","28":"shipping-taxable","29":"purchasable","30":"product-type-variable","31":"has-default-attributes"},"acf":[],"uagb_featured_image_src":{"full":["https:\/\/turkishtrade.co\/wp-content\/uploads\/2026\/01\/2400EJOMN00327-BLACK-12660_1-3-usd-en-az-200-cift.png",453,250,false],"thumbnail":["https:\/\/turkishtrade.co\/wp-content\/uploads\/2026\/01\/2400EJOMN00327-BLACK-12660_1-3-usd-en-az-200-cift-150x150.png",150,150,true],"medium":["https:\/\/turkishtrade.co\/wp-content\/uploads\/2026\/01\/2400EJOMN00327-BLACK-12660_1-3-usd-en-az-200-cift-300x166.png",300,166,true],"medium_large":["https:\/\/turkishtrade.co\/wp-content\/uploads\/2026\/01\/2400EJOMN00327-BLACK-12660_1-3-usd-en-az-200-cift.png",453,250,false],"large":["https:\/\/turkishtrade.co\/wp-content\/uploads\/2026\/01\/2400EJOMN00327-BLACK-12660_1-3-usd-en-az-200-cift.png",453,250,false],"1536x1536":["https:\/\/turkishtrade.co\/wp-content\/uploads\/2026\/01\/2400EJOMN00327-BLACK-12660_1-3-usd-en-az-200-cift.png",453,250,false],"2048x2048":["https:\/\/turkishtrade.co\/wp-content\/uploads\/2026\/01\/2400EJOMN00327-BLACK-12660_1-3-usd-en-az-200-cift.png",453,250,false],"trp-custom-language-flag":["https:\/\/turkishtrade.co\/wp-content\/uploads\/2026\/01\/2400EJOMN00327-BLACK-12660_1-3-usd-en-az-200-cift-18x10.png",18,10,true],"woocommerce_thumbnail":["https:\/\/turkishtrade.co\/wp-content\/uploads\/2026\/01\/2400EJOMN00327-BLACK-12660_1-3-usd-en-az-200-cift-400x250.png",400,250,true],"woocommerce_single":["https:\/\/turkishtrade.co\/wp-content\/uploads\/2026\/01\/2400EJOMN00327-BLACK-12660_1-3-usd-en-az-200-cift.png",453,250,false],"woocommerce_gallery_thumbnail":["https:\/\/turkishtrade.co\/wp-content\/uploads\/2026\/01\/2400EJOMN00327-BLACK-12660_1-3-usd-en-az-200-cift-100x100.png",100,100,true]},"uagb_author_info":{"display_name":"yaser olabi","author_link":"https:\/\/turkishtrade.co\/de\/author\/"},"uagb_comment_info":0,"uagb_excerpt":"Premium Materials: Crafted with genuine calf leather exterior and soft goat leather interior for ultimate comfort and durability. Comfort-Focused Sole: Features a lightweight and shock-absorbent EVA sole, providing superior cushioning for all-day wear. Versatile Style: Classic black derby design suitable for both formal business settings and smart casual occasions. Available Sizes: Comprehensive range from EU&hellip;","_links":{"self":[{"href":"https:\/\/turkishtrade.co\/de\/wp-json\/wp\/v2\/product\/5567","targetHints":{"allow":["GET"]}}],"collection":[{"href":"https:\/\/turkishtrade.co\/de\/wp-json\/wp\/v2\/product"}],"about":[{"href":"https:\/\/turkishtrade.co\/de\/wp-json\/wp\/v2\/types\/product"}],"wp:featuredmedia":[{"embeddable":true,"href":"https:\/\/turkishtrade.co\/de\/wp-json\/wp\/v2\/media\/3734"}],"wp:attachment":[{"href":"https:\/\/turkishtrade.co\/de\/wp-json\/wp\/v2\/media?parent=5567"}],"wp:term":[{"taxonomy":"product_brand","embeddable":true,"href":"https:\/\/turkishtrade.co\/de\/wp-json\/wp\/v2\/product_brand?post=5567"},{"taxonomy":"product_cat","embeddable":true,"href":"https:\/\/turkishtrade.co\/de\/wp-json\/wp\/v2\/product_cat?post=5567"},{"taxonomy":"product_tag","embeddable":true,"href":"https:\/\/turkishtrade.co\/de\/wp-json\/wp\/v2\/product_tag?post=5567"}],"curies":[{"name":"wp","href":"https:\/\/api.w.org\/{rel}","templated":true}]}}