{"id":5550,"date":"2026-01-14T12:13:57","date_gmt":"2026-01-14T12:13:57","guid":{"rendered":"https:\/\/turkishtrade.co\/product\/mens-navy-leather-derby-shoes-2\/"},"modified":"2026-04-09T19:31:03","modified_gmt":"2026-04-09T19:31:03","slug":"mens-navy-leather-derby-shoes-2","status":"publish","type":"product","link":"https:\/\/turkishtrade.co\/de\/shop\/mens-navy-leather-derby-shoes-2\/","title":{"rendered":"Marineblaue Herren Derby-Schuhe aus Kalbsleder mit EVA-Sohle"},"content":{"rendered":"<p><strong>Marineblaue Leder-Derby-Schuhe f\u00fcr M\u00e4nner<\/strong><\/p>\n<p>Entdecken Sie den Inbegriff von anspruchsvollem Stil und unvergleichlichem Komfort mit unseren exquisiten <strong>Marineblaue Leder-Derby-Schuhe f\u00fcr M\u00e4nner<\/strong>. Diese sorgf\u00e4ltig f\u00fcr den modernen Gentleman gefertigten Schuhe vereinen klassisches Design mit zeitgem\u00e4\u00dfen Merkmalen, was sie zu einer unverzichtbaren Erg\u00e4nzung f\u00fcr jede anspruchsvolle Garderobe macht. Egal, ob Sie sich f\u00fcr eine legere Gesch\u00e4ftsveranstaltung, einen Wochenendausflug oder einen besonderen Anlass kleiden, diese marineblauen Derby-Schuhe bieten das perfekte Gleichgewicht zwischen Eleganz und Zweckm\u00e4\u00dfigkeit.<\/p>\n<p><h3>Un\u00fcbertroffene Handwerkskunst und hochwertige Materialien<\/h3>\n<\/p>\n<p>Jedes Paar unserer <strong>Marineblaue Leder-Derby-Schuhe f\u00fcr M\u00e4nner<\/strong> ist ein Zeugnis h\u00f6chster Handwerkskunst. Das Obermaterial besteht aus hochwertigem Kalbsleder, das f\u00fcr seine geschmeidige Textur, au\u00dfergew\u00f6hnliche Haltbarkeit und seinen luxuri\u00f6sen Glanz bekannt ist. Dieses erstklassige Leder sorgt nicht nur f\u00fcr eine raffinierte \u00c4sthetik, sondern verspricht auch Langlebigkeit, da es sich mit der Zeit wunderbar an Ihren Fu\u00df anschmiegt.<\/p>\n<p>Erg\u00e4nzend zum robusten \u00c4u\u00dferen ist das Innere der Schuhe mit weichem Ziegenleder gef\u00fcttert, das ein unglaublich komfortables und atmungsaktives Umfeld f\u00fcr Ihre F\u00fc\u00dfe bietet. Diese durchdachte Materialkombination garantiert ein hervorragendes Tragegef\u00fchl vom ersten Moment an.<\/p>\n<p><h3>Komfort und Stil bei jedem Schritt<\/h3>\n<\/p>\n<p>Diese bemerkenswerten, f\u00fcr ganzt\u00e4gigen Komfort konzipierten <strong>Marineblaue Leder-Derby-Schuhe f\u00fcr M\u00e4nner<\/strong> sind mit einer leichten und flexiblen EVA-Sohle ausgestattet. Die EVA-Sohlentechnologie absorbiert St\u00f6\u00dfe, reduziert Erm\u00fcdungserscheinungen und bietet exzellenten Grip, was einen stabilen und bequemen Gang durch den Tag gew\u00e4hrleistet. Die klassische Derby-Silhouette zum Schn\u00fcren, die sich durch ein offenes Schn\u00fcrsystem auszeichnet, sorgt f\u00fcr einen vielseitigen Look, der nahtlos von formellen Hosen zu eleganten Casual-Chinos oder Jeans \u00fcbergehen kann.<\/p>\n<p>Der satte marineblaue Farbton verleiht dem zeitlosen Design eine moderne Note und macht sie zur idealen <strong>Marineblaue Leder-Derby-Schuhe f\u00fcr M\u00e4nner<\/strong> f\u00fcr alle, die schlichte Eleganz sch\u00e4tzen.<\/p>\n<p><h3>Ideal f\u00fcr Einzelh\u00e4ndler und Gro\u00dfbestellungen<\/h3>\n<\/p>\n<p>F\u00fcr Einzelh\u00e4ndler und Unternehmen, die hochwertige Schuhe anbieten m\u00f6chten, ist unser <strong>Marineblaue Leder-Derby-Schuhe f\u00fcr M\u00e4nner<\/strong> sind f\u00fcr den Gro\u00dfeinkauf verf\u00fcgbar. Wir halten eine Mindestbestellmenge von 8 Paaren ein, um Ihren Lagerbedarf effizient zu decken. Wir sind bestrebt, au\u00dfergew\u00f6hnliche Produkte zu liefern, die den Anforderungen des Marktes entsprechen, und diese vielseitigen Derby-Schuhe aus marineblauem Leder werden sicher eine beliebte Wahl bei Ihren Kunden sein.<\/p>\n<p>Mit einer gesch\u00e4tzten Lieferzeit von 12 Tagen plus Versand k\u00f6nnen Sie Ihren Bestand sicher planen. Werten Sie Ihre Schuhkollektion auf und beeindrucken Sie Ihre Kunden mit diesen stilvollen und bequemen <strong>Marineblaue Leder-Derby-Schuhe f\u00fcr M\u00e4nner<\/strong>.<\/p>","protected":false},"excerpt":{"rendered":"<ul>\n<li>Hochwertiges Kalbsleder f\u00fcr einen anspruchsvollen Look.<\/li>\n<li>Innenfutter aus weichem Ziegenleder f\u00fcr h\u00f6chsten Komfort und Atmungsaktivit\u00e4t.<\/li>\n<li>Leichte und flexible EVA-Sohle f\u00fcr ganzt\u00e4gigen Tragekomfort und hervorragende D\u00e4mpfung.<\/li>\n<li>Klassischer Derby zum Schn\u00fcren in einem vielseitigen marineblauen Farbton.<\/li>\n<li>Erh\u00e4ltlich in einer umfassenden Palette von Gr\u00f6\u00dfen: 39, 40, 41, 42, 43, 44, 45.<\/li>\n<li>Mindestbestellmenge: 8 Paar, ideal f\u00fcr Gro\u00df- und Einzelhandelspartner.<\/li>\n<li>Gesch\u00e4tzte Lieferzeit: 12 Tage plus Versand.<\/li>\n<\/ul>","protected":false},"featured_media":3725,"template":"","meta":{"_acf_changed":false,"_uag_custom_page_level_css":"","site-sidebar-layout":"default","site-content-layout":"","ast-site-content-layout":"default","site-content-style":"default","site-sidebar-style":"default","ast-global-header-display":"","ast-banner-title-visibility":"","ast-main-header-display":"","ast-hfb-above-header-display":"","ast-hfb-below-header-display":"","ast-hfb-mobile-header-display":"","site-post-title":"","ast-breadcrumbs-content":"","ast-featured-img":"","footer-sml-layout":"","ast-disable-related-posts":"","theme-transparent-header-meta":"","adv-header-id-meta":"","stick-header-meta":"","header-above-stick-meta":"","header-main-stick-meta":"","header-below-stick-meta":"","astra-migrate-meta-layouts":"default","ast-page-background-enabled":"default","ast-page-background-meta":{"desktop":{"background-color":"var(--ast-global-color-4)","background-image":"","background-repeat":"repeat","background-position":"center center","background-size":"auto","background-attachment":"scroll","background-type":"","background-media":"","overlay-type":"","overlay-color":"","overlay-opacity":"","overlay-gradient":""},"tablet":{"background-color":"","background-image":"","background-repeat":"repeat","background-position":"center center","background-size":"auto","background-attachment":"scroll","background-type":"","background-media":"","overlay-type":"","overlay-color":"","overlay-opacity":"","overlay-gradient":""},"mobile":{"background-color":"","background-image":"","background-repeat":"repeat","background-position":"center center","background-size":"auto","background-attachment":"scroll","background-type":"","background-media":"","overlay-type":"","overlay-color":"","overlay-opacity":"","overlay-gradient":""}},"ast-content-background-meta":{"desktop":{"background-color":"var(--ast-global-color-5)","background-image":"","background-repeat":"repeat","background-position":"center center","background-size":"auto","background-attachment":"scroll","background-type":"","background-media":"","overlay-type":"","overlay-color":"","overlay-opacity":"","overlay-gradient":""},"tablet":{"background-color":"var(--ast-global-color-5)","background-image":"","background-repeat":"repeat","background-position":"center center","background-size":"auto","background-attachment":"scroll","background-type":"","background-media":"","overlay-type":"","overlay-color":"","overlay-opacity":"","overlay-gradient":""},"mobile":{"background-color":"var(--ast-global-color-5)","background-image":"","background-repeat":"repeat","background-position":"center center","background-size":"auto","background-attachment":"scroll","background-type":"","background-media":"","overlay-type":"","overlay-color":"","overlay-opacity":"","overlay-gradient":""}}},"product_brand":[],"product_cat":[47,430,40],"product_tag":[629,513,566,213,809,290,438,959,189,958,310,198,397,281],"class_list":{"0":"post-5550","1":"product","2":"type-product","3":"status-publish","4":"has-post-thumbnail","6":"product_cat-classic","7":"product_cat-men","8":"product_cat-mens-shoes","9":"product_tag-bulk-order-shoes","10":"product_tag-business-casual-shoes","11":"product_tag-calfskin-shoes","12":"product_tag-casual-dress-shoes","13":"product_tag-classic-mens-footwear","14":"product_tag-comfortable-mens-shoes","15":"product_tag-eva-sole","16":"product_tag-formal-casual-shoes","17":"product_tag-goat-leather-lining","18":"product_tag-leather-lace-up-shoes","19":"product_tag-mens-derby-shoes","20":"product_tag-mens-fashion","21":"product_tag-navy-leather-shoes","22":"product_tag-wholesale-shoes","23":"desktop-align-center","24":"tablet-align-center","25":"mobile-align-center","27":"first","28":"instock","29":"shipping-taxable","30":"purchasable","31":"product-type-variable","32":"has-default-attributes"},"acf":[],"uagb_featured_image_src":{"full":["https:\/\/turkishtrade.co\/wp-content\/uploads\/2026\/01\/2400EJOMN00318-BLACK-C_872-4-USD.png",453,250,false],"thumbnail":["https:\/\/turkishtrade.co\/wp-content\/uploads\/2026\/01\/2400EJOMN00318-BLACK-C_872-4-USD-150x150.png",150,150,true],"medium":["https:\/\/turkishtrade.co\/wp-content\/uploads\/2026\/01\/2400EJOMN00318-BLACK-C_872-4-USD-300x166.png",300,166,true],"medium_large":["https:\/\/turkishtrade.co\/wp-content\/uploads\/2026\/01\/2400EJOMN00318-BLACK-C_872-4-USD.png",453,250,false],"large":["https:\/\/turkishtrade.co\/wp-content\/uploads\/2026\/01\/2400EJOMN00318-BLACK-C_872-4-USD.png",453,250,false],"1536x1536":["https:\/\/turkishtrade.co\/wp-content\/uploads\/2026\/01\/2400EJOMN00318-BLACK-C_872-4-USD.png",453,250,false],"2048x2048":["https:\/\/turkishtrade.co\/wp-content\/uploads\/2026\/01\/2400EJOMN00318-BLACK-C_872-4-USD.png",453,250,false],"trp-custom-language-flag":["https:\/\/turkishtrade.co\/wp-content\/uploads\/2026\/01\/2400EJOMN00318-BLACK-C_872-4-USD-18x10.png",18,10,true],"woocommerce_thumbnail":["https:\/\/turkishtrade.co\/wp-content\/uploads\/2026\/01\/2400EJOMN00318-BLACK-C_872-4-USD-400x250.png",400,250,true],"woocommerce_single":["https:\/\/turkishtrade.co\/wp-content\/uploads\/2026\/01\/2400EJOMN00318-BLACK-C_872-4-USD.png",453,250,false],"woocommerce_gallery_thumbnail":["https:\/\/turkishtrade.co\/wp-content\/uploads\/2026\/01\/2400EJOMN00318-BLACK-C_872-4-USD-100x100.png",100,100,true]},"uagb_author_info":{"display_name":"yaser olabi","author_link":"https:\/\/turkishtrade.co\/de\/author\/"},"uagb_comment_info":0,"uagb_excerpt":"Premium calfskin leather exterior for a sophisticated look. Soft goat leather interior lining for superior comfort and breathability. Lightweight and flexible EVA sole for all-day wear and excellent cushioning. Classic lace-up Derby design in a versatile navy blue hue. Available in a comprehensive range of sizes: 39, 40, 41, 42, 43, 44, 45. Minimum order&hellip;","_links":{"self":[{"href":"https:\/\/turkishtrade.co\/de\/wp-json\/wp\/v2\/product\/5550","targetHints":{"allow":["GET"]}}],"collection":[{"href":"https:\/\/turkishtrade.co\/de\/wp-json\/wp\/v2\/product"}],"about":[{"href":"https:\/\/turkishtrade.co\/de\/wp-json\/wp\/v2\/types\/product"}],"wp:featuredmedia":[{"embeddable":true,"href":"https:\/\/turkishtrade.co\/de\/wp-json\/wp\/v2\/media\/3725"}],"wp:attachment":[{"href":"https:\/\/turkishtrade.co\/de\/wp-json\/wp\/v2\/media?parent=5550"}],"wp:term":[{"taxonomy":"product_brand","embeddable":true,"href":"https:\/\/turkishtrade.co\/de\/wp-json\/wp\/v2\/product_brand?post=5550"},{"taxonomy":"product_cat","embeddable":true,"href":"https:\/\/turkishtrade.co\/de\/wp-json\/wp\/v2\/product_cat?post=5550"},{"taxonomy":"product_tag","embeddable":true,"href":"https:\/\/turkishtrade.co\/de\/wp-json\/wp\/v2\/product_tag?post=5550"}],"curies":[{"name":"wp","href":"https:\/\/api.w.org\/{rel}","templated":true}]}}