{"id":5546,"date":"2026-01-14T12:13:23","date_gmt":"2026-01-14T12:13:23","guid":{"rendered":"https:\/\/turkishtrade.co\/product\/mens-leather-derby-shoes-7\/"},"modified":"2026-04-09T19:31:10","modified_gmt":"2026-04-09T19:31:10","slug":"mens-leather-derby-shoes-7","status":"publish","type":"product","link":"https:\/\/turkishtrade.co\/de\/shop\/mens-leather-derby-shoes-7\/","title":{"rendered":"Herren Premium Braun Leder Derby Schuhe"},"content":{"rendered":"<p><strong>Herren Leder Derby Schuhe<\/strong><\/p>\n<p>Erweitern Sie Ihre Schuhkollektion mit unseren exquisiten <b>Herren Premium Braun Leder Derby Schuhe<\/b>, die sorgf\u00e4ltig f\u00fcr den modernen Gentleman gefertigt wurden. Diese anspruchsvollen <b>Herren Leder Derby Schuhe<\/b> vereinen nahtlos klassisches Design mit modernem Komfort und sind damit eine unverzichtbare Erg\u00e4nzung f\u00fcr jede Garderobe. Jedes Paar besticht durch hervorragende Handwerkskunst und Liebe zum Detail und verspricht, Ihren Stil \u00fcber Jahre hinweg zu verbessern.<\/p>\n<p><h3>Un\u00fcbertroffene Handwerkskunst und hochwertige Materialien<\/h3>\n<\/p>\n<p>Unser <b>Herren Leder Derby Schuhe<\/b> werden aus den besten Materialien hergestellt, um sowohl Luxus als auch Langlebigkeit zu gew\u00e4hrleisten. Das \u00c4u\u00dfere besteht aus reichhaltigem, geschmeidigem Kalbsleder, das f\u00fcr seine glatte Textur und bemerkenswerte Haltbarkeit bekannt ist. Die Seitenteile sind mit einem stilvollen, strukturierten Lederdetail versehen, das einen subtilen Kontrast bietet und die Gesamt\u00e4sthetik aufwertet.<\/p>\n<p>Das Innere ist mit weichem, atmungsaktivem Ziegenleder gef\u00fcttert, das f\u00fcr au\u00dfergew\u00f6hnlichen Komfort und feuchtigkeitsableitende Eigenschaften sorgt, damit sich Ihre F\u00fc\u00dfe den ganzen Tag \u00fcber wohl f\u00fchlen. Diese durchdachte Kombination von Premium-Leder spricht B\u00e4nde \u00fcber die Qualit\u00e4t, die Sie mit diesen au\u00dfergew\u00f6hnlichen Schuhen erleben werden. <b>Herren Leder Derby Schuhe<\/b>.<\/p>\n<p><h3>Komfort und Design f\u00fcr jeden Schritt<\/h3>\n<\/p>\n<p>Abgesehen von ihrem auff\u00e4lligen \u00c4u\u00dferen, sind diese <b>Herren Leder Derby Schuhe<\/b> wurden f\u00fcr ultimativen Komfort entwickelt. Die innovative EVA-Sohle sorgt f\u00fcr leichte D\u00e4mpfung und Flexibilit\u00e4t und absorbiert St\u00f6\u00dfe bei jedem Schritt. Diese moderne Sohlentechnologie, gepaart mit einer klassischen Absatzh\u00f6he von 1 bis 3 cm, sorgt f\u00fcr Stabilit\u00e4t und Bewegungsfreiheit, ganz gleich, ob Sie durch die Stra\u00dfen der Stadt laufen oder l\u00e4ngere Zeit stehen.<\/p>\n<p>Die klassische Schn\u00fcrung bietet eine sichere und verstellbare Passform, w\u00e4hrend die elegante mandelf\u00f6rmige Zehenform viel Platz bietet, ohne dabei Kompromisse beim Stil einzugehen. Diese Schuhe sind wirklich vielseitig <b>Herren Leder Derby Schuhe<\/b> die Ihr Wohlbefinden in den Vordergrund stellen.<\/p>\n<p><h3>Vielseitiger Stil f\u00fcr jede Gelegenheit<\/h3>\n<\/p>\n<p>Der zeitlose braune Farbton und das raffinierte Design machen diese <b>Herren Leder Derby Schuhe<\/b> unglaublich vielseitig. Sie eignen sich perfekt f\u00fcr formelle Anl\u00e4sse, wichtige Gesch\u00e4ftstreffen oder um Ihrem l\u00e4ssigen Outfit einen Hauch von raffinierter Eleganz zu verleihen. Kombinieren Sie sie m\u00fchelos mit ma\u00dfgeschneiderten Anz\u00fcgen f\u00fcr einen eleganten B\u00fcrolook oder mit Chinos und einem knackigen Blazer f\u00fcr ein raffiniertes Wochenend-Ensemble.<\/p>\n<p>Unser <b>Herren Leder Derby Schuhe<\/b> sind so konzipiert, dass sie sich problemlos vom Tag in den Abend verwandeln lassen, damit Sie immer einen gl\u00e4nzenden Auftritt haben. Investieren Sie in ein Paar <b>Herren Leder Derby Schuhe<\/b> die sowohl tadellosen Stil als auch dauerhafte Substanz bieten.<\/p>\n<p><h3>Gro\u00dfbestellungen &amp; verl\u00e4ssliche Lieferung<\/h3>\n<\/p>\n<p>F\u00fcr Einzelh\u00e4ndler und Unternehmen, die hochwertige Schuhe anbieten m\u00f6chten, sind diese ausgezeichneten <b>Herren Leder Derby Schuhe<\/b> sind f\u00fcr Gro\u00dfbestellungen mit einer Mindestmenge von 8 Paaren erh\u00e4ltlich. Wir sind bestrebt, einen effizienten Service zu bieten, mit einer kurzen Lieferzeit von 12 Tagen plus Versand, damit Ihre Bestellung schnell und zuverl\u00e4ssig ankommt. Erleben Sie die perfekte Mischung aus Tradition und Innovation mit unserer gesch\u00e4tzten Kollektion von Lederschuhen f\u00fcr Herren.<\/p>","protected":false},"excerpt":{"rendered":"<ul>\n<li><b>Hochwertige Materialien:<\/b> Au\u00dfen aus luxuri\u00f6sem Kalbsleder und innen aus weichem Ziegenleder gefertigt.<\/li>\n<li><b>Komfortbetontes Design:<\/b> Die flexible und leichte EVA-Sohle sorgt f\u00fcr ganzt\u00e4gigen Komfort.<\/li>\n<li><b>Klassischer Stil:<\/b> Eleganter brauner Schn\u00fcr-Derby, der sowohl f\u00fcr formelle als auch f\u00fcr legere Anl\u00e4sse geeignet ist.<\/li>\n<li><b>Vielseitige Gr\u00f6\u00dfenbestimmung:<\/b> Erh\u00e4ltlich in den Gr\u00f6\u00dfen 39, 40, 41, 42, 43, 44, 45.<\/li>\n<li><b>Absatzh\u00f6he:<\/b> Klassischer 1-3 cm Absatz f\u00fcr zeitlose Attraktivit\u00e4t und Komfort.<\/li>\n<li><b>Bulk-Verf\u00fcgbarkeit:<\/b> Mindestbestellmenge von 8 Paaren f\u00fcr den Gro\u00dfhandel erh\u00e4ltlich.<\/li>\n<li><b>Effiziente Lieferung:<\/b> Erwarten Sie die Lieferung innerhalb von 12 Tagen plus Versandzeit.<\/li>\n<\/ul>","protected":false},"featured_media":3723,"template":"","meta":{"_acf_changed":false,"_uag_custom_page_level_css":"","site-sidebar-layout":"default","site-content-layout":"","ast-site-content-layout":"default","site-content-style":"default","site-sidebar-style":"default","ast-global-header-display":"","ast-banner-title-visibility":"","ast-main-header-display":"","ast-hfb-above-header-display":"","ast-hfb-below-header-display":"","ast-hfb-mobile-header-display":"","site-post-title":"","ast-breadcrumbs-content":"","ast-featured-img":"","footer-sml-layout":"","ast-disable-related-posts":"","theme-transparent-header-meta":"","adv-header-id-meta":"","stick-header-meta":"","header-above-stick-meta":"","header-main-stick-meta":"","header-below-stick-meta":"","astra-migrate-meta-layouts":"default","ast-page-background-enabled":"default","ast-page-background-meta":{"desktop":{"background-color":"var(--ast-global-color-4)","background-image":"","background-repeat":"repeat","background-position":"center center","background-size":"auto","background-attachment":"scroll","background-type":"","background-media":"","overlay-type":"","overlay-color":"","overlay-opacity":"","overlay-gradient":""},"tablet":{"background-color":"","background-image":"","background-repeat":"repeat","background-position":"center center","background-size":"auto","background-attachment":"scroll","background-type":"","background-media":"","overlay-type":"","overlay-color":"","overlay-opacity":"","overlay-gradient":""},"mobile":{"background-color":"","background-image":"","background-repeat":"repeat","background-position":"center center","background-size":"auto","background-attachment":"scroll","background-type":"","background-media":"","overlay-type":"","overlay-color":"","overlay-opacity":"","overlay-gradient":""}},"ast-content-background-meta":{"desktop":{"background-color":"var(--ast-global-color-5)","background-image":"","background-repeat":"repeat","background-position":"center center","background-size":"auto","background-attachment":"scroll","background-type":"","background-media":"","overlay-type":"","overlay-color":"","overlay-opacity":"","overlay-gradient":""},"tablet":{"background-color":"var(--ast-global-color-5)","background-image":"","background-repeat":"repeat","background-position":"center center","background-size":"auto","background-attachment":"scroll","background-type":"","background-media":"","overlay-type":"","overlay-color":"","overlay-opacity":"","overlay-gradient":""},"mobile":{"background-color":"var(--ast-global-color-5)","background-image":"","background-repeat":"repeat","background-position":"center center","background-size":"auto","background-attachment":"scroll","background-type":"","background-media":"","overlay-type":"","overlay-color":"","overlay-opacity":"","overlay-gradient":""}}},"product_brand":[],"product_cat":[47,430,40],"product_tag":[218,202,449,145,212,284,438,251,437,227,406,680],"class_list":{"0":"post-5546","1":"product","2":"type-product","3":"status-publish","4":"has-post-thumbnail","6":"product_cat-classic","7":"product_cat-men","8":"product_cat-mens-shoes","9":"product_tag-brown-shoes","10":"product_tag-calf-leather","11":"product_tag-casual-shoes","12":"product_tag-classic-shoes","13":"product_tag-derby-shoes","14":"product_tag-dress-shoes","15":"product_tag-eva-sole","16":"product_tag-formal-shoes","17":"product_tag-goat-leather","18":"product_tag-leather-shoes","19":"product_tag-premium-shoes","20":"product_tag-stylish-shoes","21":"desktop-align-center","22":"tablet-align-center","23":"mobile-align-center","25":"first","26":"instock","27":"shipping-taxable","28":"purchasable","29":"product-type-variable","30":"has-default-attributes"},"acf":[],"uagb_featured_image_src":{"full":["https:\/\/turkishtrade.co\/wp-content\/uploads\/2026\/01\/2400EJOMN00316-BURGUNDY-X_78-BDS-KAPLAMA-2-USD.png",453,250,false],"thumbnail":["https:\/\/turkishtrade.co\/wp-content\/uploads\/2026\/01\/2400EJOMN00316-BURGUNDY-X_78-BDS-KAPLAMA-2-USD-150x150.png",150,150,true],"medium":["https:\/\/turkishtrade.co\/wp-content\/uploads\/2026\/01\/2400EJOMN00316-BURGUNDY-X_78-BDS-KAPLAMA-2-USD-300x166.png",300,166,true],"medium_large":["https:\/\/turkishtrade.co\/wp-content\/uploads\/2026\/01\/2400EJOMN00316-BURGUNDY-X_78-BDS-KAPLAMA-2-USD.png",453,250,false],"large":["https:\/\/turkishtrade.co\/wp-content\/uploads\/2026\/01\/2400EJOMN00316-BURGUNDY-X_78-BDS-KAPLAMA-2-USD.png",453,250,false],"1536x1536":["https:\/\/turkishtrade.co\/wp-content\/uploads\/2026\/01\/2400EJOMN00316-BURGUNDY-X_78-BDS-KAPLAMA-2-USD.png",453,250,false],"2048x2048":["https:\/\/turkishtrade.co\/wp-content\/uploads\/2026\/01\/2400EJOMN00316-BURGUNDY-X_78-BDS-KAPLAMA-2-USD.png",453,250,false],"trp-custom-language-flag":["https:\/\/turkishtrade.co\/wp-content\/uploads\/2026\/01\/2400EJOMN00316-BURGUNDY-X_78-BDS-KAPLAMA-2-USD-18x10.png",18,10,true],"woocommerce_thumbnail":["https:\/\/turkishtrade.co\/wp-content\/uploads\/2026\/01\/2400EJOMN00316-BURGUNDY-X_78-BDS-KAPLAMA-2-USD-400x250.png",400,250,true],"woocommerce_single":["https:\/\/turkishtrade.co\/wp-content\/uploads\/2026\/01\/2400EJOMN00316-BURGUNDY-X_78-BDS-KAPLAMA-2-USD.png",453,250,false],"woocommerce_gallery_thumbnail":["https:\/\/turkishtrade.co\/wp-content\/uploads\/2026\/01\/2400EJOMN00316-BURGUNDY-X_78-BDS-KAPLAMA-2-USD-100x100.png",100,100,true]},"uagb_author_info":{"display_name":"yaser olabi","author_link":"https:\/\/turkishtrade.co\/de\/author\/"},"uagb_comment_info":0,"uagb_excerpt":"Premium Materials: Crafted with a luxurious calf leather exterior and soft goat leather interior. Comfort-Focused Design: Features a flexible and lightweight EVA sole for all-day comfort. Classic Style: Elegant brown lace-up derby design, suitable for both formal and casual wear. Versatile Sizing: Available in sizes 39, 40, 41, 42, 43, 44, 45. Heel Height: Classic&hellip;","_links":{"self":[{"href":"https:\/\/turkishtrade.co\/de\/wp-json\/wp\/v2\/product\/5546","targetHints":{"allow":["GET"]}}],"collection":[{"href":"https:\/\/turkishtrade.co\/de\/wp-json\/wp\/v2\/product"}],"about":[{"href":"https:\/\/turkishtrade.co\/de\/wp-json\/wp\/v2\/types\/product"}],"wp:featuredmedia":[{"embeddable":true,"href":"https:\/\/turkishtrade.co\/de\/wp-json\/wp\/v2\/media\/3723"}],"wp:attachment":[{"href":"https:\/\/turkishtrade.co\/de\/wp-json\/wp\/v2\/media?parent=5546"}],"wp:term":[{"taxonomy":"product_brand","embeddable":true,"href":"https:\/\/turkishtrade.co\/de\/wp-json\/wp\/v2\/product_brand?post=5546"},{"taxonomy":"product_cat","embeddable":true,"href":"https:\/\/turkishtrade.co\/de\/wp-json\/wp\/v2\/product_cat?post=5546"},{"taxonomy":"product_tag","embeddable":true,"href":"https:\/\/turkishtrade.co\/de\/wp-json\/wp\/v2\/product_tag?post=5546"}],"curies":[{"name":"wp","href":"https:\/\/api.w.org\/{rel}","templated":true}]}}