{"id":5537,"date":"2026-01-14T12:12:19","date_gmt":"2026-01-14T12:12:19","guid":{"rendered":"https:\/\/turkishtrade.co\/product\/men-s-calf-leather-loafers-2\/"},"modified":"2026-04-09T19:31:25","modified_gmt":"2026-04-09T19:31:25","slug":"mens-calf-leather-loafers-9","status":"publish","type":"product","link":"https:\/\/turkishtrade.co\/de\/shop\/mens-calf-leather-loafers-9\/","title":{"rendered":"Premium-Herren-Loafer aus Kalbsleder - Klassischer Stil"},"content":{"rendered":"<p><strong>Herren Kalbsleder Loafers<\/strong><\/p>\n<p>Erleben Sie unvergleichliche Raffinesse und Komfort mit unserer exquisiten Kollektion von <b>Herren-Slipper aus Kalbsleder<\/b>. Diese sorgf\u00e4ltig f\u00fcr den modernen Gentleman gefertigten Premium-Slipper vereinen klassische Eleganz und Alltagstauglichkeit nahtlos. Jedes Paar unserer <b>Herren-Slipper aus Kalbsleder<\/b> ist ein Beweis f\u00fcr \u00fcberlegene Handwerkskunst, die Ihren Style-Quotienten anhebt, egal ob Sie zu einem legeren Gesch\u00e4ftstreffen gehen oder einen entspannten Wochenendausflug genie\u00dfen wollen.<\/p>\n<p>Diese Schuhe sind nicht einfach nur Schuhe, sie sind eine Investition in dauerhafte Eleganz f\u00fcr anspruchsvolle M\u00e4nner.<\/p>\n<p><h3>Un\u00fcbertroffene Materialien f\u00fcr ultimativen Komfort<\/h3>\n<\/p>\n<p>Das \u00c4u\u00dfere dieser au\u00dfergew\u00f6hnlichen <b>Herren-Slipper aus Kalbsleder<\/b> ist aus hochwertigem, geschmeidigem Kalbsleder gefertigt, das f\u00fcr seine luxuri\u00f6se Textur, seine bemerkenswerte Haltbarkeit und seine F\u00e4higkeit, sch\u00f6n zu altern, bekannt ist. Diese Materialwahl sorgt f\u00fcr einen polierten Look, der den Test der Zeit \u00fcberdauert. Erg\u00e4nzend zum edlen \u00c4u\u00dferen ist das Innere mit unglaublich weichem, atmungsaktivem Ziegenleder gef\u00fcttert, was f\u00fcr ein unglaublich komfortables Erlebnis sorgt, sobald Sie in die Schuhe schl\u00fcpfen.<\/p>\n<p>Die Doppel-Leder-Konstruktion garantiert optimalen Fu\u00dfkomfort und hilft, Feuchtigkeit abzuleiten, so dass Ihre F\u00fc\u00dfe den ganzen Tag \u00fcber frisch bleiben, was diese Schuhe zum idealen Begleiter macht. <b>Herren-Slipper aus Kalbsleder<\/b> f\u00fcr jede Gelegenheit.<\/p>\n<p><h3>Entwickelt f\u00fcr Langlebigkeit und vielseitigen Stil<\/h3>\n<\/p>\n<p>Erleben Sie un\u00fcbertroffene Leichtigkeit mit der robusten und dennoch flexiblen EVA-Sohle. Die EVA-Sohle wurde f\u00fcr leichte D\u00e4mpfung und hervorragenden Grip entwickelt und macht diese <b>Herren-Slipper aus Kalbsleder<\/b> perfekt f\u00fcr lange Tragezeiten. Die klassische Loafer-Silhouette, die durch dezente Metallbeschl\u00e4ge aufgewertet wird, bietet eine raffinierte \u00c4sthetik, die sich m\u00fchelos mit einer Vielzahl von Kleidungsst\u00fccken kombinieren l\u00e4sst, von ma\u00dfgeschneiderten Hosen bis hin zu eleganten Denims.<\/p>\n<p>Erh\u00e4ltlich in zeitlosem Schwarz und sattem Braun, sind diese <b>Herren-Slipper aus Kalbsleder<\/b> bieten Vielseitigkeit und passen zu jeder Garderobe und verk\u00f6rpern den vielseitigen Stil des modernen Mannes.<\/p>\n<p><h3>Gro\u00dfhandelschance und Qualit\u00e4tssicherung<\/h3>\n<\/p>\n<p>Wir wissen, wie wichtig eine perfekte Passform ist, und deshalb sind unsere hochwertigen <b>Herren-Slipper aus Kalbsleder<\/b> sind in einer breiten Palette von europ\u00e4ischen Gr\u00f6\u00dfen von 39 bis 45 erh\u00e4ltlich. Egal, ob Sie Ihre pers\u00f6nliche Kollektion erweitern oder ein Team mit hochwertigen Schuhen ausstatten m\u00f6chten, unsere Gro\u00dfbestellungsoption macht es Ihnen leicht. Bei einer Mindestbestellmenge von 8 Paaren bieten wir Ihnen wettbewerbsf\u00e4hige Preise und eine zuverl\u00e4ssige Lieferung innerhalb von 12 Tagen plus Versand.<\/p>\n<p>Investieren Sie in ein Paar unserer \u00fcberlegenen <b>Herren-Slipper aus Kalbsleder<\/b> und entdecken Sie die perfekte Kombination aus Luxus, Komfort und dauerhaftem Stil, wie sie nur echte handwerkliche Schuhe bieten k\u00f6nnen.<\/p>","protected":false},"excerpt":{"rendered":"<ul>\n<li>Au\u00dfen aus luxuri\u00f6sem Kalbsleder und innen aus weichem Ziegenleder gefertigt.<\/li>\n<li>Die bequeme und strapazierf\u00e4hige EVA-Sohle sorgt f\u00fcr ganzt\u00e4gigen Tragekomfort.<\/li>\n<li>Klassischer Loafer-Stil mit eleganten Metallbeschl\u00e4gen, perfekt f\u00fcr legere oder halb-formale Anl\u00e4sse.<\/li>\n<li>Erh\u00e4ltlich in den europ\u00e4ischen Gr\u00f6\u00dfen 39-45.<\/li>\n<li>Erh\u00e4ltlich in edlem Schwarz und sattem Braun.<\/li>\n<li>Mindestbestellmenge: 8 Paare.<\/li>\n<\/ul>","protected":false},"featured_media":3719,"template":"","meta":{"_acf_changed":false,"_uag_custom_page_level_css":"","site-sidebar-layout":"default","site-content-layout":"","ast-site-content-layout":"default","site-content-style":"default","site-sidebar-style":"default","ast-global-header-display":"","ast-banner-title-visibility":"","ast-main-header-display":"","ast-hfb-above-header-display":"","ast-hfb-below-header-display":"","ast-hfb-mobile-header-display":"","site-post-title":"","ast-breadcrumbs-content":"","ast-featured-img":"","footer-sml-layout":"","ast-disable-related-posts":"","theme-transparent-header-meta":"","adv-header-id-meta":"","stick-header-meta":"","header-above-stick-meta":"","header-main-stick-meta":"","header-below-stick-meta":"","astra-migrate-meta-layouts":"default","ast-page-background-enabled":"default","ast-page-background-meta":{"desktop":{"background-color":"var(--ast-global-color-4)","background-image":"","background-repeat":"repeat","background-position":"center center","background-size":"auto","background-attachment":"scroll","background-type":"","background-media":"","overlay-type":"","overlay-color":"","overlay-opacity":"","overlay-gradient":""},"tablet":{"background-color":"","background-image":"","background-repeat":"repeat","background-position":"center center","background-size":"auto","background-attachment":"scroll","background-type":"","background-media":"","overlay-type":"","overlay-color":"","overlay-opacity":"","overlay-gradient":""},"mobile":{"background-color":"","background-image":"","background-repeat":"repeat","background-position":"center center","background-size":"auto","background-attachment":"scroll","background-type":"","background-media":"","overlay-type":"","overlay-color":"","overlay-opacity":"","overlay-gradient":""}},"ast-content-background-meta":{"desktop":{"background-color":"var(--ast-global-color-5)","background-image":"","background-repeat":"repeat","background-position":"center center","background-size":"auto","background-attachment":"scroll","background-type":"","background-media":"","overlay-type":"","overlay-color":"","overlay-opacity":"","overlay-gradient":""},"tablet":{"background-color":"var(--ast-global-color-5)","background-image":"","background-repeat":"repeat","background-position":"center center","background-size":"auto","background-attachment":"scroll","background-type":"","background-media":"","overlay-type":"","overlay-color":"","overlay-opacity":"","overlay-gradient":""},"mobile":{"background-color":"var(--ast-global-color-5)","background-image":"","background-repeat":"repeat","background-position":"center center","background-size":"auto","background-attachment":"scroll","background-type":"","background-media":"","overlay-type":"","overlay-color":"","overlay-opacity":"","overlay-gradient":""}}},"product_brand":[],"product_cat":[47,430,40],"product_tag":[370,147,513,185,457,220,438,769,189,746,186,250],"class_list":{"0":"post-5537","1":"product","2":"type-product","3":"status-publish","4":"has-post-thumbnail","6":"product_cat-classic","7":"product_cat-men","8":"product_cat-mens-shoes","9":"product_tag-black-loafers","10":"product_tag-brown-loafers","11":"product_tag-business-casual-shoes","12":"product_tag-calf-leather-shoes","13":"product_tag-classic-loafers","14":"product_tag-comfortable-loafers","15":"product_tag-eva-sole","16":"product_tag-gentlemens-shoes","17":"product_tag-goat-leather-lining","18":"product_tag-leather-slip-ons","19":"product_tag-mens-loafers","20":"product_tag-premium-leather","21":"desktop-align-center","22":"tablet-align-center","23":"mobile-align-center","25":"first","26":"instock","27":"shipping-taxable","28":"purchasable","29":"product-type-variable","30":"has-default-attributes"},"acf":[],"uagb_featured_image_src":{"full":["https:\/\/turkishtrade.co\/wp-content\/uploads\/2026\/01\/2400EJOMN00312-BROWN-DKS_01.png",453,250,false],"thumbnail":["https:\/\/turkishtrade.co\/wp-content\/uploads\/2026\/01\/2400EJOMN00312-BROWN-DKS_01-150x150.png",150,150,true],"medium":["https:\/\/turkishtrade.co\/wp-content\/uploads\/2026\/01\/2400EJOMN00312-BROWN-DKS_01-300x166.png",300,166,true],"medium_large":["https:\/\/turkishtrade.co\/wp-content\/uploads\/2026\/01\/2400EJOMN00312-BROWN-DKS_01.png",453,250,false],"large":["https:\/\/turkishtrade.co\/wp-content\/uploads\/2026\/01\/2400EJOMN00312-BROWN-DKS_01.png",453,250,false],"1536x1536":["https:\/\/turkishtrade.co\/wp-content\/uploads\/2026\/01\/2400EJOMN00312-BROWN-DKS_01.png",453,250,false],"2048x2048":["https:\/\/turkishtrade.co\/wp-content\/uploads\/2026\/01\/2400EJOMN00312-BROWN-DKS_01.png",453,250,false],"trp-custom-language-flag":["https:\/\/turkishtrade.co\/wp-content\/uploads\/2026\/01\/2400EJOMN00312-BROWN-DKS_01-18x10.png",18,10,true],"woocommerce_thumbnail":["https:\/\/turkishtrade.co\/wp-content\/uploads\/2026\/01\/2400EJOMN00312-BROWN-DKS_01-400x250.png",400,250,true],"woocommerce_single":["https:\/\/turkishtrade.co\/wp-content\/uploads\/2026\/01\/2400EJOMN00312-BROWN-DKS_01.png",453,250,false],"woocommerce_gallery_thumbnail":["https:\/\/turkishtrade.co\/wp-content\/uploads\/2026\/01\/2400EJOMN00312-BROWN-DKS_01-100x100.png",100,100,true]},"uagb_author_info":{"display_name":"yaser olabi","author_link":"https:\/\/turkishtrade.co\/de\/author\/"},"uagb_comment_info":0,"uagb_excerpt":"Crafted from luxurious Calf Leather exterior and soft Goat Leather interior. Features a comfortable and durable EVA sole for all-day wear. Classic loafer style with elegant metal hardware, perfect for casual or semi-formal occasions. Available in European sizes 39-45. Available in sophisticated Black and rich Brown color options. Minimum order quantity: 8 pairs.","_links":{"self":[{"href":"https:\/\/turkishtrade.co\/de\/wp-json\/wp\/v2\/product\/5537","targetHints":{"allow":["GET"]}}],"collection":[{"href":"https:\/\/turkishtrade.co\/de\/wp-json\/wp\/v2\/product"}],"about":[{"href":"https:\/\/turkishtrade.co\/de\/wp-json\/wp\/v2\/types\/product"}],"wp:featuredmedia":[{"embeddable":true,"href":"https:\/\/turkishtrade.co\/de\/wp-json\/wp\/v2\/media\/3719"}],"wp:attachment":[{"href":"https:\/\/turkishtrade.co\/de\/wp-json\/wp\/v2\/media?parent=5537"}],"wp:term":[{"taxonomy":"product_brand","embeddable":true,"href":"https:\/\/turkishtrade.co\/de\/wp-json\/wp\/v2\/product_brand?post=5537"},{"taxonomy":"product_cat","embeddable":true,"href":"https:\/\/turkishtrade.co\/de\/wp-json\/wp\/v2\/product_cat?post=5537"},{"taxonomy":"product_tag","embeddable":true,"href":"https:\/\/turkishtrade.co\/de\/wp-json\/wp\/v2\/product_tag?post=5537"}],"curies":[{"name":"wp","href":"https:\/\/api.w.org\/{rel}","templated":true}]}}