{"id":5526,"date":"2026-01-14T12:10:39","date_gmt":"2026-01-14T12:10:39","guid":{"rendered":"https:\/\/turkishtrade.co\/product\/mens-calf-leather-loafers-3\/"},"modified":"2026-04-09T19:31:47","modified_gmt":"2026-04-09T19:31:47","slug":"mens-calf-leather-loafers-3","status":"publish","type":"product","link":"https:\/\/turkishtrade.co\/de\/shop\/mens-calf-leather-loafers-3\/","title":{"rendered":"Klassische Herren Loafers aus schwarzem Kalbsleder"},"content":{"rendered":"<p><strong>Herren Kalbsleder Loafers<\/strong><\/p>\n<p><h3>Erh\u00f6hen Sie Ihren Stil mit Premium Loafers aus Kalbsleder f\u00fcr Herren<\/h3>\n<\/p>\n<p>Erleben Sie unvergleichliche Raffinesse und Komfort mit unseren exquisiten <strong>Herren-Slipper aus Kalbsleder<\/strong>. Diese sorgf\u00e4ltig gefertigten Loafer, die den Anforderungen des modernen Gentleman entsprechen, verbinden nahtlos zeitlose Eleganz mit zeitgen\u00f6ssischem Design. Perfekt f\u00fcr legere Gesch\u00e4ftssituationen und raffinierte gesellschaftliche Anl\u00e4sse sind diese <strong>Herren-Slipper aus Kalbsleder<\/strong> sind eine unverzichtbare Erg\u00e4nzung f\u00fcr jede anspruchsvolle Garderobe.<\/p>\n<p>Jedes Paar zeichnet sich durch erstklassige Handwerkskunst aus, die nicht nur ein stilvolles Aussehen, sondern auch eine lange Haltbarkeit gew\u00e4hrleistet. Das schlichte schwarze Finish und die subtilen, strukturierten Details am Vorderblatt und an der Ferse verleihen diesen Slippern einen unverwechselbaren Touch.<\/p>\n<p><h3>Unerreichte Qualit\u00e4t und Komfort<\/h3>\n<\/p>\n<p>Das \u00c4u\u00dfere dieser au\u00dfergew\u00f6hnlichen <strong>Herren-Slipper aus Kalbsleder<\/strong> ist aus hochwertigem, echtem Kalbsleder gefertigt und bietet eine luxuri\u00f6se Textur und einen hervorragenden Look, der mit dem Alter nur noch besser wird. Der satte, tiefschwarze Farbton bietet vielseitige Styling-Optionen und macht diese Loafer zu einem Eckpfeiler Ihrer Schuhkollektion. Das Innenfutter aus geschmeidigem Ziegenleder, das f\u00fcr seine unglaubliche Weichheit und Atmungsaktivit\u00e4t bekannt ist, l\u00e4sst Ihre F\u00fc\u00dfe in pure Gl\u00fcckseligkeit gleiten.<\/p>\n<p>Diese durchdachte Materialwahl sorgt f\u00fcr maximalen Komfort, auch bei l\u00e4ngerem Tragen, verhindert Beschwerden und f\u00f6rdert ein gesundes Fu\u00dfklima. Im Gegensatz zu vielen anderen Optionen ist unser <strong>Herren-Slipper aus Kalbsleder<\/strong> bei jedem Schritt Ihr Wohlbefinden in den Vordergrund zu stellen.<\/p>\n<p><h3>F\u00fcr das ganzt\u00e4gige Tragen konzipiert<\/h3>\n<\/p>\n<p>Um den Komfort weiter zu erh\u00f6hen, sind diese eleganten <strong>Herren-Slipper aus Kalbsleder<\/strong> verf\u00fcgen \u00fcber eine leichte und dennoch unglaublich haltbare EVA-Sohle. Diese fortschrittliche Sohlentechnologie sorgt f\u00fcr hervorragende D\u00e4mpfung und Sto\u00dfabsorption, sodass sich jeder Schritt m\u00fchelos anf\u00fchlt. Ob Sie durch die Stra\u00dfen der Stadt fahren oder an einer langen Konferenz teilnehmen, die EVA-Sohle bietet zuverl\u00e4ssigen Halt und Flexibilit\u00e4t.<\/p>\n<p>Die klassische Absatzh\u00f6he von 1 bis 3 cm sorgt f\u00fcr einen dezenten Auftrieb, ohne die Stabilit\u00e4t zu beeintr\u00e4chtigen, und bewahrt das anspruchsvolle Profil, das man von hochwertigen Produkten erwartet. <strong>Herren-Slipper aus Kalbsleder<\/strong>. Erh\u00e4ltlich in einer umfassenden Palette von Gr\u00f6\u00dfen von 39 bis 45, ist es einfach, die perfekte Passform zu finden, die Komfort f\u00fcr eine breite Palette von F\u00fc\u00dfen gew\u00e4hrleistet.<\/p>\n<p><h3>Perfekt f\u00fcr Gro\u00dfbestellungen<\/h3>\n<\/p>\n<p>F\u00fcr Einzelh\u00e4ndler, Boutiquen oder diejenigen, die ihre Teams mit hochwertigen Schuhen ausstatten m\u00f6chten, ist unser <strong>Herren-Slipper aus Kalbsleder<\/strong> sind f\u00fcr den Gro\u00dfeinkauf verf\u00fcgbar. Wir bieten eine Mindestbestellmenge von nur 8 Paaren an, was die Zug\u00e4nglichkeit f\u00fcr Unternehmen verschiedener Gr\u00f6\u00dfenordnungen gew\u00e4hrleistet. Jede Gro\u00dfbestellung wird mit der gleichen Sorgfalt und Qualit\u00e4tskontrolle bearbeitet wie der Einzelkauf.<\/p>\n<p>Erwarten Sie einen effizienten Service mit einer Lieferzeit von etwa 12 Tagen, zuz\u00fcglich Versandkosten. Investieren Sie in das Beste <strong>Herren-Slipper aus Kalbsleder<\/strong> und bieten Sie Ihren Kunden oder Ihrem Team den Luxus, den sie verdienen - mit einem Produkt, das Qualit\u00e4t und Stil ausstrahlt.<\/p>","protected":false},"excerpt":{"rendered":"<ul>\n<li><strong>Hervorragende Handwerkskunst:<\/strong> Die Au\u00dfenseite ist aus hochwertigem, echtem Kalbsleder gefertigt und bietet einen raffinierten Look.<\/li>\n<li><strong>Luxuri\u00f6ser Komfort:<\/strong> Innenfutter aus weichem, atmungsaktivem Ziegenleder f\u00fcr ein au\u00dfergew\u00f6hnliches Tragegef\u00fchl.<\/li>\n<li><strong>Leicht und st\u00fctzend:<\/strong> Ausgestattet mit einer langlebigen EVA-Sohle f\u00fcr ganzt\u00e4gige D\u00e4mpfung und Flexibilit\u00e4t.<\/li>\n<li><strong>Klassisch Absatzh\u00f6he:<\/strong> Mit einem dezenten 1-3 cm hohen Absatz, perfekt f\u00fcr ein anspruchsvolles Profil.<\/li>\n<li><strong>Verf\u00fcgbare Gr\u00f6\u00dfen:<\/strong> Umfassende Palette von EU 39 bis 45, um eine perfekte Passform zu gew\u00e4hrleisten.<\/li>\n<li><strong>Gro\u00dfbestellungen sind willkommen:<\/strong> F\u00fcr Einzelh\u00e4ndler und Unternehmen gilt eine Mindestbestellmenge von 8 Paaren.<\/li>\n<li><strong>Effiziente Lieferung:<\/strong> Ihre Bestellung wird innerhalb von 12 Tagen plus Standardversandzeit geliefert.<\/li>\n<\/ul>","protected":false},"featured_media":3712,"template":"","meta":{"_acf_changed":false,"_uag_custom_page_level_css":"","site-sidebar-layout":"default","site-content-layout":"","ast-site-content-layout":"default","site-content-style":"default","site-sidebar-style":"default","ast-global-header-display":"","ast-banner-title-visibility":"","ast-main-header-display":"","ast-hfb-above-header-display":"","ast-hfb-below-header-display":"","ast-hfb-mobile-header-display":"","site-post-title":"","ast-breadcrumbs-content":"","ast-featured-img":"","footer-sml-layout":"","ast-disable-related-posts":"","theme-transparent-header-meta":"","adv-header-id-meta":"","stick-header-meta":"","header-above-stick-meta":"","header-main-stick-meta":"","header-below-stick-meta":"","astra-migrate-meta-layouts":"default","ast-page-background-enabled":"default","ast-page-background-meta":{"desktop":{"background-color":"var(--ast-global-color-4)","background-image":"","background-repeat":"repeat","background-position":"center center","background-size":"auto","background-attachment":"scroll","background-type":"","background-media":"","overlay-type":"","overlay-color":"","overlay-opacity":"","overlay-gradient":""},"tablet":{"background-color":"","background-image":"","background-repeat":"repeat","background-position":"center center","background-size":"auto","background-attachment":"scroll","background-type":"","background-media":"","overlay-type":"","overlay-color":"","overlay-opacity":"","overlay-gradient":""},"mobile":{"background-color":"","background-image":"","background-repeat":"repeat","background-position":"center center","background-size":"auto","background-attachment":"scroll","background-type":"","background-media":"","overlay-type":"","overlay-color":"","overlay-opacity":"","overlay-gradient":""}},"ast-content-background-meta":{"desktop":{"background-color":"var(--ast-global-color-5)","background-image":"","background-repeat":"repeat","background-position":"center center","background-size":"auto","background-attachment":"scroll","background-type":"","background-media":"","overlay-type":"","overlay-color":"","overlay-opacity":"","overlay-gradient":""},"tablet":{"background-color":"var(--ast-global-color-5)","background-image":"","background-repeat":"repeat","background-position":"center center","background-size":"auto","background-attachment":"scroll","background-type":"","background-media":"","overlay-type":"","overlay-color":"","overlay-opacity":"","overlay-gradient":""},"mobile":{"background-color":"var(--ast-global-color-5)","background-image":"","background-repeat":"repeat","background-position":"center center","background-size":"auto","background-attachment":"scroll","background-type":"","background-media":"","overlay-type":"","overlay-color":"","overlay-opacity":"","overlay-gradient":""}}},"product_brand":[],"product_cat":[47,430,40],"product_tag":[814,674,512,457,220,737,544,438,952,189,951,198,914,184],"class_list":{"0":"post-5526","1":"product","2":"type-product","3":"status-publish","4":"has-post-thumbnail","6":"product_cat-classic","7":"product_cat-men","8":"product_cat-mens-shoes","9":"product_tag-black-leather-loafers","10":"product_tag-bulk-shoes","11":"product_tag-casual-loafers","12":"product_tag-classic-loafers","13":"product_tag-comfortable-loafers","14":"product_tag-dress-loafers","15":"product_tag-elegant-loafers","16":"product_tag-eva-sole","17":"product_tag-genuine-leather-shoes","18":"product_tag-goat-leather-lining","19":"product_tag-mens-calf-leather-loafers","20":"product_tag-mens-fashion","21":"product_tag-professional-shoes","22":"product_tag-slip-on-shoes","23":"desktop-align-center","24":"tablet-align-center","25":"mobile-align-center","27":"first","28":"instock","29":"shipping-taxable","30":"purchasable","31":"product-type-variable","32":"has-default-attributes"},"acf":[],"uagb_featured_image_src":{"full":["https:\/\/turkishtrade.co\/wp-content\/uploads\/2026\/01\/2400EJOMN00304-BLACK-X_7753-4-USD.png",453,250,false],"thumbnail":["https:\/\/turkishtrade.co\/wp-content\/uploads\/2026\/01\/2400EJOMN00304-BLACK-X_7753-4-USD.png",150,83,false],"medium":["https:\/\/turkishtrade.co\/wp-content\/uploads\/2026\/01\/2400EJOMN00304-BLACK-X_7753-4-USD.png",300,166,false],"medium_large":["https:\/\/turkishtrade.co\/wp-content\/uploads\/2026\/01\/2400EJOMN00304-BLACK-X_7753-4-USD.png",453,250,false],"large":["https:\/\/turkishtrade.co\/wp-content\/uploads\/2026\/01\/2400EJOMN00304-BLACK-X_7753-4-USD.png",453,250,false],"1536x1536":["https:\/\/turkishtrade.co\/wp-content\/uploads\/2026\/01\/2400EJOMN00304-BLACK-X_7753-4-USD.png",453,250,false],"2048x2048":["https:\/\/turkishtrade.co\/wp-content\/uploads\/2026\/01\/2400EJOMN00304-BLACK-X_7753-4-USD.png",453,250,false],"trp-custom-language-flag":["https:\/\/turkishtrade.co\/wp-content\/uploads\/2026\/01\/2400EJOMN00304-BLACK-X_7753-4-USD.png",18,10,false],"woocommerce_thumbnail":["https:\/\/turkishtrade.co\/wp-content\/uploads\/2026\/01\/2400EJOMN00304-BLACK-X_7753-4-USD-400x250.png",400,250,true],"woocommerce_single":["https:\/\/turkishtrade.co\/wp-content\/uploads\/2026\/01\/2400EJOMN00304-BLACK-X_7753-4-USD.png",453,250,false],"woocommerce_gallery_thumbnail":["https:\/\/turkishtrade.co\/wp-content\/uploads\/2026\/01\/2400EJOMN00304-BLACK-X_7753-4-USD-100x100.png",100,100,true]},"uagb_author_info":{"display_name":"yaser olabi","author_link":"https:\/\/turkishtrade.co\/de\/author\/"},"uagb_comment_info":0,"uagb_excerpt":"Superior Craftsmanship: Outer surface crafted from high-quality genuine calf leather, offering a refined look. Luxurious Comfort: Inner lining made from soft, breathable goat leather for an exceptional feel. Lightweight &amp; Supportive: Equipped with a durable EVA sole for all-day cushioning and flexibility. Classic Heel Height: Features a subtle 1-3 cm heel, perfect for a sophisticated&hellip;","_links":{"self":[{"href":"https:\/\/turkishtrade.co\/de\/wp-json\/wp\/v2\/product\/5526","targetHints":{"allow":["GET"]}}],"collection":[{"href":"https:\/\/turkishtrade.co\/de\/wp-json\/wp\/v2\/product"}],"about":[{"href":"https:\/\/turkishtrade.co\/de\/wp-json\/wp\/v2\/types\/product"}],"wp:featuredmedia":[{"embeddable":true,"href":"https:\/\/turkishtrade.co\/de\/wp-json\/wp\/v2\/media\/3712"}],"wp:attachment":[{"href":"https:\/\/turkishtrade.co\/de\/wp-json\/wp\/v2\/media?parent=5526"}],"wp:term":[{"taxonomy":"product_brand","embeddable":true,"href":"https:\/\/turkishtrade.co\/de\/wp-json\/wp\/v2\/product_brand?post=5526"},{"taxonomy":"product_cat","embeddable":true,"href":"https:\/\/turkishtrade.co\/de\/wp-json\/wp\/v2\/product_cat?post=5526"},{"taxonomy":"product_tag","embeddable":true,"href":"https:\/\/turkishtrade.co\/de\/wp-json\/wp\/v2\/product_tag?post=5526"}],"curies":[{"name":"wp","href":"https:\/\/api.w.org\/{rel}","templated":true}]}}