{"id":5523,"date":"2026-01-14T12:10:22","date_gmt":"2026-01-14T12:10:22","guid":{"rendered":"https:\/\/turkishtrade.co\/product\/men-s-leather-loafer-shoes-2\/"},"modified":"2026-04-09T19:31:52","modified_gmt":"2026-04-09T19:31:52","slug":"mens-leather-loafer-shoes-8","status":"publish","type":"product","link":"https:\/\/turkishtrade.co\/de\/shop\/mens-leather-loafer-shoes-8\/","title":{"rendered":"Premium Classic Herren Leder Loafer Schuhe mit EVA-Sohle"},"content":{"rendered":"<p><strong>Herren Leder Loafer Schuhe<\/strong><\/p>\n<p>Steigen Sie ein in anspruchsvollen Komfort mit unserem Premium <b>Herren Leder Loafer Schuhe<\/b>, Diese Schuhe wurden sorgf\u00e4ltig f\u00fcr den anspruchsvollen Gentleman entworfen. Diese klassischen Loafer vereinen zeitlose Eleganz mit moderner Tragbarkeit und sind damit eine unverzichtbare Erg\u00e4nzung f\u00fcr jede Garderobe. Egal, ob Sie einen anstrengenden Arbeitstag bew\u00e4ltigen, an einem zwanglosen Treffen teilnehmen oder einfach ein entspanntes Wochenende genie\u00dfen, diese <b>Herren Leder Loafer Schuhe<\/b> bieten die perfekte Verbindung von Stil und h\u00f6chstem Komfort.<\/p>\n<p><h3>Un\u00fcbertroffene Handwerkskunst und hochwertige Materialien<\/h3>\n<\/p>\n<p>Unser Engagement f\u00fcr Qualit\u00e4t zeigt sich in jedem Detail dieser exquisiten <b>Herren Leder Loafer Schuhe<\/b>. Das Obermaterial ist fachm\u00e4nnisch aus echtem Kalbsleder 100% gefertigt, das f\u00fcr seine geschmeidige Textur, Haltbarkeit und sein luxuri\u00f6ses Aussehen bekannt ist. Dieses hochwertige Kalbsleder bietet nicht nur eine raffinierte \u00c4sthetik, sondern sorgt auch daf\u00fcr, dass die Schuhe sch\u00f6n altern und sich mit der Zeit an Ihre F\u00fc\u00dfe anpassen, um eine individuelle Passform zu gew\u00e4hrleisten.<\/p>\n<p>Erg\u00e4nzend zum robusten \u00c4u\u00dferen ist das Innere mit unglaublich weichem Ziegenleder gef\u00fcttert und bietet eine atmungsaktive und sanfte Umarmung f\u00fcr Ihre F\u00fc\u00dfe, minimiert die Reibung und maximiert den Komfort bei jedem Schritt.<\/p>\n<p>Um ihren au\u00dfergew\u00f6hnlichen Komfort weiter zu verbessern, sind diese <b>Herren Leder Loafer Schuhe<\/b> basieren auf einer leichten, aber dennoch widerstandsf\u00e4higen EVA-Sohle. Diese fortschrittliche Sohlentechnologie sorgt f\u00fcr hervorragende D\u00e4mpfung und Sto\u00dfabsorption, so dass sie auch bei l\u00e4ngerem Tragen nicht erm\u00fcden. Der dezente, klassische 1-3 cm hohe Absatz verleiht dem Schuh einen Hauch von Raffinesse, w\u00e4hrend das ergonomische Profil die nat\u00fcrliche Fu\u00dfbewegung unterst\u00fctzt.<\/p>\n<p>Wir sind davon \u00fcberzeugt, dass wahrer Luxus in dauerhaftem Komfort liegt, und diese Loafer verk\u00f6rpern diese Philosophie. Sie erm\u00f6glichen es Ihnen, sich den ganzen Tag \u00fcber mit Selbstvertrauen und Leichtigkeit zu bewegen.<\/p>\n<p><h3>Vielseitiger Stil f\u00fcr jede Gelegenheit<\/h3>\n<\/p>\n<p>Das zeitlose Design unserer <b>Herren Leder Loafer Schuhe<\/b> garantiert eine unvergleichliche Vielseitigkeit. Ihre schlanke Silhouette und schlichte Eleganz machen sie zu einem perfekten Begleiter f\u00fcr eine Vielzahl von Outfits und Anl\u00e4ssen. Kombinieren Sie sie mit einer ma\u00dfgeschneiderten Hose und einem Blazer f\u00fcr einen l\u00e4ssigen B\u00fcro-Look, oder kombinieren Sie sie mit Chinos oder Premium-Jeans f\u00fcr ein raffiniertes Ensemble am Wochenende.<\/p>\n<p>Die inh\u00e4rente Anpassungsf\u00e4higkeit dieser <b>Herren Leder Loafer Schuhe<\/b> bedeutet, dass Sie immer wieder zu diesen Schuhen greifen werden, weil Sie \u00fcberzeugt sind, dass sie jedes Outfit aufwerten k\u00f6nnen. Von formellen Anl\u00e4ssen bis hin zu entspannten Ausfl\u00fcgen - diese Loafer sind daf\u00fcr gemacht, zu beeindrucken.<\/p>\n<p><h3>Bestellung und Verf\u00fcgbarkeit<\/h3>\n<\/p>\n<p>Diese Premium <b>Herren Leder Loafer Schuhe<\/b> sind in einer breiten Palette von Gr\u00f6\u00dfen von 39 bis 45 erh\u00e4ltlich, so dass sie einem breiten Kundenkreis perfekt passen. Wir beliefern Unternehmen und Einzelh\u00e4ndler mit einer Mindestbestellmenge von 8 Paar, was sie zu einer ausgezeichneten Wahl f\u00fcr die Beschaffung im Gro\u00dfhandel macht. Mit einer Lieferzeit von ca. 12 Tagen plus Versand k\u00f6nnen Sie sicher sein, dass Ihre Bestellung umgehend bei Ihnen eintrifft.<\/p>\n<p>Investieren Sie in Qualit\u00e4tsschuhe, die traditionelle Handwerkskunst mit modernem Komfort verbinden - w\u00e4hlen Sie unsere au\u00dfergew\u00f6hnlichen <b>Herren Leder Loafer Schuhe<\/b> und erleben Sie den Unterschied.<\/p>","protected":false},"excerpt":{"rendered":"<ul>\n<li>Gefertigt aus echtem Kalbsleder 100% und weichem Ziegenlederfutter.<\/li>\n<li>Mit einer bequemen und leichten EVA-Sohle f\u00fcr ganzt\u00e4gigen Tragekomfort.<\/li>\n<li>Klassischer Loafer, der sich sowohl f\u00fcr legere als auch f\u00fcr semi-formale Anl\u00e4sse eignet.<\/li>\n<li>Dezenter 1-3 cm hoher klassischer Absatz f\u00fcr optimalen Komfort und Stil.<\/li>\n<li>Erh\u00e4ltlich in einer umfassenden Gr\u00f6\u00dfenauswahl von 39 bis 45.<\/li>\n<li>Ideal f\u00fcr Gro\u00dfbestellungen: Mindestbestellmenge von 8 Paaren.<\/li>\n<li>Zuverl\u00e4ssige Lieferung innerhalb von 12 Tagen, zuz\u00fcglich Versandzeit.<\/li>\n<\/ul>","protected":false},"featured_media":3711,"template":"","meta":{"_acf_changed":false,"_uag_custom_page_level_css":"","site-sidebar-layout":"default","site-content-layout":"","ast-site-content-layout":"default","site-content-style":"default","site-sidebar-style":"default","ast-global-header-display":"","ast-banner-title-visibility":"","ast-main-header-display":"","ast-hfb-above-header-display":"","ast-hfb-below-header-display":"","ast-hfb-mobile-header-display":"","site-post-title":"","ast-breadcrumbs-content":"","ast-featured-img":"","footer-sml-layout":"","ast-disable-related-posts":"","theme-transparent-header-meta":"","adv-header-id-meta":"","stick-header-meta":"","header-above-stick-meta":"","header-main-stick-meta":"","header-below-stick-meta":"","astra-migrate-meta-layouts":"default","ast-page-background-enabled":"default","ast-page-background-meta":{"desktop":{"background-color":"var(--ast-global-color-4)","background-image":"","background-repeat":"repeat","background-position":"center center","background-size":"auto","background-attachment":"scroll","background-type":"","background-media":"","overlay-type":"","overlay-color":"","overlay-opacity":"","overlay-gradient":""},"tablet":{"background-color":"","background-image":"","background-repeat":"repeat","background-position":"center center","background-size":"auto","background-attachment":"scroll","background-type":"","background-media":"","overlay-type":"","overlay-color":"","overlay-opacity":"","overlay-gradient":""},"mobile":{"background-color":"","background-image":"","background-repeat":"repeat","background-position":"center center","background-size":"auto","background-attachment":"scroll","background-type":"","background-media":"","overlay-type":"","overlay-color":"","overlay-opacity":"","overlay-gradient":""}},"ast-content-background-meta":{"desktop":{"background-color":"var(--ast-global-color-5)","background-image":"","background-repeat":"repeat","background-position":"center center","background-size":"auto","background-attachment":"scroll","background-type":"","background-media":"","overlay-type":"","overlay-color":"","overlay-opacity":"","overlay-gradient":""},"tablet":{"background-color":"var(--ast-global-color-5)","background-image":"","background-repeat":"repeat","background-position":"center center","background-size":"auto","background-attachment":"scroll","background-type":"","background-media":"","overlay-type":"","overlay-color":"","overlay-opacity":"","overlay-gradient":""},"mobile":{"background-color":"var(--ast-global-color-5)","background-image":"","background-repeat":"repeat","background-position":"center center","background-size":"auto","background-attachment":"scroll","background-type":"","background-media":"","overlay-type":"","overlay-color":"","overlay-opacity":"","overlay-gradient":""}}},"product_brand":[],"product_cat":[47,430,40],"product_tag":[566,512,457,272,438,189,227,186,374,184,456],"class_list":{"0":"post-5523","1":"product","2":"type-product","3":"status-publish","4":"has-post-thumbnail","6":"product_cat-classic","7":"product_cat-men","8":"product_cat-mens-shoes","9":"product_tag-calfskin-shoes","10":"product_tag-casual-loafers","11":"product_tag-classic-loafers","12":"product_tag-comfort-shoes","13":"product_tag-eva-sole","14":"product_tag-goat-leather-lining","15":"product_tag-leather-shoes","16":"product_tag-mens-loafers","17":"product_tag-premium-loafers","18":"product_tag-slip-on-shoes","19":"product_tag-wholesale-loafers","20":"desktop-align-center","21":"tablet-align-center","22":"mobile-align-center","24":"first","25":"instock","26":"shipping-taxable","27":"purchasable","28":"product-type-variable","29":"has-default-attributes"},"acf":[],"uagb_featured_image_src":{"full":["https:\/\/turkishtrade.co\/wp-content\/uploads\/2026\/01\/2400EJOMN00301-DARK-BLUE-DKS_873-1-usd.png",453,250,false],"thumbnail":["https:\/\/turkishtrade.co\/wp-content\/uploads\/2026\/01\/2400EJOMN00301-DARK-BLUE-DKS_873-1-usd-150x150.png",150,150,true],"medium":["https:\/\/turkishtrade.co\/wp-content\/uploads\/2026\/01\/2400EJOMN00301-DARK-BLUE-DKS_873-1-usd-300x166.png",300,166,true],"medium_large":["https:\/\/turkishtrade.co\/wp-content\/uploads\/2026\/01\/2400EJOMN00301-DARK-BLUE-DKS_873-1-usd.png",453,250,false],"large":["https:\/\/turkishtrade.co\/wp-content\/uploads\/2026\/01\/2400EJOMN00301-DARK-BLUE-DKS_873-1-usd.png",453,250,false],"1536x1536":["https:\/\/turkishtrade.co\/wp-content\/uploads\/2026\/01\/2400EJOMN00301-DARK-BLUE-DKS_873-1-usd.png",453,250,false],"2048x2048":["https:\/\/turkishtrade.co\/wp-content\/uploads\/2026\/01\/2400EJOMN00301-DARK-BLUE-DKS_873-1-usd.png",453,250,false],"trp-custom-language-flag":["https:\/\/turkishtrade.co\/wp-content\/uploads\/2026\/01\/2400EJOMN00301-DARK-BLUE-DKS_873-1-usd-18x10.png",18,10,true],"woocommerce_thumbnail":["https:\/\/turkishtrade.co\/wp-content\/uploads\/2026\/01\/2400EJOMN00301-DARK-BLUE-DKS_873-1-usd-400x250.png",400,250,true],"woocommerce_single":["https:\/\/turkishtrade.co\/wp-content\/uploads\/2026\/01\/2400EJOMN00301-DARK-BLUE-DKS_873-1-usd.png",453,250,false],"woocommerce_gallery_thumbnail":["https:\/\/turkishtrade.co\/wp-content\/uploads\/2026\/01\/2400EJOMN00301-DARK-BLUE-DKS_873-1-usd-100x100.png",100,100,true]},"uagb_author_info":{"display_name":"yaser olabi","author_link":"https:\/\/turkishtrade.co\/de\/author\/"},"uagb_comment_info":0,"uagb_excerpt":"Crafted from 100% genuine calfskin outer leather and soft goat leather lining. Features a comfortable and lightweight EVA sole for all-day wear. Classic loafer design suitable for both casual and semi-formal occasions. Subtle 1-3 cm classic heel for optimal comfort and style. Available in a comprehensive size range from 39 to 45. Ideal for bulk&hellip;","_links":{"self":[{"href":"https:\/\/turkishtrade.co\/de\/wp-json\/wp\/v2\/product\/5523","targetHints":{"allow":["GET"]}}],"collection":[{"href":"https:\/\/turkishtrade.co\/de\/wp-json\/wp\/v2\/product"}],"about":[{"href":"https:\/\/turkishtrade.co\/de\/wp-json\/wp\/v2\/types\/product"}],"wp:featuredmedia":[{"embeddable":true,"href":"https:\/\/turkishtrade.co\/de\/wp-json\/wp\/v2\/media\/3711"}],"wp:attachment":[{"href":"https:\/\/turkishtrade.co\/de\/wp-json\/wp\/v2\/media?parent=5523"}],"wp:term":[{"taxonomy":"product_brand","embeddable":true,"href":"https:\/\/turkishtrade.co\/de\/wp-json\/wp\/v2\/product_brand?post=5523"},{"taxonomy":"product_cat","embeddable":true,"href":"https:\/\/turkishtrade.co\/de\/wp-json\/wp\/v2\/product_cat?post=5523"},{"taxonomy":"product_tag","embeddable":true,"href":"https:\/\/turkishtrade.co\/de\/wp-json\/wp\/v2\/product_tag?post=5523"}],"curies":[{"name":"wp","href":"https:\/\/api.w.org\/{rel}","templated":true}]}}