{"id":5520,"date":"2026-01-14T12:10:03","date_gmt":"2026-01-14T12:10:03","guid":{"rendered":"https:\/\/turkishtrade.co\/product\/mens-calf-leather-derby-shoes-2\/"},"modified":"2026-04-09T19:31:58","modified_gmt":"2026-04-09T19:31:58","slug":"mens-calf-leather-derby-shoes-2","status":"publish","type":"product","link":"https:\/\/turkishtrade.co\/de\/shop\/mens-calf-leather-derby-shoes-2\/","title":{"rendered":"Premium-Derby-Schuhe aus Kalbsleder f\u00fcr Herren"},"content":{"rendered":"<p><strong>Herren Derby-Schuhe aus Kalbsleder<\/strong><\/p>\n<p>Willkommen in einer Welt, in der klassische Eleganz und moderner Komfort in unseren exquisiten <b>Herren Derby-Schuhe aus Kalbsleder<\/b>. Diese sorgf\u00e4ltig gefertigten Schuhe sind f\u00fcr den anspruchsvollen Gentleman, der sowohl Stil als auch Substanz zu sch\u00e4tzen wei\u00df. Durch die perfekte Verbindung von traditioneller \u00c4sthetik und zeitgem\u00e4\u00dfer Haltbarkeit sind unsere <b>Herren Derby-Schuhe aus Kalbsleder<\/b> sind eine unverzichtbare Erg\u00e4nzung f\u00fcr jede anspruchsvolle Garderobe.<\/p>\n<p>Egal, ob Sie sich f\u00fcr ein wichtiges Gesch\u00e4ftstreffen oder einen stilvollen Freizeitausflug kleiden, diese hochwertigen Schuhe bilden die ideale Grundlage f\u00fcr Ihr Ensemble.<\/p>\n<p><h3>Unvergleichliche Handwerkskunst und Materialien<\/h3>\n<\/p>\n<p>Jedes Paar unserer <b>Herren Derby-Schuhe aus Kalbsleder<\/b> ist ein Zeugnis h\u00f6chster Handwerkskunst. Das Obermaterial wurde fachm\u00e4nnisch aus hochwertigem Kalbsleder gefertigt, das f\u00fcr seine weiche Textur, seine Festigkeit und seine F\u00e4higkeit, mit der Zeit eine einzigartige Patina zu entwickeln, bekannt ist. Dieses hochwertige Material sorgt daf\u00fcr, dass Ihre Schuhe nicht nur au\u00dfergew\u00f6hnlich aussehen, sondern auch den Strapazen des t\u00e4glichen Tragens standhalten.<\/p>\n<p>Im Inneren werden Ihre F\u00fc\u00dfe von dem luxuri\u00f6sen Komfort des Futters aus echtem Ziegenleder umh\u00fcllt. Ziegenleder ist bekannt f\u00fcr seine bemerkenswerte Weichheit, Atmungsaktivit\u00e4t und feuchtigkeitsableitenden Eigenschaften, die Ihre F\u00fc\u00dfe den ganzen Tag \u00fcber bequem und trocken halten. Diese Liebe zum inneren Detail zeichnet unsere <b>Herren Derby-Schuhe aus Kalbsleder<\/b> auseinander.<\/p>\n<p><h3>Entwickelt f\u00fcr Komfort und Vielseitigkeit<\/h3>\n<\/p>\n<p>Komfort steht in unserer Designphilosophie an erster Stelle. Die leichte und dennoch unglaublich haltbare EVA-Sohle bietet eine hervorragende Sto\u00dfd\u00e4mpfung und Flexibilit\u00e4t, wodurch diese <b>Herren Derby-Schuhe aus Kalbsleder<\/b> ein angenehmes Tragegef\u00fchl f\u00fcr l\u00e4ngere Zeit. Die klassische Derby-Silhouette, die sich durch ihr offenes Schn\u00fcrsystem auszeichnet, bietet einen vielseitigen Look, der nahtlos von formellen Anl\u00e4ssen zu l\u00e4ssig-eleganten Anl\u00e4ssen \u00fcbergehen kann.<\/p>\n<p>Die raffinierte Zehenkappe verleiht diesem Modell einen Hauch von zeitloser Raffinesse und sorgt f\u00fcr <b>Herren Derby-Schuhe aus Kalbsleder<\/b> erg\u00e4nzen eine Vielzahl von Outfits, vom Ma\u00dfanzug bis zu Chinos und Blazern.<\/p>\n<p>Erh\u00e4ltlich in sattem Blau und elegantem Braun, k\u00f6nnen Sie den perfekten Farbton w\u00e4hlen, der zu Ihrem pers\u00f6nlichen Stil passt. Wir bieten ein umfassendes Gr\u00f6\u00dfensortiment von 39 bis 45 an, das f\u00fcr jeden Herrn eine perfekte Passform gew\u00e4hrleistet.<\/p>\n<p><h3>Ihr zuverl\u00e4ssiger Partner f\u00fcr den Schuhgro\u00dfhandel<\/h3>\n<\/p>\n<p>F\u00fcr Einzelh\u00e4ndler und Unternehmen, die hochwertige Schuhe suchen, ist unser <b>Herren Derby-Schuhe aus Kalbsleder<\/b> sind f\u00fcr Gro\u00dfhandelsbestellungen verf\u00fcgbar. Wir ben\u00f6tigen eine Mindestbestellmenge von 8 Paar mit einer zuverl\u00e4ssigen Vorlaufzeit von 12 Tagen plus Versand. Bieten Sie Ihren Kunden gemeinsam mit uns hochwertige Lederschuhe an, die zeitlosen Stil, au\u00dfergew\u00f6hnlichen Komfort und lange Haltbarkeit vereinen.<\/p>\n<p>Erh\u00f6hen Sie Ihr Inventar mit diesen ausgezeichneten <b>Herren Derby-Schuhe aus Kalbsleder<\/b> und bieten Sie Ihrer Kundschaft ein wahres Luxuserlebnis. Investieren Sie in Qualit\u00e4t; w\u00e4hlen Sie unsere <b>Herren Derby-Schuhe aus Kalbsleder<\/b> f\u00fcr ein unvergleichliches Schuherlebnis.<\/p>","protected":false},"excerpt":{"rendered":"<ul>\n<li>Fachm\u00e4nnisch gefertigt aus hochwertigem Kalbsleder f\u00fcr ein raffiniertes Finish.<\/li>\n<li>Luxuri\u00f6ses Ziegenlederfutter sorgt f\u00fcr h\u00f6chsten Komfort und Atmungsaktivit\u00e4t.<\/li>\n<li>Leichte und flexible EVA-Sohle bietet ganzt\u00e4gigen Halt mit einem klassischen 1-3 cm hohen Absatz.<\/li>\n<li>Klassischer Derby-Stil mit raffinierter Kappe, der sich sowohl f\u00fcr formelle als auch f\u00fcr legere Anl\u00e4sse eignet.<\/li>\n<li>Erh\u00e4ltlich in einer breiten Palette von Gr\u00f6\u00dfen: 39, 40, 41, 42, 43, 44, 45.<\/li>\n<li>Gelegenheit f\u00fcr den Gro\u00dfhandel: Mindestbestellmenge 8 Paare mit einer Vorlaufzeit von 12 Tagen plus Versand.<\/li>\n<\/ul>","protected":false},"featured_media":3709,"template":"","meta":{"_acf_changed":false,"_uag_custom_page_level_css":"","site-sidebar-layout":"default","site-content-layout":"","ast-site-content-layout":"default","site-content-style":"default","site-sidebar-style":"default","ast-global-header-display":"","ast-banner-title-visibility":"","ast-main-header-display":"","ast-hfb-above-header-display":"","ast-hfb-below-header-display":"","ast-hfb-mobile-header-display":"","site-post-title":"","ast-breadcrumbs-content":"","ast-featured-img":"","footer-sml-layout":"","ast-disable-related-posts":"","theme-transparent-header-meta":"","adv-header-id-meta":"","stick-header-meta":"","header-above-stick-meta":"","header-main-stick-meta":"","header-below-stick-meta":"","astra-migrate-meta-layouts":"default","ast-page-background-enabled":"default","ast-page-background-meta":{"desktop":{"background-color":"var(--ast-global-color-4)","background-image":"","background-repeat":"repeat","background-position":"center center","background-size":"auto","background-attachment":"scroll","background-type":"","background-media":"","overlay-type":"","overlay-color":"","overlay-opacity":"","overlay-gradient":""},"tablet":{"background-color":"","background-image":"","background-repeat":"repeat","background-position":"center center","background-size":"auto","background-attachment":"scroll","background-type":"","background-media":"","overlay-type":"","overlay-color":"","overlay-opacity":"","overlay-gradient":""},"mobile":{"background-color":"","background-image":"","background-repeat":"repeat","background-position":"center center","background-size":"auto","background-attachment":"scroll","background-type":"","background-media":"","overlay-type":"","overlay-color":"","overlay-opacity":"","overlay-gradient":""}},"ast-content-background-meta":{"desktop":{"background-color":"var(--ast-global-color-5)","background-image":"","background-repeat":"repeat","background-position":"center center","background-size":"auto","background-attachment":"scroll","background-type":"","background-media":"","overlay-type":"","overlay-color":"","overlay-opacity":"","overlay-gradient":""},"tablet":{"background-color":"var(--ast-global-color-5)","background-image":"","background-repeat":"repeat","background-position":"center center","background-size":"auto","background-attachment":"scroll","background-type":"","background-media":"","overlay-type":"","overlay-color":"","overlay-opacity":"","overlay-gradient":""},"mobile":{"background-color":"var(--ast-global-color-5)","background-image":"","background-repeat":"repeat","background-position":"center center","background-size":"auto","background-attachment":"scroll","background-type":"","background-media":"","overlay-type":"","overlay-color":"","overlay-opacity":"","overlay-gradient":""}}},"product_brand":[],"product_cat":[47,430,40],"product_tag":[322,292,513,185,458,449,212,284,438,189,351,286,406,281],"class_list":{"0":"post-5520","1":"product","2":"type-product","3":"status-publish","4":"has-post-thumbnail","6":"product_cat-classic","7":"product_cat-men","8":"product_cat-mens-shoes","9":"product_tag-blue-leather-shoes","10":"product_tag-brown-leather-shoes","11":"product_tag-business-casual-shoes","12":"product_tag-calf-leather-shoes","13":"product_tag-cap-toe-shoes","14":"product_tag-casual-shoes","15":"product_tag-derby-shoes","16":"product_tag-dress-shoes","17":"product_tag-eva-sole","18":"product_tag-goat-leather-lining","19":"product_tag-leather-footwear","20":"product_tag-mens-leather-shoes","21":"product_tag-premium-shoes","22":"product_tag-wholesale-shoes","23":"desktop-align-center","24":"tablet-align-center","25":"mobile-align-center","27":"first","28":"instock","29":"shipping-taxable","30":"purchasable","31":"product-type-variable","32":"has-default-attributes"},"acf":[],"uagb_featured_image_src":{"full":["https:\/\/turkishtrade.co\/wp-content\/uploads\/2026\/01\/2400EJOMN00291-DARK-BROWN-Z_234.png",453,250,false],"thumbnail":["https:\/\/turkishtrade.co\/wp-content\/uploads\/2026\/01\/2400EJOMN00291-DARK-BROWN-Z_234-150x150.png",150,150,true],"medium":["https:\/\/turkishtrade.co\/wp-content\/uploads\/2026\/01\/2400EJOMN00291-DARK-BROWN-Z_234-300x166.png",300,166,true],"medium_large":["https:\/\/turkishtrade.co\/wp-content\/uploads\/2026\/01\/2400EJOMN00291-DARK-BROWN-Z_234.png",453,250,false],"large":["https:\/\/turkishtrade.co\/wp-content\/uploads\/2026\/01\/2400EJOMN00291-DARK-BROWN-Z_234.png",453,250,false],"1536x1536":["https:\/\/turkishtrade.co\/wp-content\/uploads\/2026\/01\/2400EJOMN00291-DARK-BROWN-Z_234.png",453,250,false],"2048x2048":["https:\/\/turkishtrade.co\/wp-content\/uploads\/2026\/01\/2400EJOMN00291-DARK-BROWN-Z_234.png",453,250,false],"trp-custom-language-flag":["https:\/\/turkishtrade.co\/wp-content\/uploads\/2026\/01\/2400EJOMN00291-DARK-BROWN-Z_234-18x10.png",18,10,true],"woocommerce_thumbnail":["https:\/\/turkishtrade.co\/wp-content\/uploads\/2026\/01\/2400EJOMN00291-DARK-BROWN-Z_234-400x250.png",400,250,true],"woocommerce_single":["https:\/\/turkishtrade.co\/wp-content\/uploads\/2026\/01\/2400EJOMN00291-DARK-BROWN-Z_234.png",453,250,false],"woocommerce_gallery_thumbnail":["https:\/\/turkishtrade.co\/wp-content\/uploads\/2026\/01\/2400EJOMN00291-DARK-BROWN-Z_234-100x100.png",100,100,true]},"uagb_author_info":{"display_name":"yaser olabi","author_link":"https:\/\/turkishtrade.co\/de\/author\/"},"uagb_comment_info":0,"uagb_excerpt":"Expertly crafted from premium Calf Leather for a refined finish. Luxurious Goat Leather lining ensures superior comfort and breathability. Lightweight and flexible EVA sole provides all-day support with a classic 1-3cm heel. Classic Derby style with a sophisticated cap toe, suitable for both formal and casual wear. Available in a wide range of sizes: 39,&hellip;","_links":{"self":[{"href":"https:\/\/turkishtrade.co\/de\/wp-json\/wp\/v2\/product\/5520","targetHints":{"allow":["GET"]}}],"collection":[{"href":"https:\/\/turkishtrade.co\/de\/wp-json\/wp\/v2\/product"}],"about":[{"href":"https:\/\/turkishtrade.co\/de\/wp-json\/wp\/v2\/types\/product"}],"wp:featuredmedia":[{"embeddable":true,"href":"https:\/\/turkishtrade.co\/de\/wp-json\/wp\/v2\/media\/3709"}],"wp:attachment":[{"href":"https:\/\/turkishtrade.co\/de\/wp-json\/wp\/v2\/media?parent=5520"}],"wp:term":[{"taxonomy":"product_brand","embeddable":true,"href":"https:\/\/turkishtrade.co\/de\/wp-json\/wp\/v2\/product_brand?post=5520"},{"taxonomy":"product_cat","embeddable":true,"href":"https:\/\/turkishtrade.co\/de\/wp-json\/wp\/v2\/product_cat?post=5520"},{"taxonomy":"product_tag","embeddable":true,"href":"https:\/\/turkishtrade.co\/de\/wp-json\/wp\/v2\/product_tag?post=5520"}],"curies":[{"name":"wp","href":"https:\/\/api.w.org\/{rel}","templated":true}]}}