{"id":5506,"date":"2026-01-14T12:08:35","date_gmt":"2026-01-14T12:08:35","guid":{"rendered":"https:\/\/turkishtrade.co\/product\/men-s-leather-loafer\/"},"modified":"2026-04-09T19:32:25","modified_gmt":"2026-04-09T19:32:25","slug":"mens-leather-loafer","status":"publish","type":"product","link":"https:\/\/turkishtrade.co\/de\/shop\/mens-leather-loafer\/","title":{"rendered":"Klassische Kalbsleder Loafers f\u00fcr M\u00e4nner"},"content":{"rendered":"<p><strong>Herren-Leder-Slipper<\/strong><\/p>\n<p>Steigen Sie ein in anspruchsvollen Komfort mit unserem <strong>Klassische Kalbsleder Loafers f\u00fcr M\u00e4nner<\/strong>, sind der Inbegriff von zeitlosem Stil und h\u00f6chster Handwerkskunst. Diese eleganten <strong>Herren-Leder-Slipper<\/strong> Schuhe wurden sorgf\u00e4ltig f\u00fcr den anspruchsvollen Gentleman entworfen, der sowohl \u00c4sthetik als auch Langlebigkeit sch\u00e4tzt. Ob Sie zu einem Gesch\u00e4ftstreffen, einem legeren Wochenendbrunch oder einer formellen Veranstaltung gehen, diese <strong>Herren-Leder-Slipper<\/strong> Schuhe bieten die perfekte Mischung aus Vielseitigkeit und Klasse.<\/p>\n<p>Erleben Sie den Unterschied, den hochwertige Materialien und eine fachm\u00e4nnische Konstruktion bei jedem Schritt ausmachen.<\/p>\n<p><h3>Un\u00fcbertroffene Handwerkskunst: Die Essenz unserer Loafer aus Leder f\u00fcr Herren<\/h3>\n<\/p>\n<p>Unser <strong>Herren-Leder-Slipper<\/strong> Kollektion zeichnet sich durch die Wahl von au\u00dfergew\u00f6hnlichen Materialien aus. Das \u00c4u\u00dfere besteht aus luxuri\u00f6sem, echtem Kalbsleder, das f\u00fcr seine glatte Textur, seine Widerstandsf\u00e4higkeit und sein elegantes Finish bekannt ist. Dieses hochwertige Kalbsleder sorgt daf\u00fcr, dass Ihr <strong>Herren-Leder-Slipper<\/strong> Schuhe sehen nicht nur pr\u00e4chtig aus, sondern halten auch der Zeit stand und entwickeln mit der Zeit eine einzigartige Patina.<\/p>\n<p>Erg\u00e4nzend zum robusten \u00c4u\u00dferen ist das Innere mit geschmeidigem Ziegenleder gef\u00fcttert, das eine unglaublich weiche und atmungsaktive Umgebung f\u00fcr Ihre F\u00fc\u00dfe bietet. Diese Kombination aus hochwertigem Leder bietet un\u00fcbertroffenen Komfort und tr\u00e4gt dazu bei, die Gesundheit der F\u00fc\u00dfe den ganzen Tag \u00fcber zu erhalten.<\/p>\n<p><h3>Entwickelt f\u00fcr ultimativen Komfort und dauerhaften Stil<\/h3>\n<\/p>\n<p>Komfort steht bei uns an erster Stelle <strong>Herren-Leder-Slipper<\/strong> Design. Jedes Paar verf\u00fcgt \u00fcber eine leichte und dennoch unglaublich haltbare EVA-Sohle, die f\u00fcr eine hervorragende D\u00e4mpfung und Unterst\u00fctzung sorgt. Die EVA-Sohle bietet Flexibilit\u00e4t und Sto\u00dfd\u00e4mpfung, so dass diese <strong>Herren-Leder-Slipper<\/strong> Schuhe ideal f\u00fcr langes Tragen.<\/p>\n<p>Mit einer klassischen Absatzh\u00f6he von 1 bis 3 cm erhalten diese Slipper ein raffiniertes Profil, ohne dabei an Komfort einzub\u00fc\u00dfen. Der Slip-on-Stil sorgt f\u00fcr einen hohen Tragekomfort und macht sie zu einer praktischen Wahl f\u00fcr M\u00e4nner, die viel unterwegs sind. Erh\u00e4ltlich in zeitlosem Schwarz und sattem Braun, erg\u00e4nzen diese Loafer m\u00fchelos eine breite Palette von Outfits, von ma\u00dfgeschneiderten Anz\u00fcgen bis hin zu eleganter Freizeitkleidung.<\/p>\n<p><h3>Gro\u00dfhandel Gelegenheit f\u00fcr Premium Herren Leder Loafers<\/h3>\n<\/p>\n<p>F\u00fcr Einzelh\u00e4ndler und Unternehmen ist unser <strong>Herren-Leder-Slipper<\/strong> Schuhe sind ab einer Mindestbestellmenge von 8 Paaren im Gro\u00dfhandel erh\u00e4ltlich. Dies macht sie zu einer ausgezeichneten Erg\u00e4nzung f\u00fcr jede Schuhkollektion und bietet Ihren Kunden hochwertige, stilvolle Optionen. Wir bieten eine breite Palette von Fu\u00dfgr\u00f6\u00dfen an, die EU 39, 40, 41, 42, 43, 44 und 45 abdecken.<\/p>\n<p>Unser Engagement f\u00fcr Qualit\u00e4t erstreckt sich auch auf die Lieferung: Bestellungen werden in der Regel innerhalb von 12 Tagen bearbeitet und versandt, zuz\u00fcglich der \u00fcblichen Versandzeit f\u00fcr Fracht. Investieren Sie in diese exquisiten <strong>Herren-Leder-Slipper<\/strong> Schuhe, die sowohl Eleganz als auch dauerhafte Anziehungskraft versprechen, ein wahres Grundnahrungsmittel f\u00fcr jede anspruchsvolle Garderobe.<\/p>","protected":false},"excerpt":{"rendered":"<p>Erh\u00f6hen Sie Ihren Stil mit unseren hochwertigen Classic Calf Leather Loafers:<\/p>\n<ul>\n<li><strong>Hochwertiges Material:<\/strong> Au\u00dfen aus echtem Kalbsleder und innen aus weichem Ziegenleder gefertigt.<\/li>\n<li><strong>Komfort-Sohle:<\/strong> Leichte und strapazierf\u00e4hige EVA-Sohle f\u00fcr ganzt\u00e4gigen Komfort.<\/li>\n<li><strong>Klassisches Design:<\/strong> Zeitloser Slipper mit bequemem 1-3 cm hohen Absatz.<\/li>\n<li><strong>Bulk-Verf\u00fcgbarkeit:<\/strong> Mindestbestellmenge 8 Paare, ideal f\u00fcr den Gro\u00dfhandel.<\/li>\n<li><strong>Verf\u00fcgbare Gr\u00f6\u00dfen:<\/strong> EU 39-45.<\/li>\n<\/ul>","protected":false},"featured_media":3699,"template":"","meta":{"_acf_changed":false,"_uag_custom_page_level_css":"","site-sidebar-layout":"default","site-content-layout":"","ast-site-content-layout":"default","site-content-style":"default","site-sidebar-style":"default","ast-global-header-display":"","ast-banner-title-visibility":"","ast-main-header-display":"","ast-hfb-above-header-display":"","ast-hfb-below-header-display":"","ast-hfb-mobile-header-display":"","site-post-title":"","ast-breadcrumbs-content":"","ast-featured-img":"","footer-sml-layout":"","ast-disable-related-posts":"","theme-transparent-header-meta":"","adv-header-id-meta":"","stick-header-meta":"","header-above-stick-meta":"","header-main-stick-meta":"","header-below-stick-meta":"","astra-migrate-meta-layouts":"default","ast-page-background-enabled":"default","ast-page-background-meta":{"desktop":{"background-color":"var(--ast-global-color-4)","background-image":"","background-repeat":"repeat","background-position":"center center","background-size":"auto","background-attachment":"scroll","background-type":"","background-media":"","overlay-type":"","overlay-color":"","overlay-opacity":"","overlay-gradient":""},"tablet":{"background-color":"","background-image":"","background-repeat":"repeat","background-position":"center center","background-size":"auto","background-attachment":"scroll","background-type":"","background-media":"","overlay-type":"","overlay-color":"","overlay-opacity":"","overlay-gradient":""},"mobile":{"background-color":"","background-image":"","background-repeat":"repeat","background-position":"center center","background-size":"auto","background-attachment":"scroll","background-type":"","background-media":"","overlay-type":"","overlay-color":"","overlay-opacity":"","overlay-gradient":""}},"ast-content-background-meta":{"desktop":{"background-color":"var(--ast-global-color-5)","background-image":"","background-repeat":"repeat","background-position":"center center","background-size":"auto","background-attachment":"scroll","background-type":"","background-media":"","overlay-type":"","overlay-color":"","overlay-opacity":"","overlay-gradient":""},"tablet":{"background-color":"var(--ast-global-color-5)","background-image":"","background-repeat":"repeat","background-position":"center center","background-size":"auto","background-attachment":"scroll","background-type":"","background-media":"","overlay-type":"","overlay-color":"","overlay-opacity":"","overlay-gradient":""},"mobile":{"background-color":"var(--ast-global-color-5)","background-image":"","background-repeat":"repeat","background-position":"center center","background-size":"auto","background-attachment":"scroll","background-type":"","background-media":"","overlay-type":"","overlay-color":"","overlay-opacity":"","overlay-gradient":""}}},"product_brand":[],"product_cat":[47,430,40],"product_tag":[513,185,457,438,352,189,719,184,281],"class_list":{"0":"post-5506","1":"product","2":"type-product","3":"status-publish","4":"has-post-thumbnail","6":"product_cat-classic","7":"product_cat-men","8":"product_cat-mens-shoes","9":"product_tag-business-casual-shoes","10":"product_tag-calf-leather-shoes","11":"product_tag-classic-loafers","12":"product_tag-eva-sole","13":"product_tag-formal-loafers","14":"product_tag-goat-leather-lining","15":"product_tag-mens-leather-loafers","16":"product_tag-slip-on-shoes","17":"product_tag-wholesale-shoes","18":"desktop-align-center","19":"tablet-align-center","20":"mobile-align-center","22":"first","23":"instock","24":"shipping-taxable","25":"purchasable","26":"product-type-variable","27":"has-default-attributes"},"acf":[],"uagb_featured_image_src":{"full":["https:\/\/turkishtrade.co\/wp-content\/uploads\/2026\/01\/2400EJOMN00283-DARK-BROWN-DKS_02.png",453,250,false],"thumbnail":["https:\/\/turkishtrade.co\/wp-content\/uploads\/2026\/01\/2400EJOMN00283-DARK-BROWN-DKS_02.png",150,83,false],"medium":["https:\/\/turkishtrade.co\/wp-content\/uploads\/2026\/01\/2400EJOMN00283-DARK-BROWN-DKS_02.png",300,166,false],"medium_large":["https:\/\/turkishtrade.co\/wp-content\/uploads\/2026\/01\/2400EJOMN00283-DARK-BROWN-DKS_02.png",453,250,false],"large":["https:\/\/turkishtrade.co\/wp-content\/uploads\/2026\/01\/2400EJOMN00283-DARK-BROWN-DKS_02.png",453,250,false],"1536x1536":["https:\/\/turkishtrade.co\/wp-content\/uploads\/2026\/01\/2400EJOMN00283-DARK-BROWN-DKS_02.png",453,250,false],"2048x2048":["https:\/\/turkishtrade.co\/wp-content\/uploads\/2026\/01\/2400EJOMN00283-DARK-BROWN-DKS_02.png",453,250,false],"trp-custom-language-flag":["https:\/\/turkishtrade.co\/wp-content\/uploads\/2026\/01\/2400EJOMN00283-DARK-BROWN-DKS_02.png",18,10,false],"woocommerce_thumbnail":["https:\/\/turkishtrade.co\/wp-content\/uploads\/2026\/01\/2400EJOMN00283-DARK-BROWN-DKS_02-400x250.png",400,250,true],"woocommerce_single":["https:\/\/turkishtrade.co\/wp-content\/uploads\/2026\/01\/2400EJOMN00283-DARK-BROWN-DKS_02.png",453,250,false],"woocommerce_gallery_thumbnail":["https:\/\/turkishtrade.co\/wp-content\/uploads\/2026\/01\/2400EJOMN00283-DARK-BROWN-DKS_02-100x100.png",100,100,true]},"uagb_author_info":{"display_name":"yaser olabi","author_link":"https:\/\/turkishtrade.co\/de\/author\/"},"uagb_comment_info":0,"uagb_excerpt":"Elevate your style with our premium Classic Calf Leather Loafers: Premium Material: Crafted with genuine calf leather exterior and soft goat leather interior. Comfort Sole: Lightweight and durable EVA sole for all-day comfort. Classic Design: Timeless slip-on loafer style with a comfortable 1-3cm heel. Bulk Availability: Minimum order of 8 pairs, ideal for wholesale. Available&hellip;","_links":{"self":[{"href":"https:\/\/turkishtrade.co\/de\/wp-json\/wp\/v2\/product\/5506","targetHints":{"allow":["GET"]}}],"collection":[{"href":"https:\/\/turkishtrade.co\/de\/wp-json\/wp\/v2\/product"}],"about":[{"href":"https:\/\/turkishtrade.co\/de\/wp-json\/wp\/v2\/types\/product"}],"wp:featuredmedia":[{"embeddable":true,"href":"https:\/\/turkishtrade.co\/de\/wp-json\/wp\/v2\/media\/3699"}],"wp:attachment":[{"href":"https:\/\/turkishtrade.co\/de\/wp-json\/wp\/v2\/media?parent=5506"}],"wp:term":[{"taxonomy":"product_brand","embeddable":true,"href":"https:\/\/turkishtrade.co\/de\/wp-json\/wp\/v2\/product_brand?post=5506"},{"taxonomy":"product_cat","embeddable":true,"href":"https:\/\/turkishtrade.co\/de\/wp-json\/wp\/v2\/product_cat?post=5506"},{"taxonomy":"product_tag","embeddable":true,"href":"https:\/\/turkishtrade.co\/de\/wp-json\/wp\/v2\/product_tag?post=5506"}],"curies":[{"name":"wp","href":"https:\/\/api.w.org\/{rel}","templated":true}]}}