{"id":5503,"date":"2026-01-14T12:08:12","date_gmt":"2026-01-14T12:08:12","guid":{"rendered":"https:\/\/turkishtrade.co\/product\/men-casual-leather-loafers\/"},"modified":"2026-04-09T19:32:31","modified_gmt":"2026-04-09T19:32:31","slug":"mens-casual-leather-loafers-4","status":"publish","type":"product","link":"https:\/\/turkishtrade.co\/de\/shop\/mens-casual-leather-loafers-4\/","title":{"rendered":"Herren Premium Kalbsleder Loafers"},"content":{"rendered":"<p><strong>Herren Casual Leder Loafers<\/strong><\/p>\n<p>Entdecken Sie den Inbegriff von anspruchsvollem Komfort mit unseren exquisiten <b>Herren Casual Leder Loafers<\/b>. Diese Loafer wurden f\u00fcr den modernen Gentleman entworfen, der sowohl Stil als auch Substanz sch\u00e4tzt, und sind ein Zeugnis f\u00fcr hervorragende Handwerkskunst und zeitloses Design. Jedes Paar dieser Premium <b>Herren Casual Leder Loafers<\/b> bietet eine unvergleichliche Mischung aus klassischer \u00c4sthetik und modernem Komfort und ist damit eine unverzichtbare Erg\u00e4nzung f\u00fcr jede anspruchsvolle Garderobe.<\/p>\n<p>Egal, ob Sie sich f\u00fcr ein Gesch\u00e4ftstreffen oder eine l\u00e4ssige Veranstaltung kleiden oder einfach nur raffinierte Alltagsschuhe suchen, diese vielseitigen <b>Herren Casual Leder Loafers<\/b> an allen Fronten liefern.<\/p>\n<p><h3>Un\u00fcbertroffene Handwerkskunst und hochwertige Materialien<\/h3>\n<\/p>\n<p>Das \u00c4u\u00dfere dieser luxuri\u00f6sen, mit viel Liebe zum Detail gefertigten <b>Herren Casual Leder Loafers<\/b> besteht aus feinstem Kalbsleder. Diese Materialwahl bietet nicht nur ein reichhaltiges, elegantes Finish in vielseitigen Braun- und Dunkelbraunt\u00f6nen, sondern sorgt auch f\u00fcr au\u00dfergew\u00f6hnliche Haltbarkeit und ein nat\u00fcrliches, atmungsaktives Gef\u00fchl, das sich mit der Zeit an Ihren Fu\u00df anpasst.<\/p>\n<p>Die glatte, geschmeidige Textur des Kalbsleders macht diese <b>Herren Casual Leder Loafers<\/b> ein wahrhaft luxuri\u00f6ses haptisches Erlebnis. Erg\u00e4nzend zum robusten \u00c4u\u00dferen ist das Innere pr\u00e4chtig mit weichem Ziegenleder gef\u00fcttert, das f\u00fcr seine au\u00dfergew\u00f6hnliche Weichheit und Atmungsaktivit\u00e4t bekannt ist. Dieses Innenfutter garantiert h\u00f6chsten Komfort, leitet Feuchtigkeit ab und sorgt f\u00fcr eine handschuh\u00e4hnliche Passform, die Ihren F\u00fc\u00dfen den ganzen Tag \u00fcber ein angenehmes Tragegef\u00fchl bietet und das Tragen dieser Schuhe noch angenehmer macht. <b>Herren Casual Leder Loafers<\/b>.<\/p>\n<p><h3>Komfort trifft auf Stil: Der perfekte Loafer f\u00fcr jeden Tag<\/h3>\n<\/p>\n<p>Die Grundlage f\u00fcr diese herausragenden <b>Herren Casual Leder Loafers<\/b> liegt in ihrer leichten EVA-Sohle. Dieses innovative Material bietet eine hervorragende Sto\u00dfd\u00e4mpfung und Flexibilit\u00e4t und sorgt daf\u00fcr, dass jeder Schritt ged\u00e4mpft und bequem ist. Der niedrige Absatz von 1 bis 3 cm sorgt f\u00fcr eine subtile Erh\u00f6hung, ohne die Stabilit\u00e4t oder den entspannten, aber raffinierten, l\u00e4ssigen Look zu beeintr\u00e4chtigen.<\/p>\n<p>Das klassische Slip-on-Design wird durch eine elegante Metallschnalle aufgewertet, die diesen Slippern einen Hauch von Raffinesse verleiht und sie \u00fcber das Gew\u00f6hnliche hinaushebt. Erh\u00e4ltlich in einer breiten Palette von EU-Gr\u00f6\u00dfen von 39 bis 45, diese stilvolle <b>Herren Casual Leder Loafers<\/b> eine breite Klientel ansprechen, so dass sie f\u00fcr viele perfekt passen.<\/p>\n<p><h3>Ideal f\u00fcr Gro\u00dfbestellungen und Einzelh\u00e4ndler<\/h3>\n<\/p>\n<p>F\u00fcr Einzelh\u00e4ndler und Unternehmen sind diese au\u00dfergew\u00f6hnlichen <b>Herren Casual Leder Loafers<\/b> sind eine hervorragende M\u00f6glichkeit, Ihr Produktangebot zu erweitern. Wir bieten eine Mindestbestellmenge von 8 Paaren an, so dass Sie bequem und effizient eine Vielzahl von Gr\u00f6\u00dfen und Farben vorr\u00e4tig haben, um die Anforderungen Ihrer Kunden zu erf\u00fcllen. Unser rationalisierter Produktions- und zuverl\u00e4ssiger Versandprozess gew\u00e4hrleistet eine Lieferzeit von ca. 12 Tagen plus Versand, so dass Sie Ihren Lagerbestand schnell wieder auff\u00fcllen k\u00f6nnen.<\/p>\n<p>Investieren Sie in Qualit\u00e4t, Komfort und dauerhaften Stil, den Ihre Kunden zweifelsohne zu sch\u00e4tzen wissen. Diese <b>Herren Casual Leder Loafers<\/b> sind mehr als nur Schuhe; sie sind ein Erlebnis von raffiniertem Komfort und zeitloser Eleganz, perfekt f\u00fcr den Berufst\u00e4tigen oder die stilbewusste Einzelperson auf der Suche nach <b>Herren Casual Leder Loafers<\/b>.<\/p>","protected":false},"excerpt":{"rendered":"<ul>\n<li>Obermaterial aus hochwertigem Kalbsleder f\u00fcr \u00fcberlegene Haltbarkeit und Stil<\/li>\n<li>Luxuri\u00f6ses Ziegenleder-Futter f\u00fcr ultimativen Komfort und Atmungsaktivit\u00e4t<\/li>\n<li>Leichte EVA-Sohle f\u00fcr ged\u00e4mpfte Schritte und ganzt\u00e4gigen Tragekomfort<\/li>\n<li>Klassisches Loafer-Design mit elegantem Schnallendetail<\/li>\n<li>Bequemer niedriger Absatz (1-3 cm)<\/li>\n<li>Erh\u00e4ltlich in EU-Gr\u00f6\u00dfen: 39, 40, 41, 42, 43, 44, 45<\/li>\n<li>Mindestbestellmenge: 8 Paare<\/li>\n<li>Lieferzeit: 12 Tage + Versand<\/li>\n<\/ul>","protected":false},"featured_media":3697,"template":"","meta":{"_acf_changed":false,"_uag_custom_page_level_css":"","site-sidebar-layout":"default","site-content-layout":"","ast-site-content-layout":"default","site-content-style":"default","site-sidebar-style":"default","ast-global-header-display":"","ast-banner-title-visibility":"","ast-main-header-display":"","ast-hfb-above-header-display":"","ast-hfb-below-header-display":"","ast-hfb-mobile-header-display":"","site-post-title":"","ast-breadcrumbs-content":"","ast-featured-img":"","footer-sml-layout":"","ast-disable-related-posts":"","theme-transparent-header-meta":"","adv-header-id-meta":"","stick-header-meta":"","header-above-stick-meta":"","header-main-stick-meta":"","header-below-stick-meta":"","astra-migrate-meta-layouts":"default","ast-page-background-enabled":"default","ast-page-background-meta":{"desktop":{"background-color":"var(--ast-global-color-4)","background-image":"","background-repeat":"repeat","background-position":"center center","background-size":"auto","background-attachment":"scroll","background-type":"","background-media":"","overlay-type":"","overlay-color":"","overlay-opacity":"","overlay-gradient":""},"tablet":{"background-color":"","background-image":"","background-repeat":"repeat","background-position":"center center","background-size":"auto","background-attachment":"scroll","background-type":"","background-media":"","overlay-type":"","overlay-color":"","overlay-opacity":"","overlay-gradient":""},"mobile":{"background-color":"","background-image":"","background-repeat":"repeat","background-position":"center center","background-size":"auto","background-attachment":"scroll","background-type":"","background-media":"","overlay-type":"","overlay-color":"","overlay-opacity":"","overlay-gradient":""}},"ast-content-background-meta":{"desktop":{"background-color":"var(--ast-global-color-5)","background-image":"","background-repeat":"repeat","background-position":"center center","background-size":"auto","background-attachment":"scroll","background-type":"","background-media":"","overlay-type":"","overlay-color":"","overlay-opacity":"","overlay-gradient":""},"tablet":{"background-color":"var(--ast-global-color-5)","background-image":"","background-repeat":"repeat","background-position":"center center","background-size":"auto","background-attachment":"scroll","background-type":"","background-media":"","overlay-type":"","overlay-color":"","overlay-opacity":"","overlay-gradient":""},"mobile":{"background-color":"var(--ast-global-color-5)","background-image":"","background-repeat":"repeat","background-position":"center center","background-size":"auto","background-attachment":"scroll","background-type":"","background-media":"","overlay-type":"","overlay-color":"","overlay-opacity":"","overlay-gradient":""}}},"product_brand":[],"product_cat":[47,430,40],"product_tag":[949,147,315,202,449,950,725,284,438,189,215,198,186,184,456],"class_list":{"0":"post-5503","1":"product","2":"type-product","3":"status-publish","4":"has-post-thumbnail","6":"product_cat-classic","7":"product_cat-men","8":"product_cat-mens-shoes","9":"product_tag-b2b-footwear","10":"product_tag-brown-loafers","11":"product_tag-buckle-loafers","12":"product_tag-calf-leather","13":"product_tag-casual-shoes","14":"product_tag-comfort-loafers","15":"product_tag-dark-brown-loafers","16":"product_tag-dress-shoes","17":"product_tag-eva-sole","18":"product_tag-goat-leather-lining","19":"product_tag-leather-loafers","20":"product_tag-mens-fashion","21":"product_tag-mens-loafers","22":"product_tag-slip-on-shoes","23":"product_tag-wholesale-loafers","24":"desktop-align-center","25":"tablet-align-center","26":"mobile-align-center","28":"first","29":"instock","30":"shipping-taxable","31":"purchasable","32":"product-type-variable","33":"has-default-attributes"},"acf":[],"uagb_featured_image_src":{"full":["https:\/\/turkishtrade.co\/wp-content\/uploads\/2026\/01\/2400EJOMN00282-DARK-BROWN-Y_871.png",453,250,false],"thumbnail":["https:\/\/turkishtrade.co\/wp-content\/uploads\/2026\/01\/2400EJOMN00282-DARK-BROWN-Y_871-150x150.png",150,150,true],"medium":["https:\/\/turkishtrade.co\/wp-content\/uploads\/2026\/01\/2400EJOMN00282-DARK-BROWN-Y_871-300x166.png",300,166,true],"medium_large":["https:\/\/turkishtrade.co\/wp-content\/uploads\/2026\/01\/2400EJOMN00282-DARK-BROWN-Y_871.png",453,250,false],"large":["https:\/\/turkishtrade.co\/wp-content\/uploads\/2026\/01\/2400EJOMN00282-DARK-BROWN-Y_871.png",453,250,false],"1536x1536":["https:\/\/turkishtrade.co\/wp-content\/uploads\/2026\/01\/2400EJOMN00282-DARK-BROWN-Y_871.png",453,250,false],"2048x2048":["https:\/\/turkishtrade.co\/wp-content\/uploads\/2026\/01\/2400EJOMN00282-DARK-BROWN-Y_871.png",453,250,false],"trp-custom-language-flag":["https:\/\/turkishtrade.co\/wp-content\/uploads\/2026\/01\/2400EJOMN00282-DARK-BROWN-Y_871-18x10.png",18,10,true],"woocommerce_thumbnail":["https:\/\/turkishtrade.co\/wp-content\/uploads\/2026\/01\/2400EJOMN00282-DARK-BROWN-Y_871-400x250.png",400,250,true],"woocommerce_single":["https:\/\/turkishtrade.co\/wp-content\/uploads\/2026\/01\/2400EJOMN00282-DARK-BROWN-Y_871.png",453,250,false],"woocommerce_gallery_thumbnail":["https:\/\/turkishtrade.co\/wp-content\/uploads\/2026\/01\/2400EJOMN00282-DARK-BROWN-Y_871-100x100.png",100,100,true]},"uagb_author_info":{"display_name":"yaser olabi","author_link":"https:\/\/turkishtrade.co\/de\/author\/"},"uagb_comment_info":0,"uagb_excerpt":"Premium Calf Leather Upper for superior durability and style Luxurious Goat Leather Lining for ultimate comfort and breathability Lightweight EVA Sole for cushioned steps and all-day wear Classic Loafer Design with elegant buckle detail Comfortable Low Heel (1-3 cm) Available in EU Sizes: 39, 40, 41, 42, 43, 44, 45 Minimum Order Quantity: 8 Pairs&hellip;","_links":{"self":[{"href":"https:\/\/turkishtrade.co\/de\/wp-json\/wp\/v2\/product\/5503","targetHints":{"allow":["GET"]}}],"collection":[{"href":"https:\/\/turkishtrade.co\/de\/wp-json\/wp\/v2\/product"}],"about":[{"href":"https:\/\/turkishtrade.co\/de\/wp-json\/wp\/v2\/types\/product"}],"wp:featuredmedia":[{"embeddable":true,"href":"https:\/\/turkishtrade.co\/de\/wp-json\/wp\/v2\/media\/3697"}],"wp:attachment":[{"href":"https:\/\/turkishtrade.co\/de\/wp-json\/wp\/v2\/media?parent=5503"}],"wp:term":[{"taxonomy":"product_brand","embeddable":true,"href":"https:\/\/turkishtrade.co\/de\/wp-json\/wp\/v2\/product_brand?post=5503"},{"taxonomy":"product_cat","embeddable":true,"href":"https:\/\/turkishtrade.co\/de\/wp-json\/wp\/v2\/product_cat?post=5503"},{"taxonomy":"product_tag","embeddable":true,"href":"https:\/\/turkishtrade.co\/de\/wp-json\/wp\/v2\/product_tag?post=5503"}],"curies":[{"name":"wp","href":"https:\/\/api.w.org\/{rel}","templated":true}]}}