{"id":5500,"date":"2026-01-14T12:07:52","date_gmt":"2026-01-14T12:07:52","guid":{"rendered":"https:\/\/turkishtrade.co\/product\/men-leather-cap-toe-derby-shoes\/"},"modified":"2026-04-09T19:32:36","modified_gmt":"2026-04-09T19:32:36","slug":"mens-leather-cap-toe-derby-shoes","status":"publish","type":"product","link":"https:\/\/turkishtrade.co\/de\/shop\/mens-leather-cap-toe-derby-shoes\/","title":{"rendered":"Herren Premium Leder Cap-Toe Derby Dress Schuhe"},"content":{"rendered":"<p><strong>Herren Leder Cap-Toe Derby Schuhe<\/strong><\/p>\n<p>Erleben Sie unvergleichliche Raffinesse mit unserer exquisiten Kollektion von <strong>Herren Leder Cap-Toe Derby Schuhe<\/strong>. Diese sorgf\u00e4ltig f\u00fcr den anspruchsvollen Gentleman entworfenen Schuhe verbinden klassischen Stil mit modernem Komfort und sind damit eine unverzichtbare Erg\u00e4nzung f\u00fcr jede Garderobe. Egal, ob Sie an einem formellen Gesch\u00e4ftstreffen, einer Hochzeit oder einer raffinierten Abendveranstaltung teilnehmen, diese hochwertigen <strong>Leder-Derby-Schuhe f\u00fcr Herren mit Kappe<\/strong> werden Sie mit ihrer eleganten Silhouette und der hochwertigen Verarbeitung einen bleibenden Eindruck hinterlassen und verk\u00f6rpern die Essenz von hochwertigem formellen Schuhwerk.<\/p>\n<p><h3>Unerreichte Qualit\u00e4t und handwerkliche Exzellenz bei Derby-Schuhen<\/h3>\n<\/p>\n<p>Jedes Paar unserer <strong>Herren Leder Cap-Toe Derby Schuhe<\/strong> ist ein Beweis f\u00fcr au\u00dfergew\u00f6hnliches handwerkliches Geschick. Die \u00e4u\u00dfere Oberfl\u00e4che ist fachm\u00e4nnisch gefertigt aus <strong>echtes Kalbsleder<\/strong>, ist bekannt f\u00fcr seine glatte Textur, Haltbarkeit und sein luxuri\u00f6ses Aussehen. Dieses hochwertige Leder sieht nicht nur pr\u00e4chtig aus, sondern passt sich mit der Zeit auch an Ihren Fu\u00df an und bietet eine individuelle Passform.<\/p>\n<p>Erg\u00e4nzend dazu ist der Innenraum mit herrlich weichem Material ausgekleidet. <strong>Ziegenleder<\/strong>, und bietet Atmungsaktivit\u00e4t und ein au\u00dfergew\u00f6hnlich angenehmes Gef\u00fchl auf der Haut. Diese Dual-Leder-Konstruktion sorgt sowohl f\u00fcr einen robusten \u00e4u\u00dferen Schutz als auch f\u00fcr ein weiches inneres Erlebnis. <strong>Leder-Derby-Schuhe f\u00fcr Herren mit Kappe<\/strong> als eine \u00fcberlegene Wahl.<\/p>\n<p><h3>Entwickelt f\u00fcr optimalen Komfort und dauerhaften Stil<\/h3>\n<\/p>\n<p>Komfort ist oberstes Gebot, ohne Kompromisse beim Stil einzugehen. Unser <strong>Herren Leder Cap-Toe Derby Schuhe<\/strong> ein leichtes, aber sehr haltbares Material <strong>EVA-Sohle<\/strong>. Diese fortschrittliche Sohlentechnologie bietet hervorragende Sto\u00dfd\u00e4mpfung, Flexibilit\u00e4t und Traktion, so dass Sie sich den ganzen Tag m\u00fchelos bewegen k\u00f6nnen.<\/p>\n<p>Die klassische Absatzh\u00f6he von 1 bis 3 cm sorgt f\u00fcr einen subtilen Auftrieb und ein raffiniertes Profil, das sich perfekt f\u00fcr das berufliche Umfeld eignet. Die vornehme Kappe verleiht dem Schuh einen Hauch von traditioneller Eleganz und macht ihn vielseitig einsetzbar. <strong>Leder-Derby-Schuhe f\u00fcr Herren mit Kappe<\/strong> Sie passen zu einer Vielzahl von Outfits, von eleganten Anz\u00fcgen bis hin zu ma\u00dfgeschneiderten, l\u00e4ssigen Ensembles.<\/p>\n<p>Erleben Sie die perfekte Harmonie aus klassischer \u00c4sthetik und zeitgem\u00e4\u00dfem Komfort mit diesen au\u00dfergew\u00f6hnlichen Schuhen, die wahrlich ein Ma\u00dfstab f\u00fcr <strong>Leder-Derby-Schuhe f\u00fcr Herren mit Kappe<\/strong>.<\/p>\n<p><h3>Vielseitigkeit f\u00fcr jede Gelegenheit mit Ihren Derby-Schuhen<\/h3>\n<\/p>\n<p>Die zeitlose Anziehungskraft dieser <strong>Herren Leder Cap-Toe Derby Schuhe<\/strong> macht sie unglaublich vielseitig. Sie sind der Inbegriff von Business-Kleidung und bieten einen polierten und professionellen Look. Au\u00dferhalb des Sitzungssaals lassen sie sich nahtlos zu halb-formellen Anl\u00e4ssen tragen und verleihen ihnen ein elegantes Flair.<\/p>\n<p>Investieren Sie in ein Paar hochwertige <strong>Leder-Derby-Schuhe f\u00fcr Herren mit Kappe<\/strong> die nicht nur Ihren Stil unterstreichen, sondern auch dauerhaften Komfort und Qualit\u00e4t bieten. Diese Schuhe sind nicht einfach nur Schuhe, sie sind eine Erweiterung Ihres pers\u00f6nlichen Stils und spiegeln Ihre Wertsch\u00e4tzung f\u00fcr Qualit\u00e4t und Tradition wider. Wir bieten auch verschiedene Farben an, darunter klassisches Schwarz und sattes Braun, die perfekt zu Ihren Vorlieben und Ihrer Garderobe passen, damit Sie den perfekten Schuh finden. <strong>Leder-Derby-Schuhe f\u00fcr Herren mit Kappe<\/strong> f\u00fcr jede Gelegenheit.<\/p>\n<p><h3>Gro\u00dfhandelsm\u00f6glichkeiten und zuverl\u00e4ssiger Service f\u00fcr Derby-Schuhe<\/h3>\n<\/p>\n<p>F\u00fcr Einzelh\u00e4ndler und Unternehmen bieten wir diese hochwertigen <strong>Herren Leder Cap-Toe Derby Schuhe<\/strong> mit einer Mindestbestellmenge von 8 Paaren. Unser effizienter Produktions- und Versandprozess stellt sicher, dass Ihre Bestellung innerhalb von 12 Tagen versandfertig ist, gefolgt von einer Standardfrachtlieferung. Mit den verf\u00fcgbaren Gr\u00f6\u00dfen von EU 39 bis 45 k\u00f6nnen Sie einen breiten Kundenstamm mit hochwertigem, formellem Schuhwerk versorgen, das den Test der Zeit besteht.<\/p>\n<p>W\u00e4hlen Sie unser exquisites <strong>Leder-Derby-Schuhe f\u00fcr Herren mit Kappe<\/strong> f\u00fcr eine Mischung aus Luxus, Komfort und Zuverl\u00e4ssigkeit in Ihrem Bestand.<\/p>","protected":false},"excerpt":{"rendered":"<ul>\n<li><strong>Hochwertige Handwerkskunst:<\/strong> Fachm\u00e4nnisch handgefertigt aus hochwertigen Materialien f\u00fcr dauerhafte Qualit\u00e4t.<\/li>\n<li><strong>Luxuri\u00f6se Materialien:<\/strong> Obermaterial aus echtem Kalbsleder, Innenfutter aus weichem Ziegenleder.<\/li>\n<li><strong>Komfortbetonte Sohle:<\/strong> Die leichte und flexible EVA-Sohle sorgt f\u00fcr ganzt\u00e4gigen Tragekomfort und hervorragende Traktion.<\/li>\n<li><strong>Klassischer Derby-Stil:<\/strong> Elegante Zehenkappe, die sowohl zu formellen als auch zu legeren Anl\u00e4ssen passt.<\/li>\n<li><strong>Vielseitig Absatzh\u00f6he:<\/strong> Standard 1-3 cm Absatz f\u00fcr zeitlose Attraktivit\u00e4t und bequeme K\u00f6rperhaltung.<\/li>\n<li><strong>Verf\u00fcgbare Gr\u00f6\u00dfen:<\/strong> Umfassende Palette von EU 39 bis 45, um eine perfekte Passform f\u00fcr verschiedene Kunden zu gew\u00e4hrleisten.<\/li>\n<li><strong>Bulk-Verf\u00fcgbarkeit:<\/strong> Mindestbestellmenge von 8 Paaren f\u00fcr einen effizienten Einkauf im Gro\u00dfhandel.<\/li>\n<li><strong>Effiziente Lieferung:<\/strong> Bestellungen werden innerhalb von 12 Tagen bearbeitet und versandfertig gemacht, zuz\u00fcglich der \u00fcblichen Frachttransportzeit.<\/li>\n<\/ul>","protected":false},"featured_media":3695,"template":"","meta":{"_acf_changed":false,"_uag_custom_page_level_css":"","site-sidebar-layout":"default","site-content-layout":"","ast-site-content-layout":"default","site-content-style":"default","site-sidebar-style":"default","ast-global-header-display":"","ast-banner-title-visibility":"","ast-main-header-display":"","ast-hfb-above-header-display":"","ast-hfb-below-header-display":"","ast-hfb-mobile-header-display":"","site-post-title":"","ast-breadcrumbs-content":"","ast-featured-img":"","footer-sml-layout":"","ast-disable-related-posts":"","theme-transparent-header-meta":"","adv-header-id-meta":"","stick-header-meta":"","header-above-stick-meta":"","header-main-stick-meta":"","header-below-stick-meta":"","astra-migrate-meta-layouts":"default","ast-page-background-enabled":"default","ast-page-background-meta":{"desktop":{"background-color":"var(--ast-global-color-4)","background-image":"","background-repeat":"repeat","background-position":"center center","background-size":"auto","background-attachment":"scroll","background-type":"","background-media":"","overlay-type":"","overlay-color":"","overlay-opacity":"","overlay-gradient":""},"tablet":{"background-color":"","background-image":"","background-repeat":"repeat","background-position":"center center","background-size":"auto","background-attachment":"scroll","background-type":"","background-media":"","overlay-type":"","overlay-color":"","overlay-opacity":"","overlay-gradient":""},"mobile":{"background-color":"","background-image":"","background-repeat":"repeat","background-position":"center center","background-size":"auto","background-attachment":"scroll","background-type":"","background-media":"","overlay-type":"","overlay-color":"","overlay-opacity":"","overlay-gradient":""}},"ast-content-background-meta":{"desktop":{"background-color":"var(--ast-global-color-5)","background-image":"","background-repeat":"repeat","background-position":"center center","background-size":"auto","background-attachment":"scroll","background-type":"","background-media":"","overlay-type":"","overlay-color":"","overlay-opacity":"","overlay-gradient":""},"tablet":{"background-color":"var(--ast-global-color-5)","background-image":"","background-repeat":"repeat","background-position":"center center","background-size":"auto","background-attachment":"scroll","background-type":"","background-media":"","overlay-type":"","overlay-color":"","overlay-opacity":"","overlay-gradient":""},"mobile":{"background-color":"var(--ast-global-color-5)","background-image":"","background-repeat":"repeat","background-position":"center center","background-size":"auto","background-attachment":"scroll","background-type":"","background-media":"","overlay-type":"","overlay-color":"","overlay-opacity":"","overlay-gradient":""}}},"product_brand":[],"product_cat":[47,430,40],"product_tag":[407,613,405,185,458,809,181,946,948,438,314,189,450,535,820,945,787,546,947],"class_list":{"0":"post-5500","1":"product","2":"type-product","3":"status-publish","4":"has-post-thumbnail","6":"product_cat-classic","7":"product_cat-men","8":"product_cat-mens-shoes","9":"product_tag-black-derby-shoes","10":"product_tag-brown-derby-shoes","11":"product_tag-business-shoes","12":"product_tag-calf-leather-shoes","13":"product_tag-cap-toe-shoes","14":"product_tag-classic-mens-footwear","15":"product_tag-comfortable-dress-shoes","16":"product_tag-derby-dress-shoes","17":"product_tag-eu-39-45-shoes","18":"product_tag-eva-sole","19":"product_tag-formal-mens-shoes","20":"product_tag-goat-leather-lining","21":"product_tag-handcrafted-shoes","22":"product_tag-leather-dress-shoes","23":"product_tag-mens-formal-wear","24":"product_tag-mens-leather-cap-toe-derby-shoes","25":"product_tag-premium-mens-shoes","26":"product_tag-stylish-mens-shoes","27":"product_tag-wholesale-derby-shoes","28":"desktop-align-center","29":"tablet-align-center","30":"mobile-align-center","32":"first","33":"instock","34":"shipping-taxable","35":"purchasable","36":"product-type-variable","37":"has-default-attributes"},"acf":[],"uagb_featured_image_src":{"full":["https:\/\/turkishtrade.co\/wp-content\/uploads\/2026\/01\/2400EJOMN00281-BROWN-Y_104.png",453,250,false],"thumbnail":["https:\/\/turkishtrade.co\/wp-content\/uploads\/2026\/01\/2400EJOMN00281-BROWN-Y_104-150x150.png",150,150,true],"medium":["https:\/\/turkishtrade.co\/wp-content\/uploads\/2026\/01\/2400EJOMN00281-BROWN-Y_104-300x166.png",300,166,true],"medium_large":["https:\/\/turkishtrade.co\/wp-content\/uploads\/2026\/01\/2400EJOMN00281-BROWN-Y_104.png",453,250,false],"large":["https:\/\/turkishtrade.co\/wp-content\/uploads\/2026\/01\/2400EJOMN00281-BROWN-Y_104.png",453,250,false],"1536x1536":["https:\/\/turkishtrade.co\/wp-content\/uploads\/2026\/01\/2400EJOMN00281-BROWN-Y_104.png",453,250,false],"2048x2048":["https:\/\/turkishtrade.co\/wp-content\/uploads\/2026\/01\/2400EJOMN00281-BROWN-Y_104.png",453,250,false],"trp-custom-language-flag":["https:\/\/turkishtrade.co\/wp-content\/uploads\/2026\/01\/2400EJOMN00281-BROWN-Y_104-18x10.png",18,10,true],"woocommerce_thumbnail":["https:\/\/turkishtrade.co\/wp-content\/uploads\/2026\/01\/2400EJOMN00281-BROWN-Y_104-400x250.png",400,250,true],"woocommerce_single":["https:\/\/turkishtrade.co\/wp-content\/uploads\/2026\/01\/2400EJOMN00281-BROWN-Y_104.png",453,250,false],"woocommerce_gallery_thumbnail":["https:\/\/turkishtrade.co\/wp-content\/uploads\/2026\/01\/2400EJOMN00281-BROWN-Y_104-100x100.png",100,100,true]},"uagb_author_info":{"display_name":"yaser olabi","author_link":"https:\/\/turkishtrade.co\/de\/author\/"},"uagb_comment_info":0,"uagb_excerpt":"Premium Craftsmanship: Expertly handcrafted with superior materials for enduring quality. Luxurious Materials: Outer surface crafted from genuine calf leather, inner lining from soft goat leather. Comfort-Focused Sole: Features a lightweight and flexible EVA sole for all-day wear and superior traction. Classic Derby Style: Elegant cap-toe design, perfect for both formal and smart-casual ensembles. Versatile Heel&hellip;","_links":{"self":[{"href":"https:\/\/turkishtrade.co\/de\/wp-json\/wp\/v2\/product\/5500","targetHints":{"allow":["GET"]}}],"collection":[{"href":"https:\/\/turkishtrade.co\/de\/wp-json\/wp\/v2\/product"}],"about":[{"href":"https:\/\/turkishtrade.co\/de\/wp-json\/wp\/v2\/types\/product"}],"wp:featuredmedia":[{"embeddable":true,"href":"https:\/\/turkishtrade.co\/de\/wp-json\/wp\/v2\/media\/3695"}],"wp:attachment":[{"href":"https:\/\/turkishtrade.co\/de\/wp-json\/wp\/v2\/media?parent=5500"}],"wp:term":[{"taxonomy":"product_brand","embeddable":true,"href":"https:\/\/turkishtrade.co\/de\/wp-json\/wp\/v2\/product_brand?post=5500"},{"taxonomy":"product_cat","embeddable":true,"href":"https:\/\/turkishtrade.co\/de\/wp-json\/wp\/v2\/product_cat?post=5500"},{"taxonomy":"product_tag","embeddable":true,"href":"https:\/\/turkishtrade.co\/de\/wp-json\/wp\/v2\/product_tag?post=5500"}],"curies":[{"name":"wp","href":"https:\/\/api.w.org\/{rel}","templated":true}]}}