{"id":5489,"date":"2026-01-14T12:06:32","date_gmt":"2026-01-14T12:06:32","guid":{"rendered":"https:\/\/turkishtrade.co\/product\/mens-calf-leather-shoes-2\/"},"modified":"2026-04-09T19:32:56","modified_gmt":"2026-04-09T19:32:56","slug":"mens-calf-leather-shoes-2","status":"publish","type":"product","link":"https:\/\/turkishtrade.co\/de\/shop\/mens-calf-leather-shoes-2\/","title":{"rendered":"Premium-Kalbsleder Derby-Schuhe mit Kappe f\u00fcr Herren"},"content":{"rendered":"<p><strong>Herrenschuhe aus Kalbsleder<\/strong><\/p>\n<p>Entdecken Sie den Inbegriff von zeitlosem Stil und Komfort mit unseren hochwertigen <strong>Herrenschuhe aus Kalbsleder<\/strong>. Diese fachm\u00e4nnisch hergestellten Schuhe f\u00fcr den anspruchsvollen Gentleman vereinen nahtlos klassisches Design mit moderner Funktionalit\u00e4t. Egal, ob Sie zu einem wichtigen Gesch\u00e4ftstreffen oder einer formellen Veranstaltung gehen oder einfach nur Ihre allt\u00e4gliche Smart-Casual-Kleidung aufwerten wollen, diese exquisiten <strong>Herrenschuhe aus Kalbsleder<\/strong> sind daf\u00fcr gemacht, einen bleibenden Eindruck zu hinterlassen. Ihre raffinierte Cap-Toe-Derby-Silhouette sorgt f\u00fcr eine vielseitige Erg\u00e4nzung jeder Garderobe und verspricht sowohl Eleganz als auch Zweckm\u00e4\u00dfigkeit f\u00fcr jeden Gentleman, der Qualit\u00e4t sucht <strong>Herrenschuhe aus Kalbsleder<\/strong>.<\/p>\n<h3>Un\u00fcbertroffene Handwerkskunst und hochwertige Materialien<\/h3>\n<p>Unser Engagement f\u00fcr Qualit\u00e4t beginnt bei der Auswahl der besten Materialien. Das \u00c4u\u00dfere dieser au\u00dfergew\u00f6hnlichen <strong>Herrenschuhe aus Kalbsleder<\/strong> wird sorgf\u00e4ltig aus echtem Kalbsleder hergestellt. Bekannt f\u00fcr seine geschmeidige Textur, bemerkenswerte Haltbarkeit und elegante Narbung, bietet Kalbsleder ein luxuri\u00f6ses Gef\u00fchl und entwickelt mit der Zeit eine sch\u00f6ne Patina, die daf\u00fcr sorgt, dass Ihre Schuhe mit dem Alter immer besser aussehen. Erg\u00e4nzt wird dieses hochwertige \u00c4u\u00dfere durch das \u00fcppige Innere, das vollst\u00e4ndig mit weichem Ziegenleder gef\u00fcttert ist. Diese Wahl des Innenmaterials sorgt f\u00fcr eine un\u00fcbertroffene Atmungsaktivit\u00e4t und ein weiches, komfortables Gef\u00fchl, so dass sich Ihre F\u00fc\u00dfe den ganzen Tag \u00fcber frisch f\u00fchlen. Die sorgf\u00e4ltige Konstruktion garantiert eine Passform, die sich Ihrem Fu\u00df anpasst und den Komfort bei jedem Schritt erh\u00f6ht.<\/p>\n<h3>Entwickelt f\u00fcr Komfort und Langlebigkeit<\/h3>\n<p>Erleben Sie ganzt\u00e4gigen Komfort dank der leichten und elastischen EVA-Sohle. Dieses innovative Sohlenmaterial bietet eine hervorragende Sto\u00dfd\u00e4mpfung und Flexibilit\u00e4t und macht diese <strong>Herrenschuhe aus Kalbsleder<\/strong> ideal f\u00fcr l\u00e4ngeres Tragen. Mit einer dezenten, aber unterst\u00fctzenden Absatzh\u00f6he von 1-3 cm bieten sie den perfekten Auftrieb, ohne die Stabilit\u00e4t zu beeintr\u00e4chtigen. Die robuste Konstruktion dieser <strong>Herrenschuhe aus Kalbsleder<\/strong> stellt sicher, dass sie nicht nur stilvoll sind, sondern auch den Strapazen des t\u00e4glichen Gebrauchs standhalten und einen au\u00dfergew\u00f6hnlichen Wert und eine lange Lebensdauer bieten. Erh\u00e4ltlich in einer breiten Palette von Gr\u00f6\u00dfen von EU 39 bis 45, finden Sie m\u00fchelos Ihre perfekte Passform.<\/p>\n<h3>Vielseitiger Stil f\u00fcr jede Gelegenheit<\/h3>\n<p>Das klassische Cap-Toe-Design, gepaart mit der zeitlosen Derby-Schn\u00fcrung, macht diese <strong>Herrenschuhe aus Kalbsleder<\/strong> unglaublich vielseitig. Sie eignen sich perfekt f\u00fcr die Kombination mit ma\u00dfgeschneiderten Anz\u00fcgen, eleganten Hosen oder sogar hochwertigen Denims f\u00fcr einen ausgefeilten Smart-Casual-Look. Erh\u00e4ltlich in essentiellen Farben wie edlem Schwarz und sattem Braun (wie auf den Produktbildern zu sehen), erf\u00fcllen sie die unterschiedlichsten Stilvorlieben und Anforderungen an die Garderobe. Diese Schuhe sind mehr als nur Schuhe; sie sind eine Investition in Qualit\u00e4tsschuhe, die Ihnen \u00fcber Jahre hinweg gute Dienste leisten werden.<\/p>\n<h3>Gro\u00dfhandelsm\u00f6glichkeiten und zuverl\u00e4ssige Lieferung<\/h3>\n<p>F\u00fcr Unternehmen und Einzelh\u00e4ndler sind diese Premium <strong>Herrenschuhe aus Kalbsleder<\/strong> sind f\u00fcr den Gro\u00dfeinkauf mit einer Mindestbestellmenge von nur 8 Paar erh\u00e4ltlich. Das macht sie zu einer ausgezeichneten Wahl, um Ihre Schuhkollektion zu erweitern oder Ihren Kunden hochwertige Optionen anzubieten. Wir sorgen f\u00fcr eine effiziente Abwicklung mit einer Standard-Lieferzeit von 12 Tagen plus Versand, so dass diese au\u00dfergew\u00f6hnlichen <strong>Herrenschuhe aus Kalbsleder<\/strong> direkt an Ihre Haust\u00fcr. Wir sind verpflichtet, die besten <strong>Herrenschuhe aus Kalbsleder<\/strong> f\u00fcr Ihre gesch\u00e4ftlichen Anforderungen, unterst\u00fctzt durch einen zuverl\u00e4ssigen Service.<\/p>","protected":false},"excerpt":{"rendered":"<ul>\n<li>Gefertigt aus hochwertigem Kalbsleder f\u00fcr Langlebigkeit und anspruchsvollen Stil.<\/li>\n<li>Die Innenausstattung aus luxuri\u00f6sem Ziegenleder garantiert au\u00dfergew\u00f6hnlichen Komfort und Atmungsaktivit\u00e4t.<\/li>\n<li>Leichte und flexible EVA-Sohle f\u00fcr ganzt\u00e4gige D\u00e4mpfung.<\/li>\n<li>Klassischer Cap-toe-Derby, der sowohl f\u00fcr formelle als auch f\u00fcr elegante Anl\u00e4sse geeignet ist.<\/li>\n<li>Erh\u00e4ltlich in einer umfangreichen Gr\u00f6\u00dfenauswahl: EU 39-45.<\/li>\n<li>Mit einer bequemen Absatzh\u00f6he von 1-3 cm.<\/li>\n<li>Mindestbestellmenge: 8 Paar, ideal f\u00fcr den Gro\u00dfhandel und Gro\u00dfeink\u00e4ufe.<\/li>\n<li>Standardlieferzeit: 12 Tage + Versand.<\/li>\n<\/ul>","protected":false},"featured_media":3688,"template":"","meta":{"_acf_changed":false,"_uag_custom_page_level_css":"","site-sidebar-layout":"default","site-content-layout":"","ast-site-content-layout":"default","site-content-style":"default","site-sidebar-style":"default","ast-global-header-display":"","ast-banner-title-visibility":"","ast-main-header-display":"","ast-hfb-above-header-display":"","ast-hfb-below-header-display":"","ast-hfb-mobile-header-display":"","site-post-title":"","ast-breadcrumbs-content":"","ast-featured-img":"","footer-sml-layout":"","ast-disable-related-posts":"","theme-transparent-header-meta":"default","adv-header-id-meta":"","stick-header-meta":"","header-above-stick-meta":"","header-main-stick-meta":"","header-below-stick-meta":"","astra-migrate-meta-layouts":"set","ast-page-background-enabled":"default","ast-page-background-meta":{"desktop":{"background-color":"var(--ast-global-color-4)","background-image":"","background-repeat":"repeat","background-position":"center center","background-size":"auto","background-attachment":"scroll","background-type":"","background-media":"","overlay-type":"","overlay-color":"","overlay-opacity":"","overlay-gradient":""},"tablet":{"background-color":"","background-image":"","background-repeat":"repeat","background-position":"center center","background-size":"auto","background-attachment":"scroll","background-type":"","background-media":"","overlay-type":"","overlay-color":"","overlay-opacity":"","overlay-gradient":""},"mobile":{"background-color":"","background-image":"","background-repeat":"repeat","background-position":"center center","background-size":"auto","background-attachment":"scroll","background-type":"","background-media":"","overlay-type":"","overlay-color":"","overlay-opacity":"","overlay-gradient":""}},"ast-content-background-meta":{"desktop":{"background-color":"var(--ast-global-color-5)","background-image":"","background-repeat":"repeat","background-position":"center center","background-size":"auto","background-attachment":"scroll","background-type":"","background-media":"","overlay-type":"","overlay-color":"","overlay-opacity":"","overlay-gradient":""},"tablet":{"background-color":"var(--ast-global-color-5)","background-image":"","background-repeat":"repeat","background-position":"center center","background-size":"auto","background-attachment":"scroll","background-type":"","background-media":"","overlay-type":"","overlay-color":"","overlay-opacity":"","overlay-gradient":""},"mobile":{"background-color":"var(--ast-global-color-5)","background-image":"","background-repeat":"repeat","background-position":"center center","background-size":"auto","background-attachment":"scroll","background-type":"","background-media":"","overlay-type":"","overlay-color":"","overlay-opacity":"","overlay-gradient":""}}},"product_brand":[],"product_cat":[47,430,40],"product_tag":[196,292,405,202,212,438,251,189,227,198,362,280,255,281],"class_list":{"0":"post-5489","1":"product","2":"type-product","3":"status-publish","4":"has-post-thumbnail","6":"product_cat-classic","7":"product_cat-men","8":"product_cat-mens-shoes","9":"product_tag-black-leather-shoes","10":"product_tag-brown-leather-shoes","11":"product_tag-business-shoes","12":"product_tag-calf-leather","13":"product_tag-derby-shoes","14":"product_tag-eva-sole","15":"product_tag-formal-shoes","16":"product_tag-goat-leather-lining","17":"product_tag-leather-shoes","18":"product_tag-mens-fashion","19":"product_tag-premium-footwear","20":"product_tag-smart-casual-shoes","21":"product_tag-turkish-leather-shoes","22":"product_tag-wholesale-shoes","23":"desktop-align-center","24":"tablet-align-center","25":"mobile-align-center","27":"first","28":"instock","29":"shipping-taxable","30":"purchasable","31":"product-type-variable","32":"has-default-attributes"},"acf":[],"uagb_featured_image_src":{"full":["https:\/\/turkishtrade.co\/wp-content\/uploads\/2026\/01\/2400EJOMN00257-BROWN-K_0078.png",453,250,false],"thumbnail":["https:\/\/turkishtrade.co\/wp-content\/uploads\/2026\/01\/2400EJOMN00257-BROWN-K_0078-150x150.png",150,150,true],"medium":["https:\/\/turkishtrade.co\/wp-content\/uploads\/2026\/01\/2400EJOMN00257-BROWN-K_0078-300x166.png",300,166,true],"medium_large":["https:\/\/turkishtrade.co\/wp-content\/uploads\/2026\/01\/2400EJOMN00257-BROWN-K_0078.png",453,250,false],"large":["https:\/\/turkishtrade.co\/wp-content\/uploads\/2026\/01\/2400EJOMN00257-BROWN-K_0078.png",453,250,false],"1536x1536":["https:\/\/turkishtrade.co\/wp-content\/uploads\/2026\/01\/2400EJOMN00257-BROWN-K_0078.png",453,250,false],"2048x2048":["https:\/\/turkishtrade.co\/wp-content\/uploads\/2026\/01\/2400EJOMN00257-BROWN-K_0078.png",453,250,false],"trp-custom-language-flag":["https:\/\/turkishtrade.co\/wp-content\/uploads\/2026\/01\/2400EJOMN00257-BROWN-K_0078-18x10.png",18,10,true],"woocommerce_thumbnail":["https:\/\/turkishtrade.co\/wp-content\/uploads\/2026\/01\/2400EJOMN00257-BROWN-K_0078-400x250.png",400,250,true],"woocommerce_single":["https:\/\/turkishtrade.co\/wp-content\/uploads\/2026\/01\/2400EJOMN00257-BROWN-K_0078.png",453,250,false],"woocommerce_gallery_thumbnail":["https:\/\/turkishtrade.co\/wp-content\/uploads\/2026\/01\/2400EJOMN00257-BROWN-K_0078-100x100.png",100,100,true]},"uagb_author_info":{"display_name":"yaser olabi","author_link":"https:\/\/turkishtrade.co\/de\/author\/"},"uagb_comment_info":0,"uagb_excerpt":"Crafted from premium calf leather for durability and sophisticated style. Luxurious goat leather interior ensures exceptional comfort and breathability. Lightweight and flexible EVA sole provides all-day cushioning. Classic cap-toe derby design, suitable for both formal and smart-casual occasions. Available in a comprehensive size range: EU 39-45. Features a comfortable 1-3 cm heel height. Minimum order&hellip;","_links":{"self":[{"href":"https:\/\/turkishtrade.co\/de\/wp-json\/wp\/v2\/product\/5489","targetHints":{"allow":["GET"]}}],"collection":[{"href":"https:\/\/turkishtrade.co\/de\/wp-json\/wp\/v2\/product"}],"about":[{"href":"https:\/\/turkishtrade.co\/de\/wp-json\/wp\/v2\/types\/product"}],"wp:featuredmedia":[{"embeddable":true,"href":"https:\/\/turkishtrade.co\/de\/wp-json\/wp\/v2\/media\/3688"}],"wp:attachment":[{"href":"https:\/\/turkishtrade.co\/de\/wp-json\/wp\/v2\/media?parent=5489"}],"wp:term":[{"taxonomy":"product_brand","embeddable":true,"href":"https:\/\/turkishtrade.co\/de\/wp-json\/wp\/v2\/product_brand?post=5489"},{"taxonomy":"product_cat","embeddable":true,"href":"https:\/\/turkishtrade.co\/de\/wp-json\/wp\/v2\/product_cat?post=5489"},{"taxonomy":"product_tag","embeddable":true,"href":"https:\/\/turkishtrade.co\/de\/wp-json\/wp\/v2\/product_tag?post=5489"}],"curies":[{"name":"wp","href":"https:\/\/api.w.org\/{rel}","templated":true}]}}