{"id":5413,"date":"2026-01-14T11:55:18","date_gmt":"2026-01-14T11:55:18","guid":{"rendered":"https:\/\/turkishtrade.co\/product\/handcrafted-men-monk-strap-shoes\/"},"modified":"2026-04-09T19:35:01","modified_gmt":"2026-04-09T19:35:01","slug":"handcrafted-mens-monk-strap-shoes","status":"publish","type":"product","link":"https:\/\/turkishtrade.co\/de\/shop\/handcrafted-mens-monk-strap-shoes\/","title":{"rendered":"Handgefertigte Herrenschuhe mit M\u00f6nchsriemen aus Leder"},"content":{"rendered":"<p data-rm-block-id=\"block-1\"><strong>Handgefertigte Monk Strap Schuhe f\u00fcr M\u00e4nner<\/strong><\/p>\n<p data-rm-block-id=\"block-2\">Erleben Sie unvergleichlichen Stil und Komfort mit unserem exquisiten <b>Handgefertigte Monk Strap Schuhe f\u00fcr M\u00e4nner<\/b>. Entworfen f\u00fcr den modernen Gentleman, der zeitlose Eleganz und h\u00f6chste Qualit\u00e4t sch\u00e4tzt, sind diese Schuhe ein Zeugnis traditioneller Schuhmacherkunst kombiniert mit zeitgen\u00f6ssischem Design. Jedes Paar unserer <b>Handgefertigte Monk Strap Schuhe f\u00fcr M\u00e4nner<\/b> ist ein Meisterwerk, das eine einzigartige Mischung aus Raffinesse und Haltbarkeit bietet.<\/p>\n<h3 data-rm-block-id=\"block-3\">Un\u00fcbertroffene Qualit\u00e4t und Materialien<\/h3>\n<p data-rm-block-id=\"block-4\">Unser Engagement f\u00fcr hervorragende Qualit\u00e4t beginnt bereits bei der Auswahl der hochwertigen Materialien. Das \u00c4u\u00dfere dieser atemberaubenden <b>Handgefertigte Monk Strap Schuhe f\u00fcr M\u00e4nner<\/b> wird aus feinstem Kalbsleder hergestellt, das f\u00fcr seine geschmeidige Textur, seinen nat\u00fcrlichen Glanz und seine bemerkenswerte Haltbarkeit bekannt ist. Dieses hochwertige Kalbsleder sorgt nicht nur f\u00fcr ein raffiniertes Aussehen, sondern verspricht auch eine sch\u00f6ne Alterung und entwickelt mit der Zeit eine reiche Patina. Im Inneren erleben Ihre F\u00fc\u00dfe den luxuri\u00f6sen Komfort des weichen Ziegenlederfutters, das eine au\u00dfergew\u00f6hnliche Atmungsaktivit\u00e4t und einen weichen, handschuhartigen Sitz vom ersten Tragen an bietet. Die sorgf\u00e4ltigen N\u00e4hte und die Verarbeitung unterstreichen die au\u00dfergew\u00f6hnliche Kunstfertigkeit, mit der diese Schuhe hergestellt werden. <b>Handgefertigte Monk Strap Schuhe f\u00fcr M\u00e4nner<\/b>.<\/p>\n<h3 data-rm-block-id=\"block-5\">Anspruchsvolles Design und Komfort<\/h3>\n<p data-rm-block-id=\"block-6\">Das klassische Design mit einem einzigen M\u00f6nchsriemen bietet eine unverwechselbare und elegante Alternative zu traditionellen Schn\u00fcrschuhen und macht diese <b>Handgefertigte Monk Strap Schuhe f\u00fcr M\u00e4nner<\/b> eine vielseitige Erg\u00e4nzung f\u00fcr jede Garderobe. Das geschmackvolle Distressed-Finish verleiht Charakter und Tiefe und sorgt daf\u00fcr, dass jedes Paar seinen eigenen, einzigartigen Charme besitzt. Erg\u00e4nzt wird das raffinierte Obermaterial durch eine robuste Microlight-Sohle, die aufgrund ihrer au\u00dfergew\u00f6hnlichen Leichtigkeit und hervorragenden Sto\u00dfd\u00e4mpfung ausgew\u00e4hlt wurde und auch nach l\u00e4ngerem Tragen noch f\u00fcr Komfort sorgt. Mit einer dezenten Absatzh\u00f6he von 1 bis 3 cm sorgen diese Schuhe f\u00fcr den perfekten Auftrieb und verbessern Ihre Haltung und Ihre gesamte Pr\u00e4senz. Diese Schuhe sind wirklich ideal <b>Handgefertigte Monk Strap Schuhe f\u00fcr M\u00e4nner<\/b> f\u00fcr jede Gelegenheit.<\/p>\n<h3 data-rm-block-id=\"block-7\">Vielseitigkeit f\u00fcr jede Gelegenheit<\/h3>\n<p data-rm-block-id=\"block-8\">Ob Sie an einem formellen Gesch\u00e4ftstreffen, einer eleganten Hochzeit oder einem eleganten Abend teilnehmen, diese <b>Handgefertigte Monk Strap Schuhe f\u00fcr M\u00e4nner<\/b> wird Ihre Kleidung aufwerten. Ihr vielseitiges Design l\u00e4sst sich m\u00fchelos mit ma\u00dfgeschneiderten Anz\u00fcgen, eleganten Hosen oder sogar hochwertigen Jeans kombinieren und macht sie zu einem Eckpfeiler einer gut sortierten Garderobe. Erh\u00e4ltlich in einer breiten Palette von Gr\u00f6\u00dfen von 39 bis 45, garantieren wir eine perfekte Passform f\u00fcr einen breiten Kundenkreis. F\u00fcr Unternehmen, die au\u00dfergew\u00f6hnliche Schuhe auf Lager haben m\u00f6chten, bieten wir eine Mindestbestellmenge von 8 Paar mit einer gesch\u00e4tzten Lieferzeit von 12 Tagen plus Versand. Investieren Sie in unser <b>Handgefertigte Monk Strap Schuhe f\u00fcr M\u00e4nner<\/b> und erleben Sie die Verschmelzung von Tradition, Luxus und modernem Komfort.<\/p>","protected":false},"excerpt":{"rendered":"<ul>\n<li><b>Exquisite Handwerkskunst:<\/b> Jedes Paar handgefertigter Herrenschuhe mit M\u00f6nchsriemen wird mit gr\u00f6\u00dfter Sorgfalt hergestellt und ist von h\u00f6chster Qualit\u00e4t.<\/li>\n<li><b>Hochwertige Materialien:<\/b> Au\u00dfen aus luxuri\u00f6sem Kalbsleder und innen aus weichem Ziegenleder f\u00fcr ultimativen Komfort.<\/li>\n<li><b>Strapazierf\u00e4hige Sohle:<\/b> Ausgestattet mit einer leichten und widerstandsf\u00e4higen Microlight-Sohle, die Langlebigkeit und Komfort garantiert.<\/li>\n<li><b>Klassischer Stil:<\/b> Einzelner M\u00f6nchsriemen mit elegantem, gealtertem Finish, perfekt f\u00fcr formelle und legere Anl\u00e4sse.<\/li>\n<li><b>Verf\u00fcgbare Gr\u00f6\u00dfen:<\/b> Erh\u00e4ltlich in den Gr\u00f6\u00dfen 39, 40, 41, 42, 43, 44, 45 f\u00fcr eine breite Palette von anspruchsvollen Herren.<\/li>\n<li><b>Bulk-Verf\u00fcgbarkeit:<\/b> Mindestbestellmenge 8 Paare; ideal f\u00fcr Einzelh\u00e4ndler und Gro\u00dfauftr\u00e4ge.<\/li>\n<li><b>Voraussichtliche Lieferung:<\/b> 12 Tage plus Versandzeit f\u00fcr Ihre Bequemlichkeit.<\/li>\n<\/ul>","protected":false},"featured_media":3640,"template":"","meta":{"_acf_changed":false,"_uag_custom_page_level_css":"","site-sidebar-layout":"default","site-content-layout":"","ast-site-content-layout":"default","site-content-style":"default","site-sidebar-style":"default","ast-global-header-display":"","ast-banner-title-visibility":"","ast-main-header-display":"","ast-hfb-above-header-display":"","ast-hfb-below-header-display":"","ast-hfb-mobile-header-display":"","site-post-title":"","ast-breadcrumbs-content":"","ast-featured-img":"","footer-sml-layout":"","ast-disable-related-posts":"","theme-transparent-header-meta":"default","adv-header-id-meta":"","stick-header-meta":"","header-above-stick-meta":"","header-main-stick-meta":"","header-below-stick-meta":"","astra-migrate-meta-layouts":"set","ast-page-background-enabled":"default","ast-page-background-meta":{"desktop":{"background-color":"var(--ast-global-color-4)","background-image":"","background-repeat":"repeat","background-position":"center center","background-size":"auto","background-attachment":"scroll","background-type":"","background-media":"","overlay-type":"","overlay-color":"","overlay-opacity":"","overlay-gradient":""},"tablet":{"background-color":"","background-image":"","background-repeat":"repeat","background-position":"center center","background-size":"auto","background-attachment":"scroll","background-type":"","background-media":"","overlay-type":"","overlay-color":"","overlay-opacity":"","overlay-gradient":""},"mobile":{"background-color":"","background-image":"","background-repeat":"repeat","background-position":"center center","background-size":"auto","background-attachment":"scroll","background-type":"","background-media":"","overlay-type":"","overlay-color":"","overlay-opacity":"","overlay-gradient":""}},"ast-content-background-meta":{"desktop":{"background-color":"var(--ast-global-color-5)","background-image":"","background-repeat":"repeat","background-position":"center center","background-size":"auto","background-attachment":"scroll","background-type":"","background-media":"","overlay-type":"","overlay-color":"","overlay-opacity":"","overlay-gradient":""},"tablet":{"background-color":"var(--ast-global-color-5)","background-image":"","background-repeat":"repeat","background-position":"center center","background-size":"auto","background-attachment":"scroll","background-type":"","background-media":"","overlay-type":"","overlay-color":"","overlay-opacity":"","overlay-gradient":""},"mobile":{"background-color":"var(--ast-global-color-5)","background-image":"","background-repeat":"repeat","background-position":"center center","background-size":"auto","background-attachment":"scroll","background-type":"","background-media":"","overlay-type":"","overlay-color":"","overlay-opacity":"","overlay-gradient":""}}},"product_brand":[],"product_cat":[47,430,40],"product_tag":[689,916,202,918,284,251,437,450,227,837,466,917,508,280],"class_list":{"0":"post-5413","1":"product","2":"type-product","3":"status-publish","4":"has-post-thumbnail","6":"product_cat-classic","7":"product_cat-men","8":"product_cat-mens-shoes","9":"product_tag-artisan-shoes","10":"product_tag-brown-monk-straps","11":"product_tag-calf-leather","12":"product_tag-distressed-leather","13":"product_tag-dress-shoes","14":"product_tag-formal-shoes","15":"product_tag-goat-leather","16":"product_tag-handcrafted-shoes","17":"product_tag-leather-shoes","18":"product_tag-mens-monk-strap-shoes","19":"product_tag-microlight-sole","20":"product_tag-premium-quality","21":"product_tag-single-monk-strap","22":"product_tag-smart-casual-shoes","23":"desktop-align-center","24":"tablet-align-center","25":"mobile-align-center","27":"first","28":"instock","29":"shipping-taxable","30":"purchasable","31":"product-type-variable","32":"has-default-attributes"},"acf":[],"uagb_featured_image_src":{"full":["https:\/\/turkishtrade.co\/wp-content\/uploads\/2026\/01\/2400EJOMN00428-BROWN-X_12590.png",453,250,false],"thumbnail":["https:\/\/turkishtrade.co\/wp-content\/uploads\/2026\/01\/2400EJOMN00428-BROWN-X_12590-150x150.png",150,150,true],"medium":["https:\/\/turkishtrade.co\/wp-content\/uploads\/2026\/01\/2400EJOMN00428-BROWN-X_12590-300x166.png",300,166,true],"medium_large":["https:\/\/turkishtrade.co\/wp-content\/uploads\/2026\/01\/2400EJOMN00428-BROWN-X_12590.png",453,250,false],"large":["https:\/\/turkishtrade.co\/wp-content\/uploads\/2026\/01\/2400EJOMN00428-BROWN-X_12590.png",453,250,false],"1536x1536":["https:\/\/turkishtrade.co\/wp-content\/uploads\/2026\/01\/2400EJOMN00428-BROWN-X_12590.png",453,250,false],"2048x2048":["https:\/\/turkishtrade.co\/wp-content\/uploads\/2026\/01\/2400EJOMN00428-BROWN-X_12590.png",453,250,false],"trp-custom-language-flag":["https:\/\/turkishtrade.co\/wp-content\/uploads\/2026\/01\/2400EJOMN00428-BROWN-X_12590-18x10.png",18,10,true],"woocommerce_thumbnail":["https:\/\/turkishtrade.co\/wp-content\/uploads\/2026\/01\/2400EJOMN00428-BROWN-X_12590-400x250.png",400,250,true],"woocommerce_single":["https:\/\/turkishtrade.co\/wp-content\/uploads\/2026\/01\/2400EJOMN00428-BROWN-X_12590.png",453,250,false],"woocommerce_gallery_thumbnail":["https:\/\/turkishtrade.co\/wp-content\/uploads\/2026\/01\/2400EJOMN00428-BROWN-X_12590-100x100.png",100,100,true]},"uagb_author_info":{"display_name":"yaser olabi","author_link":"https:\/\/turkishtrade.co\/de\/author\/"},"uagb_comment_info":0,"uagb_excerpt":"Exquisite Craftsmanship: Each pair of handcrafted men's monk strap shoes is meticulously made for superior quality. Premium Materials: Features luxurious calf leather exterior and soft goat leather interior for ultimate comfort. Durable Sole: Equipped with a lightweight and resilient Microlight sole, ensuring longevity and comfort. Classic Style: Single monk strap design with an elegant, distressed&hellip;","_links":{"self":[{"href":"https:\/\/turkishtrade.co\/de\/wp-json\/wp\/v2\/product\/5413","targetHints":{"allow":["GET"]}}],"collection":[{"href":"https:\/\/turkishtrade.co\/de\/wp-json\/wp\/v2\/product"}],"about":[{"href":"https:\/\/turkishtrade.co\/de\/wp-json\/wp\/v2\/types\/product"}],"wp:featuredmedia":[{"embeddable":true,"href":"https:\/\/turkishtrade.co\/de\/wp-json\/wp\/v2\/media\/3640"}],"wp:attachment":[{"href":"https:\/\/turkishtrade.co\/de\/wp-json\/wp\/v2\/media?parent=5413"}],"wp:term":[{"taxonomy":"product_brand","embeddable":true,"href":"https:\/\/turkishtrade.co\/de\/wp-json\/wp\/v2\/product_brand?post=5413"},{"taxonomy":"product_cat","embeddable":true,"href":"https:\/\/turkishtrade.co\/de\/wp-json\/wp\/v2\/product_cat?post=5413"},{"taxonomy":"product_tag","embeddable":true,"href":"https:\/\/turkishtrade.co\/de\/wp-json\/wp\/v2\/product_tag?post=5413"}],"curies":[{"name":"wp","href":"https:\/\/api.w.org\/{rel}","templated":true}]}}