{"id":5343,"date":"2026-01-14T11:45:25","date_gmt":"2026-01-14T11:45:25","guid":{"rendered":"https:\/\/turkishtrade.co\/product\/mens-leather-horsebit-loafers\/"},"modified":"2026-04-09T19:37:00","modified_gmt":"2026-04-09T19:37:00","slug":"mens-leather-horsebit-loafers","status":"publish","type":"product","link":"https:\/\/turkishtrade.co\/de\/shop\/mens-leather-horsebit-loafers\/","title":{"rendered":"Herren Premium Kalbsleder Horsebit Loafers"},"content":{"rendered":"<p><strong>Herren Leder Horsebit Loafers<\/strong><\/p>\n<p>Erweitern Sie Ihre Schuhkollektion mit unseren exquisiten <strong>Herren Premium Kalbsleder Horsebit Loafers<\/strong>, ein wahres Zeugnis f\u00fcr zeitlosen Stil und unvergleichliche Handwerkskunst. Diese Loafer wurden f\u00fcr den anspruchsvollen Gentleman entworfen und verbinden klassische Eleganz mit modernem Komfort, was sie zu einer unverzichtbaren Erg\u00e4nzung f\u00fcr jede Garderobe macht. Ob bei Gesch\u00e4ftstreffen, formellen Anl\u00e4ssen oder anspruchsvollen Freizeitausfl\u00fcgen, diese Schuhe sind daf\u00fcr gemacht, ein Statement zu setzen.<\/p>\n<h3>Un\u00fcbertroffene Handwerkskunst und hochwertige Materialien<\/h3>\n<p>Jedes Paar dieser luxuri\u00f6sen Loafer wird sorgf\u00e4ltig aus den besten Materialien gefertigt. Das \u00c4u\u00dfere besteht aus reichhaltigem, strapazierf\u00e4higem Kalbsleder, das ein elegantes Finish und au\u00dfergew\u00f6hnliche Langlebigkeit bietet. Dieses erstklassige Kalbsleder sieht nicht nur edel aus, sondern passt sich mit der Zeit auch wunderbar an Ihren Fu\u00df an und gew\u00e4hrleistet eine individuelle Passform. Erg\u00e4nzend zum \u00c4u\u00dferen ist das Innere mit unglaublich weichem und atmungsaktivem Ziegenleder gef\u00fcttert und bietet h\u00f6chsten Komfort, der Ihre F\u00fc\u00dfe den ganzen Tag \u00fcber umschmeichelt. Das vornehme Hufeisen-Detail, das sowohl in Silber- als auch in Goldt\u00f6nen in verschiedenen Farboptionen erh\u00e4ltlich ist, f\u00fcgt einen Hauch von klassischer Raffinesse hinzu und steigert den Gesamtreiz dieser gro\u00dfartigen Schuhe. <strong>Herren Leder Horsebit Loafers<\/strong>.<\/p>\n<h3>Entwickelt f\u00fcr Komfort und Langlebigkeit<\/h3>\n<p>In unserer Designphilosophie steht der Komfort an erster Stelle. Diese eleganten Loafer sind mit einer hochmodernen Microlight-Sohle ausgestattet, die f\u00fcr ihre unglaubliche Leichtigkeit und Flexibilit\u00e4t bekannt ist. Diese innovative Sohlentechnologie sorgt f\u00fcr eine maximale Sto\u00dfd\u00e4mpfung und bietet eine hervorragende Traktion, so dass Sie auf verschiedenen Oberfl\u00e4chen sicher und leicht laufen k\u00f6nnen. Mit einer dezenten, aber unterst\u00fctzenden Absatzh\u00f6he von 1-3 cm bieten diese Schuhe den perfekten Auftrieb, ohne die Stabilit\u00e4t zu beeintr\u00e4chtigen. Die Kombination aus dem geschmeidigen Ziegenlederfutter und der reaktionsfreudigen Microlight-Sohle macht diese <strong>Herren Leder Horsebit Loafers<\/strong> eine ideale Wahl f\u00fcr langes Tragen, damit Ihre F\u00fc\u00dfe von morgens bis abends bequem und gut gest\u00fctzt bleiben.<\/p>\n<h3>Vielseitiger Stil f\u00fcr jede Gelegenheit<\/h3>\n<p>Egal, ob Sie sich f\u00fcr eine wichtige Gesch\u00e4ftspr\u00e4sentation, ein formelles Abendessen oder einen entspannten Wochenendbrunch kleiden, diese Hufeisen-Slipper aus Kalbsleder passen sich m\u00fchelos Ihren Stilbed\u00fcrfnissen an. Ihr zeitloses Design macht sie unglaublich vielseitig und passt perfekt zu ma\u00dfgeschneiderten Anz\u00fcgen, eleganten Hosen und sogar zu hochwertigen Jeans. Erh\u00e4ltlich in raffiniertem Schwarz und sattem Braun, bieten diese Loafer Vielseitigkeit, um jedes Outfit zu erg\u00e4nzen. Die verf\u00fcgbaren Gr\u00f6\u00dfen reichen von EU 39 bis 45 und decken damit ein breites Spektrum an Vorlieben ab, so dass jeder Herr, der auf der Suche nach hochwertigem Schuhwerk ist, einen bequemen Sitz findet.<\/p>\n<h3>Gro\u00dfhandelsm\u00f6glichkeiten und zuverl\u00e4ssige Lieferung<\/h3>\n<p>F\u00fcr Einzelh\u00e4ndler oder diejenigen, die gr\u00f6\u00dfere Mengen abnehmen m\u00f6chten, bieten wir attraktive Gro\u00dfhandelsoptionen. Die Mindestbestellmenge f\u00fcr diese exquisiten Loafer betr\u00e4gt nur 8 Paar, was sie zu einer ausgezeichneten Wahl f\u00fcr Boutiquen oder Firmengeschenke macht. Wir bieten Ihnen einen effizienten Service mit einer Lieferzeit von etwa 12 Tagen plus Standardversand. Investieren Sie in \u00fcberragenden Stil und Komfort mit unseren Premium Calfskin Horsebit Loafers f\u00fcr Herren, eine hervorragende Wahl, die jedes Ensemble aufwerten wird.<\/p>","protected":false},"excerpt":{"rendered":"<ul>\n<li><strong>Gefertigt aus hochwertigen Materialien:<\/strong> Erleben Sie den Luxus von echtem Kalbsleder au\u00dfen und geschmeidigem Ziegenleder innen.<\/li>\n<li><strong>Optimaler Komfort und Unterst\u00fctzung:<\/strong> Ausgestattet mit einer leichten Microlight-Sohle und einer komfortablen Absatzh\u00f6he von 1 bis 3 cm f\u00fcr ganzt\u00e4gigen Tragekomfort.<\/li>\n<li><strong>Breiter Gr\u00f6\u00dfenbereich:<\/strong> Erh\u00e4ltlich in den EU-Gr\u00f6\u00dfen 39, 40, 41, 42, 43, 44 und 45, um eine perfekte Passform zu gew\u00e4hrleisten.<\/li>\n<li><strong>Gro\u00dfhandel und Gro\u00dfbestellungen:<\/strong> Mindestbestellmenge von 8 Paaren. Lieferung innerhalb von 12 Tagen plus Versandzeit.<\/li>\n<li><strong>Attraktive Preisgestaltung:<\/strong> Die Preise gelten pro Paar und bieten ein au\u00dfergew\u00f6hnliches Preis-Leistungs-Verh\u00e4ltnis bei hoher handwerklicher Qualit\u00e4t.<\/li>\n<\/ul>","protected":false},"featured_media":3598,"template":"","meta":{"_acf_changed":false,"_uag_custom_page_level_css":"","site-sidebar-layout":"default","site-content-layout":"","ast-site-content-layout":"default","site-content-style":"default","site-sidebar-style":"default","ast-global-header-display":"","ast-banner-title-visibility":"","ast-main-header-display":"","ast-hfb-above-header-display":"","ast-hfb-below-header-display":"","ast-hfb-mobile-header-display":"","site-post-title":"","ast-breadcrumbs-content":"","ast-featured-img":"","footer-sml-layout":"","ast-disable-related-posts":"","theme-transparent-header-meta":"default","adv-header-id-meta":"","stick-header-meta":"","header-above-stick-meta":"","header-main-stick-meta":"","header-below-stick-meta":"","astra-migrate-meta-layouts":"set","ast-page-background-enabled":"default","ast-page-background-meta":{"desktop":{"background-color":"var(--ast-global-color-4)","background-image":"","background-repeat":"repeat","background-position":"center center","background-size":"auto","background-attachment":"scroll","background-type":"","background-media":"","overlay-type":"","overlay-color":"","overlay-opacity":"","overlay-gradient":""},"tablet":{"background-color":"","background-image":"","background-repeat":"repeat","background-position":"center center","background-size":"auto","background-attachment":"scroll","background-type":"","background-media":"","overlay-type":"","overlay-color":"","overlay-opacity":"","overlay-gradient":""},"mobile":{"background-color":"","background-image":"","background-repeat":"repeat","background-position":"center center","background-size":"auto","background-attachment":"scroll","background-type":"","background-media":"","overlay-type":"","overlay-color":"","overlay-opacity":"","overlay-gradient":""}},"ast-content-background-meta":{"desktop":{"background-color":"var(--ast-global-color-5)","background-image":"","background-repeat":"repeat","background-position":"center center","background-size":"auto","background-attachment":"scroll","background-type":"","background-media":"","overlay-type":"","overlay-color":"","overlay-opacity":"","overlay-gradient":""},"tablet":{"background-color":"var(--ast-global-color-5)","background-image":"","background-repeat":"repeat","background-position":"center center","background-size":"auto","background-attachment":"scroll","background-type":"","background-media":"","overlay-type":"","overlay-color":"","overlay-opacity":"","overlay-gradient":""},"mobile":{"background-color":"var(--ast-global-color-5)","background-image":"","background-repeat":"repeat","background-position":"center center","background-size":"auto","background-attachment":"scroll","background-type":"","background-media":"","overlay-type":"","overlay-color":"","overlay-opacity":"","overlay-gradient":""}}},"product_brand":[],"product_cat":[47,430,40],"product_tag":[405,566,284,454,251,556,327,215,198,186,466,374,184,281],"class_list":{"0":"post-5343","1":"product","2":"type-product","3":"status-publish","4":"has-post-thumbnail","6":"product_cat-classic","7":"product_cat-men","8":"product_cat-mens-shoes","9":"product_tag-business-shoes","10":"product_tag-calfskin-shoes","11":"product_tag-dress-shoes","12":"product_tag-elegant-footwear","13":"product_tag-formal-shoes","14":"product_tag-goatskin-lining","15":"product_tag-horsebit-loafers","16":"product_tag-leather-loafers","17":"product_tag-mens-fashion","18":"product_tag-mens-loafers","19":"product_tag-microlight-sole","20":"product_tag-premium-loafers","21":"product_tag-slip-on-shoes","22":"product_tag-wholesale-shoes","23":"desktop-align-center","24":"tablet-align-center","25":"mobile-align-center","27":"first","28":"instock","29":"shipping-taxable","30":"purchasable","31":"product-type-variable","32":"has-default-attributes"},"acf":[],"uagb_featured_image_src":{"full":["https:\/\/turkishtrade.co\/wp-content\/uploads\/2026\/01\/2400EJOMN00166-BROWN-X_77.png",453,250,false],"thumbnail":["https:\/\/turkishtrade.co\/wp-content\/uploads\/2026\/01\/2400EJOMN00166-BROWN-X_77-150x150.png",150,150,true],"medium":["https:\/\/turkishtrade.co\/wp-content\/uploads\/2026\/01\/2400EJOMN00166-BROWN-X_77-300x166.png",300,166,true],"medium_large":["https:\/\/turkishtrade.co\/wp-content\/uploads\/2026\/01\/2400EJOMN00166-BROWN-X_77.png",453,250,false],"large":["https:\/\/turkishtrade.co\/wp-content\/uploads\/2026\/01\/2400EJOMN00166-BROWN-X_77.png",453,250,false],"1536x1536":["https:\/\/turkishtrade.co\/wp-content\/uploads\/2026\/01\/2400EJOMN00166-BROWN-X_77.png",453,250,false],"2048x2048":["https:\/\/turkishtrade.co\/wp-content\/uploads\/2026\/01\/2400EJOMN00166-BROWN-X_77.png",453,250,false],"trp-custom-language-flag":["https:\/\/turkishtrade.co\/wp-content\/uploads\/2026\/01\/2400EJOMN00166-BROWN-X_77-18x10.png",18,10,true],"woocommerce_thumbnail":["https:\/\/turkishtrade.co\/wp-content\/uploads\/2026\/01\/2400EJOMN00166-BROWN-X_77-400x250.png",400,250,true],"woocommerce_single":["https:\/\/turkishtrade.co\/wp-content\/uploads\/2026\/01\/2400EJOMN00166-BROWN-X_77.png",453,250,false],"woocommerce_gallery_thumbnail":["https:\/\/turkishtrade.co\/wp-content\/uploads\/2026\/01\/2400EJOMN00166-BROWN-X_77-100x100.png",100,100,true]},"uagb_author_info":{"display_name":"yaser olabi","author_link":"https:\/\/turkishtrade.co\/de\/author\/"},"uagb_comment_info":0,"uagb_excerpt":"Crafted from Premium Materials: Experience the luxury of genuine calfskin leather exterior and supple goatskin leather interior. Optimal Comfort &amp; Support: Featuring a lightweight Microlight sole and a comfortable 1-3 cm heel height for all-day wear. Wide Size Range: Available in EU sizes 39, 40, 41, 42, 43, 44, and 45 to ensure a perfect&hellip;","_links":{"self":[{"href":"https:\/\/turkishtrade.co\/de\/wp-json\/wp\/v2\/product\/5343","targetHints":{"allow":["GET"]}}],"collection":[{"href":"https:\/\/turkishtrade.co\/de\/wp-json\/wp\/v2\/product"}],"about":[{"href":"https:\/\/turkishtrade.co\/de\/wp-json\/wp\/v2\/types\/product"}],"wp:featuredmedia":[{"embeddable":true,"href":"https:\/\/turkishtrade.co\/de\/wp-json\/wp\/v2\/media\/3598"}],"wp:attachment":[{"href":"https:\/\/turkishtrade.co\/de\/wp-json\/wp\/v2\/media?parent=5343"}],"wp:term":[{"taxonomy":"product_brand","embeddable":true,"href":"https:\/\/turkishtrade.co\/de\/wp-json\/wp\/v2\/product_brand?post=5343"},{"taxonomy":"product_cat","embeddable":true,"href":"https:\/\/turkishtrade.co\/de\/wp-json\/wp\/v2\/product_cat?post=5343"},{"taxonomy":"product_tag","embeddable":true,"href":"https:\/\/turkishtrade.co\/de\/wp-json\/wp\/v2\/product_tag?post=5343"}],"curies":[{"name":"wp","href":"https:\/\/api.w.org\/{rel}","templated":true}]}}