{"id":5240,"date":"2026-01-14T11:32:20","date_gmt":"2026-01-14T11:32:20","guid":{"rendered":"https:\/\/turkishtrade.co\/product\/croc-embossed-monk-strap-shoes\/"},"modified":"2026-04-09T19:40:10","modified_gmt":"2026-04-09T19:40:10","slug":"croc-embossed-monk-strap-shoes","status":"publish","type":"product","link":"https:\/\/turkishtrade.co\/de\/shop\/croc-embossed-monk-strap-shoes\/","title":{"rendered":"Herrenschuhe mit Kroko-Pr\u00e4gung aus Premium-Leder mit M\u00f6nchsriemen"},"content":{"rendered":"<p><strong>M\u00f6nchsriemen-Schuhe mit Kroko-Pr\u00e4gung<\/strong><\/p>\n<p>Erleben Sie unvergleichliche Eleganz und raffinierten Stil mit unseren hochwertigen <strong>M\u00f6nchsriemen-Schuhe mit Kroko-Pr\u00e4gung<\/strong>. Diese Schuhe wurden f\u00fcr den modernen Gentleman entworfen, der feine Handwerkskunst und unverwechselbare Mode sch\u00e4tzt, und sind ein Beweis f\u00fcr Luxus und Komfort. Jedes Paar ist sorgf\u00e4ltig verarbeitet und bietet nicht nur Schuhe, sondern auch ein Highlight, das jede Garderobe aufwertet, von der Gesch\u00e4ftskleidung bis zum eleganten Freizeitoutfit. Unser <strong>M\u00f6nchsriemen-Schuhe mit Kroko-Pr\u00e4gung<\/strong> sind eine unverzichtbare Erg\u00e4nzung f\u00fcr Einzelh\u00e4ndler, die ihren Kunden etwas wirklich Einzigartiges und Hochwertiges bieten wollen.<\/p>\n<p>Das \u00c4u\u00dfere dieser au\u00dfergew\u00f6hnlichen <strong>M\u00f6nchsriemen-Schuhe mit Kroko-Pr\u00e4gung<\/strong> ist aus hochwertigem Kalbsleder gefertigt, das f\u00fcr seine Strapazierf\u00e4higkeit, glatte Textur und elegante Verarbeitung bekannt ist. Die auff\u00e4llige Krokodilpr\u00e4gung verleiht diesen Schuhen eine reiche, strukturierte Dimension, die sie von herk\u00f6mmlichen Designs abhebt. Diese aufwendigen Details verleihen dem Schuh einen Hauch von Exklusivit\u00e4t und machen ihn perfekt f\u00fcr besondere Anl\u00e4sse oder als charakteristisches Element f\u00fcr Ihren t\u00e4glichen professionellen Look. Der einfache M\u00f6nchsriemenverschluss sorgt nicht nur f\u00fcr einen sicheren und verstellbaren Sitz, sondern tr\u00e4gt auch zum zeitlosen Reiz des Schuhs bei und bietet eine raffinierte Alternative zu Schn\u00fcrschuhen.<\/p>\n<h3>Un\u00fcbertroffener Komfort und handwerkliches K\u00f6nnen<\/h3>\n<p>Neben ihrem auff\u00e4lligen Erscheinungsbild steht bei unserer Designphilosophie der Komfort im Vordergrund. Das Innere dieser Herrenschuhe ist mit unglaublich weichem Ziegenleder gef\u00fcttert, das Ihren F\u00fc\u00dfen den ganzen Tag \u00fcber eine atmungsaktive und weiche Umgebung bietet. Dieses Engagement f\u00fcr inneren Komfort bedeutet, dass Sie Ihre <strong>M\u00f6nchsriemen-Schuhe mit Kroko-Pr\u00e4gung<\/strong> f\u00fcr l\u00e4ngere Zeit ohne Kompromisse. Die Grundlage dieser eleganten Schuhe ist eine leichte und dennoch robuste Microlight-Sohle. Diese innovative Sohlentechnologie bietet hervorragende Traktion und Flexibilit\u00e4t und d\u00e4mpft St\u00f6\u00dfe bei jedem Schritt, was sie zu einer idealen Wahl sowohl f\u00fcr belebte Stra\u00dfen als auch f\u00fcr formelle Anl\u00e4sse macht.<\/p>\n<h3>Perfekt f\u00fcr Gro\u00dfhandel und Gro\u00dfbestellungen<\/h3>\n<p>Wir verstehen die Bed\u00fcrfnisse unserer Gro\u00dfhandelspartner. Diese exquisiten <strong>M\u00f6nchsriemen-Schuhe mit Kroko-Pr\u00e4gung<\/strong> sind f\u00fcr den Gro\u00dfeinkauf mit einer Mindestbestellmenge von 8 Paaren erh\u00e4ltlich. Wir bieten wettbewerbsf\u00e4hige Preise in USD pro Paar, die eine wertvolle Erg\u00e4nzung zu Ihrem Bestand darstellen. Jede Bestellung wird sorgf\u00e4ltig bearbeitet, mit einer Produktions- und Lieferfrist von ca. 12 Tagen plus Versand, so dass Sie Ihren Bestand effektiv planen k\u00f6nnen. Unsere Schuhe sind in einer breiten Palette europ\u00e4ischer Gr\u00f6\u00dfen von 39 bis 45 erh\u00e4ltlich, um einen breiten Kundenstamm anzusprechen. Bieten Sie Ihrer Kundschaft den Luxus von Premium-Lederschuhen in klassischem Schwarz und sattem Braun, Farben, die m\u00fchelos eine breite Palette von Outfits erg\u00e4nzen.<\/p>\n<p>Investieren Sie in Qualit\u00e4t, Stil und Komfort mit unserem <strong>M\u00f6nchsriemen-Schuhe mit Kroko-Pr\u00e4gung<\/strong>. Sie sind die Spitze des eleganten Herrenschuhs und verbinden traditionelle Schuhmacherkunst mit zeitgen\u00f6ssischem Designgef\u00fchl. Ob f\u00fcr das pers\u00f6nliche Tragen oder als herausragendes Angebot in Ihrer Einzelhandelskollektion, diese Schuhe versprechen, zu beeindrucken und dauerhafte Zufriedenheit zu liefern. Genie\u00dfen Sie den besonderen Charme und den Komfort, den nur echtes Leder und fachm\u00e4nnische Handwerkskunst bieten k\u00f6nnen.<\/p>","protected":false},"excerpt":{"rendered":"<ul>\n<li>Exquisites Kalbsleder mit Krokopr\u00e4gung<\/li>\n<li>Luxuri\u00f6ses Ziegenleder-Futter f\u00fcr h\u00f6chsten Komfort<\/li>\n<li>Leichte und strapazierf\u00e4hige Microlight-Sohle<\/li>\n<li>Raffiniertes Design mit einem M\u00f6nchsriemen<\/li>\n<li>Erh\u00e4ltlich in klassischem Schwarz und satten Braunt\u00f6nen<\/li>\n<li>Gro\u00dfz\u00fcgiger Gr\u00f6\u00dfenbereich: EU 39-45<\/li>\n<li>Verf\u00fcgbarkeit im Gro\u00dfhandel: Mindestbestellmenge 8 Paare<\/li>\n<li>Wettbewerbsf\u00e4hige Gro\u00dfhandelspreise: USD pro Paar<\/li>\n<\/ul>","protected":false},"featured_media":3531,"template":"","meta":{"_acf_changed":false,"_uag_custom_page_level_css":"","site-sidebar-layout":"default","site-content-layout":"","ast-site-content-layout":"default","site-content-style":"default","site-sidebar-style":"default","ast-global-header-display":"","ast-banner-title-visibility":"","ast-main-header-display":"","ast-hfb-above-header-display":"","ast-hfb-below-header-display":"","ast-hfb-mobile-header-display":"","site-post-title":"","ast-breadcrumbs-content":"","ast-featured-img":"","footer-sml-layout":"","ast-disable-related-posts":"","theme-transparent-header-meta":"default","adv-header-id-meta":"","stick-header-meta":"","header-above-stick-meta":"","header-main-stick-meta":"","header-below-stick-meta":"","astra-migrate-meta-layouts":"set","ast-page-background-enabled":"default","ast-page-background-meta":{"desktop":{"background-color":"var(--ast-global-color-4)","background-image":"","background-repeat":"repeat","background-position":"center center","background-size":"auto","background-attachment":"scroll","background-type":"","background-media":"","overlay-type":"","overlay-color":"","overlay-opacity":"","overlay-gradient":""},"tablet":{"background-color":"","background-image":"","background-repeat":"repeat","background-position":"center center","background-size":"auto","background-attachment":"scroll","background-type":"","background-media":"","overlay-type":"","overlay-color":"","overlay-opacity":"","overlay-gradient":""},"mobile":{"background-color":"","background-image":"","background-repeat":"repeat","background-position":"center center","background-size":"auto","background-attachment":"scroll","background-type":"","background-media":"","overlay-type":"","overlay-color":"","overlay-opacity":"","overlay-gradient":""}},"ast-content-background-meta":{"desktop":{"background-color":"var(--ast-global-color-5)","background-image":"","background-repeat":"repeat","background-position":"center center","background-size":"auto","background-attachment":"scroll","background-type":"","background-media":"","overlay-type":"","overlay-color":"","overlay-opacity":"","overlay-gradient":""},"tablet":{"background-color":"var(--ast-global-color-5)","background-image":"","background-repeat":"repeat","background-position":"center center","background-size":"auto","background-attachment":"scroll","background-type":"","background-media":"","overlay-type":"","overlay-color":"","overlay-opacity":"","overlay-gradient":""},"mobile":{"background-color":"var(--ast-global-color-5)","background-image":"","background-repeat":"repeat","background-position":"center center","background-size":"auto","background-attachment":"scroll","background-type":"","background-media":"","overlay-type":"","overlay-color":"","overlay-opacity":"","overlay-gradient":""}}},"product_brand":[],"product_cat":[47,430,40],"product_tag":[605,218,391,202,251,437,219,227,416,324,466,404,254],"class_list":{"0":"post-5240","1":"product","2":"type-product","3":"status-publish","4":"has-post-thumbnail","6":"product_cat-classic","7":"product_cat-men","8":"product_cat-mens-shoes","9":"product_tag-black-shoes","10":"product_tag-brown-shoes","11":"product_tag-buckle-shoes","12":"product_tag-calf-leather","13":"product_tag-formal-shoes","14":"product_tag-goat-leather","15":"product_tag-handmade-shoes","16":"product_tag-leather-shoes","17":"product_tag-luxury-shoes","18":"product_tag-mens-dress-shoes","19":"product_tag-microlight-sole","20":"product_tag-monk-strap","21":"product_tag-wholesale-footwear","22":"desktop-align-center","23":"tablet-align-center","24":"mobile-align-center","26":"first","27":"instock","28":"shipping-taxable","29":"purchasable","30":"product-type-variable","31":"has-default-attributes"},"acf":[],"uagb_featured_image_src":{"full":["https:\/\/turkishtrade.co\/wp-content\/uploads\/2026\/01\/2400EJOMN00130-BROWN-Z_231.png",453,250,false],"thumbnail":["https:\/\/turkishtrade.co\/wp-content\/uploads\/2026\/01\/2400EJOMN00130-BROWN-Z_231-150x150.png",150,150,true],"medium":["https:\/\/turkishtrade.co\/wp-content\/uploads\/2026\/01\/2400EJOMN00130-BROWN-Z_231-300x166.png",300,166,true],"medium_large":["https:\/\/turkishtrade.co\/wp-content\/uploads\/2026\/01\/2400EJOMN00130-BROWN-Z_231.png",453,250,false],"large":["https:\/\/turkishtrade.co\/wp-content\/uploads\/2026\/01\/2400EJOMN00130-BROWN-Z_231.png",453,250,false],"1536x1536":["https:\/\/turkishtrade.co\/wp-content\/uploads\/2026\/01\/2400EJOMN00130-BROWN-Z_231.png",453,250,false],"2048x2048":["https:\/\/turkishtrade.co\/wp-content\/uploads\/2026\/01\/2400EJOMN00130-BROWN-Z_231.png",453,250,false],"trp-custom-language-flag":["https:\/\/turkishtrade.co\/wp-content\/uploads\/2026\/01\/2400EJOMN00130-BROWN-Z_231-18x10.png",18,10,true],"woocommerce_thumbnail":["https:\/\/turkishtrade.co\/wp-content\/uploads\/2026\/01\/2400EJOMN00130-BROWN-Z_231-400x250.png",400,250,true],"woocommerce_single":["https:\/\/turkishtrade.co\/wp-content\/uploads\/2026\/01\/2400EJOMN00130-BROWN-Z_231.png",453,250,false],"woocommerce_gallery_thumbnail":["https:\/\/turkishtrade.co\/wp-content\/uploads\/2026\/01\/2400EJOMN00130-BROWN-Z_231-100x100.png",100,100,true]},"uagb_author_info":{"display_name":"yaser olabi","author_link":"https:\/\/turkishtrade.co\/de\/author\/"},"uagb_comment_info":0,"uagb_excerpt":"Exquisite Croc Embossed Calf Leather Upper Luxurious Goat Leather Lining for Supreme Comfort Lightweight and Durable Microlight Sole Sophisticated Single Monk Strap Design Available in Classic Black and Rich Brown Hues Generous Size Range: EU 39-45 Wholesale Availability: Minimum order of 8 pairs Competitive Wholesale Pricing: USD per pair","_links":{"self":[{"href":"https:\/\/turkishtrade.co\/de\/wp-json\/wp\/v2\/product\/5240","targetHints":{"allow":["GET"]}}],"collection":[{"href":"https:\/\/turkishtrade.co\/de\/wp-json\/wp\/v2\/product"}],"about":[{"href":"https:\/\/turkishtrade.co\/de\/wp-json\/wp\/v2\/types\/product"}],"wp:featuredmedia":[{"embeddable":true,"href":"https:\/\/turkishtrade.co\/de\/wp-json\/wp\/v2\/media\/3531"}],"wp:attachment":[{"href":"https:\/\/turkishtrade.co\/de\/wp-json\/wp\/v2\/media?parent=5240"}],"wp:term":[{"taxonomy":"product_brand","embeddable":true,"href":"https:\/\/turkishtrade.co\/de\/wp-json\/wp\/v2\/product_brand?post=5240"},{"taxonomy":"product_cat","embeddable":true,"href":"https:\/\/turkishtrade.co\/de\/wp-json\/wp\/v2\/product_cat?post=5240"},{"taxonomy":"product_tag","embeddable":true,"href":"https:\/\/turkishtrade.co\/de\/wp-json\/wp\/v2\/product_tag?post=5240"}],"curies":[{"name":"wp","href":"https:\/\/api.w.org\/{rel}","templated":true}]}}