{"id":5223,"date":"2026-01-14T11:30:09","date_gmt":"2026-01-14T11:30:09","guid":{"rendered":"https:\/\/turkishtrade.co\/product\/brown-leather-monk-strap-shoes-2\/"},"modified":"2026-04-09T19:40:37","modified_gmt":"2026-04-09T19:40:37","slug":"brown-leather-monk-strap-shoes-2","status":"publish","type":"product","link":"https:\/\/turkishtrade.co\/de\/shop\/brown-leather-monk-strap-shoes-2\/","title":{"rendered":"Luxuri\u00f6se braune Lederschuhe mit M\u00f6nchsriemen f\u00fcr M\u00e4nner"},"content":{"rendered":"<p><strong>M\u00f6nchsriemen-Schuhe aus braunem Leder<\/strong><\/p>\n<p>Erweitern Sie Ihre Schuhkollektion mit unseren exquisiten <strong>M\u00f6nchsriemen-Schuhe aus braunem Leder<\/strong>, ein wahres Zeugnis f\u00fcr zeitlosen Stil und tadellose Handwerkskunst. Diese f\u00fcr den anspruchsvollen Gentleman entworfenen Schuhe vereinen nahtlos klassische Eleganz mit modernem Komfort, was sie zu einer unverzichtbaren Erg\u00e4nzung f\u00fcr jede Garderobe macht. Egal, ob Sie an einer formellen Veranstaltung oder einem Gesch\u00e4ftstreffen teilnehmen oder einfach nur Ihren Alltagslook verfeinern wollen, diese Premium-Schuhe <strong>Herrenschuhe<\/strong> sind die perfekte Wahl.<\/p>\n<p>Diese aus feinstem, vollnarbigem Kalbsleder gefertigten Schuhe sind f\u00fcr die Au\u00dfenseite <strong>M\u00f6nchsriemen-Schuhe aus braunem Leder<\/strong> haben einen satten, tiefbraunen Farbton, der Raffinesse und Vielseitigkeit ausstrahlt. Das Kalbsleder bietet au\u00dfergew\u00f6hnliche Strapazierf\u00e4higkeit, einen luxuri\u00f6sen Glanz und passt sich mit der Zeit wunderbar an Ihren Fu\u00df an, sodass eine individuelle Passform entsteht. Im Inneren werden Ihre F\u00fc\u00dfe von herrlich weichem Ziegenleder umschmeichelt, das f\u00fcr seine Atmungsaktivit\u00e4t und seinen Komfort bekannt ist. Das hochwertige Ziegenlederfutter sorgt f\u00fcr ein angenehmes Tragegef\u00fchl und h\u00e4lt Ihre F\u00fc\u00dfe den ganzen Tag \u00fcber bequem, auch bei l\u00e4ngerem Tragen.<\/p>\n<h3>Un\u00fcbertroffenes Design und Komfort<\/h3>\n<p>Das unverwechselbare Design mit einem einzigen M\u00f6nchsriemen, der mit einer eleganten Metallschnalle akzentuiert ist, sorgt sowohl f\u00fcr einen sicheren Sitz als auch f\u00fcr ein mutiges Stil-Statement. Dezente Brogue-Details an der Schuhspitze sorgen f\u00fcr einen Hauch von klassischem Flair, ohne die elegante Silhouette des Schuhs zu \u00fcbert\u00f6nen. Diese <strong>M\u00f6nchsriemen-Schuhe aus braunem Leder<\/strong> sind unglaublich vielseitig und lassen sich m\u00fchelos mit ma\u00dfgeschneiderten Anz\u00fcgen, eleganten Hosen oder sogar anspruchsvoller Business-Casual-Kleidung kombinieren. Ihre raffinierte \u00c4sthetik sorgt daf\u00fcr, dass Sie immer elegant und distinguiert aussehen.<\/p>\n<p>Dieses luxuri\u00f6se Design wird durch eine leichte und robuste Microlight-Sohle unterst\u00fctzt. Diese fortschrittliche Sohlentechnologie bietet eine hervorragende D\u00e4mpfung und Unterst\u00fctzung und sorgt f\u00fcr Komfort bei jedem Schritt, w\u00e4hrend sie gleichzeitig hervorragende Griffigkeit und Verschlei\u00dffestigkeit bietet. Die dezente Absatzh\u00f6he von 1 bis 3 cm sorgt f\u00fcr einen Hauch von Erhabenheit und tr\u00e4gt zu einer eleganten K\u00f6rperhaltung bei, ohne den Komfort zu beeintr\u00e4chtigen. Jeder Aspekt dieser Schuhe wurde mit Blick auf Ihre ultimative Zufriedenheit entwickelt und unterstreicht ihre \u00fcberlegene Qualit\u00e4t.<\/p>\n<h3>Gro\u00dfhandelschance f\u00fcr Einzelh\u00e4ndler<\/h3>\n<p>Erh\u00e4ltlich in einer breiten Palette von Gr\u00f6\u00dfen von EU 39 bis 45, sind diese hochwertigen <strong>M\u00f6nchsriemen-Schuhe aus braunem Leder<\/strong> sind sorgf\u00e4ltig konstruiert, um den h\u00f6chsten Standards zu entsprechen. F\u00fcr Einzelh\u00e4ndler und Unternehmen, die hochwertige <strong>formelle Herrenschuhe<\/strong>, bieten wir diese au\u00dfergew\u00f6hnlichen M\u00f6nchsriemenschuhe f\u00fcr Gro\u00dfhandelsbestellungen an. Mit einer Mindestbestellmenge von nur 8 Paar und einem attraktiven Gro\u00dfhandelspreis pro Paar ist die Bevorratung dieser luxuri\u00f6sen Schuhe eine hervorragende Investition. Erwarten Sie eine effiziente Lieferung innerhalb von ca. 12 Tagen, plus Versandzeit, damit Ihre Kunden diese exquisiten Schuhe ohne Verz\u00f6gerung genie\u00dfen k\u00f6nnen. Erweitern Sie Ihren Bestand mit Schuhen, die sowohl Luxus als auch dauerhaften Wert versprechen.<\/p>","protected":false},"excerpt":{"rendered":"<ul>\n<li>Exquisites Kalbsleder f\u00fcr ein edles Aussehen und Gef\u00fchl<\/li>\n<li>Innenausstattung aus weichem und atmungsaktivem Ziegenleder f\u00fcr ganzt\u00e4gigen Komfort<\/li>\n<li>Strapazierf\u00e4hige Microlight-Sohle f\u00fcr au\u00dfergew\u00f6hnliche D\u00e4mpfung und Halt<\/li>\n<li>Elegantes Monk Strap-Design mit dezenten Brogue-Details<\/li>\n<li>Erh\u00e4ltlich in einer breiten Palette von EU-Gr\u00f6\u00dfen: 39, 40, 41, 42, 43, 44, 45<\/li>\n<li>Mindestbestellmenge: 8 Paar (ideal f\u00fcr Gro\u00dfhandelspartner)<\/li>\n<li>Attraktiver Gro\u00dfhandelspreis: pro Paar<\/li>\n<li>Gesch\u00e4tzte Lieferzeit: 12 Tage + Versand<\/li>\n<\/ul>","protected":false},"featured_media":3521,"template":"","meta":{"_acf_changed":false,"_uag_custom_page_level_css":"","site-sidebar-layout":"default","site-content-layout":"","ast-site-content-layout":"default","site-content-style":"default","site-sidebar-style":"default","ast-global-header-display":"","ast-banner-title-visibility":"","ast-main-header-display":"","ast-hfb-above-header-display":"","ast-hfb-below-header-display":"","ast-hfb-mobile-header-display":"","site-post-title":"","ast-breadcrumbs-content":"","ast-featured-img":"","footer-sml-layout":"","ast-disable-related-posts":"","theme-transparent-header-meta":"default","adv-header-id-meta":"","stick-header-meta":"","header-above-stick-meta":"","header-main-stick-meta":"","header-below-stick-meta":"","astra-migrate-meta-layouts":"set","ast-page-background-enabled":"default","ast-page-background-meta":{"desktop":{"background-color":"var(--ast-global-color-4)","background-image":"","background-repeat":"repeat","background-position":"center center","background-size":"auto","background-attachment":"scroll","background-type":"","background-media":"","overlay-type":"","overlay-color":"","overlay-opacity":"","overlay-gradient":""},"tablet":{"background-color":"","background-image":"","background-repeat":"repeat","background-position":"center center","background-size":"auto","background-attachment":"scroll","background-type":"","background-media":"","overlay-type":"","overlay-color":"","overlay-opacity":"","overlay-gradient":""},"mobile":{"background-color":"","background-image":"","background-repeat":"repeat","background-position":"center center","background-size":"auto","background-attachment":"scroll","background-type":"","background-media":"","overlay-type":"","overlay-color":"","overlay-opacity":"","overlay-gradient":""}},"ast-content-background-meta":{"desktop":{"background-color":"var(--ast-global-color-5)","background-image":"","background-repeat":"repeat","background-position":"center center","background-size":"auto","background-attachment":"scroll","background-type":"","background-media":"","overlay-type":"","overlay-color":"","overlay-opacity":"","overlay-gradient":""},"tablet":{"background-color":"var(--ast-global-color-5)","background-image":"","background-repeat":"repeat","background-position":"center center","background-size":"auto","background-attachment":"scroll","background-type":"","background-media":"","overlay-type":"","overlay-color":"","overlay-opacity":"","overlay-gradient":""},"mobile":{"background-color":"var(--ast-global-color-5)","background-image":"","background-repeat":"repeat","background-position":"center center","background-size":"auto","background-attachment":"scroll","background-type":"","background-media":"","overlay-type":"","overlay-color":"","overlay-opacity":"","overlay-gradient":""}}},"product_brand":[],"product_cat":[47,430,40],"product_tag":[796,218,513,451,251,556,219,217,324,466,404,281,702],"class_list":{"0":"post-5223","1":"product","2":"type-product","3":"status-publish","4":"has-post-thumbnail","6":"product_cat-classic","7":"product_cat-men","8":"product_cat-mens-shoes","9":"product_tag-brown-leather-monk-strap-shoes","10":"product_tag-brown-shoes","11":"product_tag-business-casual-shoes","12":"product_tag-calfskin-leather","13":"product_tag-formal-shoes","14":"product_tag-goatskin-lining","15":"product_tag-handmade-shoes","16":"product_tag-luxury-footwear","17":"product_tag-mens-dress-shoes","18":"product_tag-microlight-sole","19":"product_tag-monk-strap","20":"product_tag-wholesale-shoes","21":"product_tag-wingtip-shoes","22":"desktop-align-center","23":"tablet-align-center","24":"mobile-align-center","26":"first","27":"instock","28":"shipping-taxable","29":"purchasable","30":"product-type-variable","31":"has-default-attributes"},"acf":[],"uagb_featured_image_src":{"full":["https:\/\/turkishtrade.co\/wp-content\/uploads\/2026\/01\/2400EJOMN00120-BROWN-X_12573.png",453,250,false],"thumbnail":["https:\/\/turkishtrade.co\/wp-content\/uploads\/2026\/01\/2400EJOMN00120-BROWN-X_12573-150x150.png",150,150,true],"medium":["https:\/\/turkishtrade.co\/wp-content\/uploads\/2026\/01\/2400EJOMN00120-BROWN-X_12573-300x166.png",300,166,true],"medium_large":["https:\/\/turkishtrade.co\/wp-content\/uploads\/2026\/01\/2400EJOMN00120-BROWN-X_12573.png",453,250,false],"large":["https:\/\/turkishtrade.co\/wp-content\/uploads\/2026\/01\/2400EJOMN00120-BROWN-X_12573.png",453,250,false],"1536x1536":["https:\/\/turkishtrade.co\/wp-content\/uploads\/2026\/01\/2400EJOMN00120-BROWN-X_12573.png",453,250,false],"2048x2048":["https:\/\/turkishtrade.co\/wp-content\/uploads\/2026\/01\/2400EJOMN00120-BROWN-X_12573.png",453,250,false],"trp-custom-language-flag":["https:\/\/turkishtrade.co\/wp-content\/uploads\/2026\/01\/2400EJOMN00120-BROWN-X_12573-18x10.png",18,10,true],"woocommerce_thumbnail":["https:\/\/turkishtrade.co\/wp-content\/uploads\/2026\/01\/2400EJOMN00120-BROWN-X_12573-400x250.png",400,250,true],"woocommerce_single":["https:\/\/turkishtrade.co\/wp-content\/uploads\/2026\/01\/2400EJOMN00120-BROWN-X_12573.png",453,250,false],"woocommerce_gallery_thumbnail":["https:\/\/turkishtrade.co\/wp-content\/uploads\/2026\/01\/2400EJOMN00120-BROWN-X_12573-100x100.png",100,100,true]},"uagb_author_info":{"display_name":"yaser olabi","author_link":"https:\/\/turkishtrade.co\/de\/author\/"},"uagb_comment_info":0,"uagb_excerpt":"Exquisite calfskin leather exterior for a rich look and feel Soft and breathable goatskin leather interior for all-day comfort Durable Microlight sole for exceptional cushioning and support Elegant single monk strap design with subtle brogue detailing Available in a comprehensive range of EU sizes: 39, 40, 41, 42, 43, 44, 45 Minimum order quantity: 8&hellip;","_links":{"self":[{"href":"https:\/\/turkishtrade.co\/de\/wp-json\/wp\/v2\/product\/5223","targetHints":{"allow":["GET"]}}],"collection":[{"href":"https:\/\/turkishtrade.co\/de\/wp-json\/wp\/v2\/product"}],"about":[{"href":"https:\/\/turkishtrade.co\/de\/wp-json\/wp\/v2\/types\/product"}],"wp:featuredmedia":[{"embeddable":true,"href":"https:\/\/turkishtrade.co\/de\/wp-json\/wp\/v2\/media\/3521"}],"wp:attachment":[{"href":"https:\/\/turkishtrade.co\/de\/wp-json\/wp\/v2\/media?parent=5223"}],"wp:term":[{"taxonomy":"product_brand","embeddable":true,"href":"https:\/\/turkishtrade.co\/de\/wp-json\/wp\/v2\/product_brand?post=5223"},{"taxonomy":"product_cat","embeddable":true,"href":"https:\/\/turkishtrade.co\/de\/wp-json\/wp\/v2\/product_cat?post=5223"},{"taxonomy":"product_tag","embeddable":true,"href":"https:\/\/turkishtrade.co\/de\/wp-json\/wp\/v2\/product_tag?post=5223"}],"curies":[{"name":"wp","href":"https:\/\/api.w.org\/{rel}","templated":true}]}}