{"id":5203,"date":"2026-01-14T11:27:26","date_gmt":"2026-01-14T11:27:26","guid":{"rendered":"https:\/\/turkishtrade.co\/product\/mens-navy-monk-strap-shoes\/"},"modified":"2026-04-09T19:41:07","modified_gmt":"2026-04-09T19:41:07","slug":"mens-navy-monk-strap-shoes","status":"publish","type":"product","link":"https:\/\/turkishtrade.co\/de\/shop\/mens-navy-monk-strap-shoes\/","title":{"rendered":"Premium Herren Marineblaue Lederschuhe mit Monk Strap"},"content":{"rendered":"<p><strong>Marineblaue Monk Strap Schuhe f\u00fcr M\u00e4nner<\/strong><\/p>\n<p>Erleben Sie unvergleichliche Raffinesse mit unserem exquisiten <strong>Marineblaue Monk Strap Schuhe f\u00fcr M\u00e4nner<\/strong>. Diese f\u00fcr den anspruchsvollen Gentleman entworfenen Schuhe vereinen zeitloses Design mit zeitgen\u00f6ssischer Eleganz und sind damit eine unverzichtbare Erg\u00e4nzung f\u00fcr jede Garderobe. Unser <strong>Marineblaue Monk Strap Schuhe f\u00fcr M\u00e4nner<\/strong> sind mehr als nur Schuhe; sie sind ein Statement von Klasse und tadellosem Geschmack, perfekt sowohl f\u00fcr formelle Anl\u00e4sse als auch f\u00fcr gehobene Business Casual Ensembles.<\/p>\n<h3>Erh\u00f6hen Sie Ihren Stil: Die Navy Monk Strap Schuhe f\u00fcr M\u00e4nner<\/h3>\n<p>Erleben Sie den luxuri\u00f6sen Touch von echtem Kalbsleder, das die \u00e4u\u00dfere Oberfl\u00e4che dieser bemerkenswerten Schuhe bildet. Es bietet au\u00dfergew\u00f6hnliche Strapazierf\u00e4higkeit und einen satten, tiefen Navy-Ton, der mit der Zeit eine einzigartige Patina entwickelt. Das Innenfutter besteht aus weichem Ziegenleder, das den ganzen Tag \u00fcber h\u00f6chsten Komfort und Atmungsaktivit\u00e4t garantiert. Jedes Paar dieser <strong>Marineblaue Monk Strap Schuhe f\u00fcr M\u00e4nner<\/strong> ist sorgf\u00e4ltig verarbeitet und zeigt Liebe zum Detail in jeder Naht und Kurve, von der klassischen Monk Strap-Schnalle bis hin zu den subtilen Fl\u00fcgelspitzenperforationen an der Schuhspitze.<\/p>\n<p>Komfort ist das A und O. Deshalb sind diese <strong>Marineblaue Monk Strap Schuhe f\u00fcr M\u00e4nner<\/strong> sind mit einer leichten und flexiblen Microlight-Sohle ausgestattet. Diese innovative Sohlentechnologie bietet hervorragende D\u00e4mpfung und Unterst\u00fctzung, so dass Sie sich mit Leichtigkeit vom morgendlichen Meeting bis zur Abendveranstaltung bewegen k\u00f6nnen. Die dezente Absatzh\u00f6he von 1 bis 3 cm sorgt f\u00fcr genau die richtige H\u00f6he, ohne den Komfort zu beeintr\u00e4chtigen. Ob mit einem scharfen Anzug, einer ma\u00dfgeschneiderten Hose oder sogar einer schicken Jeans, diese navyfarbenen M\u00f6nchsriemenschuhe f\u00fcr Herren verleihen Ihrem Look einen Hauch von raffiniertem Selbstvertrauen und festigen ihren Status als unverzichtbar. <strong>marineblaue M\u00f6nchsriemenschuhe f\u00fcr M\u00e4nner<\/strong>.<\/p>\n<p>F\u00fcr Einzelh\u00e4ndler und Unternehmen, die hochwertige Schuhe suchen, ist unser <strong>Marineblaue Monk Strap Schuhe f\u00fcr M\u00e4nner<\/strong> sind f\u00fcr Gro\u00dfbestellungen mit einer Mindestmenge von 8 Paaren erh\u00e4ltlich. Wir sind stolz auf unsere effiziente Produktion und Lieferung und stellen sicher, dass Ihre Bestellung innerhalb von 12 Tagen plus Versand ankommt. Erh\u00f6hen Sie Ihr Inventar mit diesen hochwertigen <strong>Marineblaue Monk Strap Schuhe f\u00fcr M\u00e4nner<\/strong>, und bieten eine Mischung aus traditioneller Eleganz und modernem Komfort, die Ihre Kunden lieben werden. Erh\u00e4ltlich in einer breiten Palette von Gr\u00f6\u00dfen von EU 39 bis 45, sind diese Schuhe wirklich au\u00dfergew\u00f6hnlich <strong>marineblaue M\u00f6nchsriemenschuhe f\u00fcr M\u00e4nner<\/strong>.<\/p>","protected":false},"excerpt":{"rendered":"<ul>\n<li><strong>Obermaterial:<\/strong> Luxuri\u00f6ses echtes Kalbsleder<\/li>\n<li><strong>Material des Futters:<\/strong> Weiches und atmungsaktives Ziegenleder<\/li>\n<li><strong>Seezunge:<\/strong> Leichte und flexible Microlight-Sohle<\/li>\n<li><strong>Absatzh\u00f6he:<\/strong> Subtil 1-3 cm<\/li>\n<li><strong>Stil:<\/strong> Eleganter Monk Strap mit Fl\u00fcgelspitzenverzierung<\/li>\n<li><strong>Verf\u00fcgbare Gr\u00f6\u00dfen:<\/strong> EU 39, 40, 41, 42, 43, 44, 45<\/li>\n<li><strong>Bulk-Verf\u00fcgbarkeit:<\/strong> Mindestbestellmenge von 8 Paaren.<\/li>\n<li><strong>Lieferung:<\/strong> Der Versand erfolgt innerhalb von 12 Tagen + Standardversandzeit.<\/li>\n<\/ul>","protected":false},"featured_media":3511,"template":"","meta":{"_acf_changed":false,"_uag_custom_page_level_css":"","site-sidebar-layout":"default","site-content-layout":"","ast-site-content-layout":"default","site-content-style":"default","site-sidebar-style":"default","ast-global-header-display":"","ast-banner-title-visibility":"","ast-main-header-display":"","ast-hfb-above-header-display":"","ast-hfb-below-header-display":"","ast-hfb-mobile-header-display":"","site-post-title":"","ast-breadcrumbs-content":"","ast-featured-img":"","footer-sml-layout":"","ast-disable-related-posts":"","theme-transparent-header-meta":"default","adv-header-id-meta":"","stick-header-meta":"","header-above-stick-meta":"","header-main-stick-meta":"","header-below-stick-meta":"","astra-migrate-meta-layouts":"set","ast-page-background-enabled":"default","ast-page-background-meta":{"desktop":{"background-color":"var(--ast-global-color-4)","background-image":"","background-repeat":"repeat","background-position":"center center","background-size":"auto","background-attachment":"scroll","background-type":"","background-media":"","overlay-type":"","overlay-color":"","overlay-opacity":"","overlay-gradient":""},"tablet":{"background-color":"","background-image":"","background-repeat":"repeat","background-position":"center center","background-size":"auto","background-attachment":"scroll","background-type":"","background-media":"","overlay-type":"","overlay-color":"","overlay-opacity":"","overlay-gradient":""},"mobile":{"background-color":"","background-image":"","background-repeat":"repeat","background-position":"center center","background-size":"auto","background-attachment":"scroll","background-type":"","background-media":"","overlay-type":"","overlay-color":"","overlay-opacity":"","overlay-gradient":""}},"ast-content-background-meta":{"desktop":{"background-color":"var(--ast-global-color-5)","background-image":"","background-repeat":"repeat","background-position":"center center","background-size":"auto","background-attachment":"scroll","background-type":"","background-media":"","overlay-type":"","overlay-color":"","overlay-opacity":"","overlay-gradient":""},"tablet":{"background-color":"var(--ast-global-color-5)","background-image":"","background-repeat":"repeat","background-position":"center center","background-size":"auto","background-attachment":"scroll","background-type":"","background-media":"","overlay-type":"","overlay-color":"","overlay-opacity":"","overlay-gradient":""},"mobile":{"background-color":"var(--ast-global-color-5)","background-image":"","background-repeat":"repeat","background-position":"center center","background-size":"auto","background-attachment":"scroll","background-type":"","background-media":"","overlay-type":"","overlay-color":"","overlay-opacity":"","overlay-gradient":""}}},"product_brand":[],"product_cat":[47,430,40],"product_tag":[646,405,202,284,251,437,783,227,466,404,479,508,281,702],"class_list":{"0":"post-5203","1":"product","2":"type-product","3":"status-publish","4":"has-post-thumbnail","6":"product_cat-classic","7":"product_cat-men","8":"product_cat-mens-shoes","9":"product_tag-blue-shoes","10":"product_tag-business-shoes","11":"product_tag-calf-leather","12":"product_tag-dress-shoes","13":"product_tag-formal-shoes","14":"product_tag-goat-leather","15":"product_tag-handcrafted","16":"product_tag-leather-shoes","17":"product_tag-microlight-sole","18":"product_tag-monk-strap","19":"product_tag-navy-shoes","20":"product_tag-single-monk-strap","21":"product_tag-wholesale-shoes","22":"product_tag-wingtip-shoes","23":"desktop-align-center","24":"tablet-align-center","25":"mobile-align-center","27":"first","28":"instock","29":"shipping-taxable","30":"purchasable","31":"product-type-variable","32":"has-default-attributes"},"acf":[],"uagb_featured_image_src":{"full":["https:\/\/turkishtrade.co\/wp-content\/uploads\/2026\/01\/2400EJOMN00109-DARK-BLUE-Z_82.png",453,250,false],"thumbnail":["https:\/\/turkishtrade.co\/wp-content\/uploads\/2026\/01\/2400EJOMN00109-DARK-BLUE-Z_82-150x150.png",150,150,true],"medium":["https:\/\/turkishtrade.co\/wp-content\/uploads\/2026\/01\/2400EJOMN00109-DARK-BLUE-Z_82-300x166.png",300,166,true],"medium_large":["https:\/\/turkishtrade.co\/wp-content\/uploads\/2026\/01\/2400EJOMN00109-DARK-BLUE-Z_82.png",453,250,false],"large":["https:\/\/turkishtrade.co\/wp-content\/uploads\/2026\/01\/2400EJOMN00109-DARK-BLUE-Z_82.png",453,250,false],"1536x1536":["https:\/\/turkishtrade.co\/wp-content\/uploads\/2026\/01\/2400EJOMN00109-DARK-BLUE-Z_82.png",453,250,false],"2048x2048":["https:\/\/turkishtrade.co\/wp-content\/uploads\/2026\/01\/2400EJOMN00109-DARK-BLUE-Z_82.png",453,250,false],"trp-custom-language-flag":["https:\/\/turkishtrade.co\/wp-content\/uploads\/2026\/01\/2400EJOMN00109-DARK-BLUE-Z_82-18x10.png",18,10,true],"woocommerce_thumbnail":["https:\/\/turkishtrade.co\/wp-content\/uploads\/2026\/01\/2400EJOMN00109-DARK-BLUE-Z_82-400x250.png",400,250,true],"woocommerce_single":["https:\/\/turkishtrade.co\/wp-content\/uploads\/2026\/01\/2400EJOMN00109-DARK-BLUE-Z_82.png",453,250,false],"woocommerce_gallery_thumbnail":["https:\/\/turkishtrade.co\/wp-content\/uploads\/2026\/01\/2400EJOMN00109-DARK-BLUE-Z_82-100x100.png",100,100,true]},"uagb_author_info":{"display_name":"yaser olabi","author_link":"https:\/\/turkishtrade.co\/de\/author\/"},"uagb_comment_info":0,"uagb_excerpt":"Upper Material: Luxurious Genuine Calf Leather Lining Material: Soft and Breathable Goat Leather Sole: Lightweight and Flexible Microlight Sole Heel Height: Subtle 1-3 cm Style: Elegant Single Monk Strap with Wingtip Detailing Available Sizes: EU 39, 40, 41, 42, 43, 44, 45 Bulk Availability: Minimum order quantity of 8 pairs. Delivery: Ships within 12 days&hellip;","_links":{"self":[{"href":"https:\/\/turkishtrade.co\/de\/wp-json\/wp\/v2\/product\/5203","targetHints":{"allow":["GET"]}}],"collection":[{"href":"https:\/\/turkishtrade.co\/de\/wp-json\/wp\/v2\/product"}],"about":[{"href":"https:\/\/turkishtrade.co\/de\/wp-json\/wp\/v2\/types\/product"}],"wp:featuredmedia":[{"embeddable":true,"href":"https:\/\/turkishtrade.co\/de\/wp-json\/wp\/v2\/media\/3511"}],"wp:attachment":[{"href":"https:\/\/turkishtrade.co\/de\/wp-json\/wp\/v2\/media?parent=5203"}],"wp:term":[{"taxonomy":"product_brand","embeddable":true,"href":"https:\/\/turkishtrade.co\/de\/wp-json\/wp\/v2\/product_brand?post=5203"},{"taxonomy":"product_cat","embeddable":true,"href":"https:\/\/turkishtrade.co\/de\/wp-json\/wp\/v2\/product_cat?post=5203"},{"taxonomy":"product_tag","embeddable":true,"href":"https:\/\/turkishtrade.co\/de\/wp-json\/wp\/v2\/product_tag?post=5203"}],"curies":[{"name":"wp","href":"https:\/\/api.w.org\/{rel}","templated":true}]}}