{"id":5191,"date":"2026-01-14T11:25:49","date_gmt":"2026-01-14T11:25:49","guid":{"rendered":"https:\/\/turkishtrade.co\/product\/men-s-brown-leather-loafers\/"},"modified":"2026-04-09T19:41:29","modified_gmt":"2026-04-09T19:41:29","slug":"mens-brown-leather-loafers-premium","status":"publish","type":"product","link":"https:\/\/turkishtrade.co\/de\/shop\/mens-brown-leather-loafers-premium\/","title":{"rendered":"Premium Herren Loafers aus braunem Leder mit Microlight-Sohle"},"content":{"rendered":"<p><strong>Herren Loafers aus braunem Leder<\/strong><\/p>\n<h3>Erleben Sie unvergleichlichen Komfort und Stil mit unseren Loafers aus braunem Leder f\u00fcr Herren<\/h3>\n<p>Erweitern Sie Ihre Schuhkollektion mit unseren exquisiten <strong>Herren Loafers aus braunem Leder<\/strong>, Diese Schuhe wurden sorgf\u00e4ltig f\u00fcr den modernen Gentleman entworfen, der sowohl Stil als auch Komfort sch\u00e4tzt. Diese Premium-Slipper sind ein Beweis f\u00fcr \u00fcberlegene Handwerkskunst und verbinden klassische Eleganz mit moderner Funktionalit\u00e4t. Der satte, dunkelbraune Farbton dieser <strong>Herren Loafers aus braunem Leder<\/strong> strahlt Raffinesse aus und ist eine vielseitige Wahl f\u00fcr eine Reihe von Anl\u00e4ssen, von B\u00fcrokleidung bis hin zu eleganten Freizeitausfl\u00fcgen. Jedes Paar ist ein Symbol f\u00fcr raffinierten Geschmack und sorgt f\u00fcr ein selbstbewusstes Auftreten mit unvergleichlichem Komfort.<\/p>\n<h3>Hochwertige Materialien f\u00fcr dauerhafte Qualit\u00e4t<\/h3>\n<p>Unser Engagement f\u00fcr Qualit\u00e4t beginnt bei der Auswahl der besten Materialien. Die \u00e4u\u00dfere Oberfl\u00e4che dieser bemerkenswerten <strong>Herren Loafers aus braunem Leder<\/strong> ist aus geschmeidigem Kalbsleder gefertigt, das f\u00fcr seine glatte Oberfl\u00e4che und au\u00dfergew\u00f6hnliche Haltbarkeit bekannt ist. Dieses hochwertige Kalbsleder bietet ein luxuri\u00f6ses Gef\u00fchl und ein poliertes Aussehen, das mit dem Alter nur noch besser wird. Erg\u00e4nzend zum \u00c4u\u00dferen ist das Innere mit weichem Ziegenleder gef\u00fcttert, das eine hervorragende Atmungsaktivit\u00e4t und ein angenehmes Tragegef\u00fchl am Fu\u00df gew\u00e4hrleistet. Diese durchdachte Materialkombination bietet eine bequeme Passform und macht diese <strong>Herren Loafers aus braunem Leder<\/strong> perfekt f\u00fcr langes Tragen w\u00e4hrend des Tages.<\/p>\n<h3>Innovatives Design und Komfortmerkmale<\/h3>\n<p>Mit dem Gedanken an ultimativen Komfort entworfen, sind diese <strong>Herren Loafers aus braunem Leder<\/strong> sind mit einer fortschrittlichen Microlight-Sohle ausgestattet. Diese innovative Sohlentechnologie bietet eine hervorragende Sto\u00dfd\u00e4mpfung und leichte Flexibilit\u00e4t, die eine m\u00fchelose Bewegung erm\u00f6glicht und die Erm\u00fcdung der F\u00fc\u00dfe reduziert. Der dezente 1-3 cm hohe Absatz sorgt f\u00fcr einen Hauch von H\u00f6he, ohne die Stabilit\u00e4t zu beeintr\u00e4chtigen, und tr\u00e4gt zu einer raffinierten Silhouette bei. Das unverwechselbare Design umfasst einen geschmackvollen Einsatz aus strukturiertem Leder am Vorderblatt, der einen subtilen Kontrast zum glatten Kalbsleder bildet und einen einzigartigen optischen Reiz verleiht. Ob Sie nun durch die Stra\u00dfen der Stadt fahren oder an einem wichtigen Meeting teilnehmen, diese <strong>Herren Loafers aus braunem Leder<\/strong> versprechen, dass Sie bequem und stilvoll bleiben.<\/p>\n<h3>Vielseitigkeit und Verf\u00fcgbarkeit in gro\u00dfen Mengen<\/h3>\n<p>Diese anspruchsvollen <strong>Herren Loafers aus braunem Leder<\/strong> sind in einer breiten Palette von EU-Gr\u00f6\u00dfen von 39 bis 45 erh\u00e4ltlich, so dass sie f\u00fcr eine Vielzahl von Kunden perfekt passen. Ihr zeitloses Design macht sie zu einer unverzichtbaren Erg\u00e4nzung f\u00fcr jede Garderobe. Sie lassen sich m\u00fchelos mit Anz\u00fcgen, Chinos oder sogar hochwertigen Denims kombinieren. F\u00fcr Einzelh\u00e4ndler und Unternehmen, die hochwertiges Schuhwerk anbieten m\u00f6chten, sind diese Loafer ab einer Mindestbestellmenge von nur 8 Paar erh\u00e4ltlich, was sie zu einer ausgezeichneten Wahl f\u00fcr den Gro\u00dfhandel macht. Erleben Sie die Mischung aus Tradition und Innovation mit unseren fachm\u00e4nnisch gefertigten <strong>Herren Loafers aus braunem Leder<\/strong>, und bieten Sie Ihrer Kundschaft ein Produkt, das sich wirklich von anderen abhebt.<\/p>","protected":false},"excerpt":{"rendered":"<ul>\n<li>Gefertigt aus luxuri\u00f6sem Kalbsleder (au\u00dfen) und atmungsaktivem Ziegenleder (innen).<\/li>\n<li>Ausgestattet mit einer leichten und bequemen Microlight-Sohle f\u00fcr ganzt\u00e4gigen Tragekomfort.<\/li>\n<li>Mit einer dezenten und eleganten Absatzh\u00f6he von 1-3 cm.<\/li>\n<li>Erh\u00e4ltlich in den EU-Gr\u00f6\u00dfen 39, 40, 41, 42, 43, 44 und 45.<\/li>\n<li>Mindestbestellmenge: 8 Paare. Perfekt f\u00fcr den Gro\u00dfhandel und Gro\u00dfeink\u00e4ufe.<\/li>\n<\/ul>","protected":false},"featured_media":3504,"template":"","meta":{"_acf_changed":false,"_uag_custom_page_level_css":"","site-sidebar-layout":"default","site-content-layout":"","ast-site-content-layout":"default","site-content-style":"default","site-sidebar-style":"default","ast-global-header-display":"","ast-banner-title-visibility":"","ast-main-header-display":"","ast-hfb-above-header-display":"","ast-hfb-below-header-display":"","ast-hfb-mobile-header-display":"","site-post-title":"","ast-breadcrumbs-content":"","ast-featured-img":"","footer-sml-layout":"","ast-disable-related-posts":"","theme-transparent-header-meta":"default","adv-header-id-meta":"","stick-header-meta":"","header-above-stick-meta":"","header-main-stick-meta":"","header-below-stick-meta":"","astra-migrate-meta-layouts":"set","ast-page-background-enabled":"default","ast-page-background-meta":{"desktop":{"background-color":"var(--ast-global-color-4)","background-image":"","background-repeat":"repeat","background-position":"center center","background-size":"auto","background-attachment":"scroll","background-type":"","background-media":"","overlay-type":"","overlay-color":"","overlay-opacity":"","overlay-gradient":""},"tablet":{"background-color":"","background-image":"","background-repeat":"repeat","background-position":"center center","background-size":"auto","background-attachment":"scroll","background-type":"","background-media":"","overlay-type":"","overlay-color":"","overlay-opacity":"","overlay-gradient":""},"mobile":{"background-color":"","background-image":"","background-repeat":"repeat","background-position":"center center","background-size":"auto","background-attachment":"scroll","background-type":"","background-media":"","overlay-type":"","overlay-color":"","overlay-opacity":"","overlay-gradient":""}},"ast-content-background-meta":{"desktop":{"background-color":"var(--ast-global-color-5)","background-image":"","background-repeat":"repeat","background-position":"center center","background-size":"auto","background-attachment":"scroll","background-type":"","background-media":"","overlay-type":"","overlay-color":"","overlay-opacity":"","overlay-gradient":""},"tablet":{"background-color":"var(--ast-global-color-5)","background-image":"","background-repeat":"repeat","background-position":"center center","background-size":"auto","background-attachment":"scroll","background-type":"","background-media":"","overlay-type":"","overlay-color":"","overlay-opacity":"","overlay-gradient":""},"mobile":{"background-color":"var(--ast-global-color-5)","background-image":"","background-repeat":"repeat","background-position":"center center","background-size":"auto","background-attachment":"scroll","background-type":"","background-media":"","overlay-type":"","overlay-color":"","overlay-opacity":"","overlay-gradient":""}}},"product_brand":[],"product_cat":[47,430,40],"product_tag":[292,555,284,593,251,189,198,186,466,184,280,254],"class_list":{"0":"post-5191","1":"product","2":"type-product","3":"status-publish","4":"has-post-thumbnail","6":"product_cat-classic","7":"product_cat-men","8":"product_cat-mens-shoes","9":"product_tag-brown-leather-shoes","10":"product_tag-calfskin-loafers","11":"product_tag-dress-shoes","12":"product_tag-eu-sizes-39-45","13":"product_tag-formal-shoes","14":"product_tag-goat-leather-lining","15":"product_tag-mens-fashion","16":"product_tag-mens-loafers","17":"product_tag-microlight-sole","18":"product_tag-slip-on-shoes","19":"product_tag-smart-casual-shoes","20":"product_tag-wholesale-footwear","21":"desktop-align-center","22":"tablet-align-center","23":"mobile-align-center","25":"first","26":"instock","27":"shipping-taxable","28":"purchasable","29":"product-type-variable","30":"has-default-attributes"},"acf":[],"uagb_featured_image_src":{"full":["https:\/\/turkishtrade.co\/wp-content\/uploads\/2026\/01\/2400EJOMN00104-BROWN-X_822.png",453,250,false],"thumbnail":["https:\/\/turkishtrade.co\/wp-content\/uploads\/2026\/01\/2400EJOMN00104-BROWN-X_822-150x150.png",150,150,true],"medium":["https:\/\/turkishtrade.co\/wp-content\/uploads\/2026\/01\/2400EJOMN00104-BROWN-X_822-300x166.png",300,166,true],"medium_large":["https:\/\/turkishtrade.co\/wp-content\/uploads\/2026\/01\/2400EJOMN00104-BROWN-X_822.png",453,250,false],"large":["https:\/\/turkishtrade.co\/wp-content\/uploads\/2026\/01\/2400EJOMN00104-BROWN-X_822.png",453,250,false],"1536x1536":["https:\/\/turkishtrade.co\/wp-content\/uploads\/2026\/01\/2400EJOMN00104-BROWN-X_822.png",453,250,false],"2048x2048":["https:\/\/turkishtrade.co\/wp-content\/uploads\/2026\/01\/2400EJOMN00104-BROWN-X_822.png",453,250,false],"trp-custom-language-flag":["https:\/\/turkishtrade.co\/wp-content\/uploads\/2026\/01\/2400EJOMN00104-BROWN-X_822-18x10.png",18,10,true],"woocommerce_thumbnail":["https:\/\/turkishtrade.co\/wp-content\/uploads\/2026\/01\/2400EJOMN00104-BROWN-X_822-400x250.png",400,250,true],"woocommerce_single":["https:\/\/turkishtrade.co\/wp-content\/uploads\/2026\/01\/2400EJOMN00104-BROWN-X_822.png",453,250,false],"woocommerce_gallery_thumbnail":["https:\/\/turkishtrade.co\/wp-content\/uploads\/2026\/01\/2400EJOMN00104-BROWN-X_822-100x100.png",100,100,true]},"uagb_author_info":{"display_name":"yaser olabi","author_link":"https:\/\/turkishtrade.co\/de\/author\/"},"uagb_comment_info":0,"uagb_excerpt":"Crafted from luxurious Calfskin (Outer) and breathable Goat Leather (Inner). Equipped with a lightweight and comfortable Microlight Sole for all-day wear. Features a subtle and elegant heel height of 1-3 cm. Available in EU Sizes 39, 40, 41, 42, 43, 44, and 45. Minimum order quantity: 8 pairs. Perfect for wholesale and bulk purchases.","_links":{"self":[{"href":"https:\/\/turkishtrade.co\/de\/wp-json\/wp\/v2\/product\/5191","targetHints":{"allow":["GET"]}}],"collection":[{"href":"https:\/\/turkishtrade.co\/de\/wp-json\/wp\/v2\/product"}],"about":[{"href":"https:\/\/turkishtrade.co\/de\/wp-json\/wp\/v2\/types\/product"}],"wp:featuredmedia":[{"embeddable":true,"href":"https:\/\/turkishtrade.co\/de\/wp-json\/wp\/v2\/media\/3504"}],"wp:attachment":[{"href":"https:\/\/turkishtrade.co\/de\/wp-json\/wp\/v2\/media?parent=5191"}],"wp:term":[{"taxonomy":"product_brand","embeddable":true,"href":"https:\/\/turkishtrade.co\/de\/wp-json\/wp\/v2\/product_brand?post=5191"},{"taxonomy":"product_cat","embeddable":true,"href":"https:\/\/turkishtrade.co\/de\/wp-json\/wp\/v2\/product_cat?post=5191"},{"taxonomy":"product_tag","embeddable":true,"href":"https:\/\/turkishtrade.co\/de\/wp-json\/wp\/v2\/product_tag?post=5191"}],"curies":[{"name":"wp","href":"https:\/\/api.w.org\/{rel}","templated":true}]}}