{"id":955,"date":"2025-11-15T14:07:00","date_gmt":"2025-11-15T14:07:00","guid":{"rendered":"https:\/\/turkishtrade.co\/?page_id=955"},"modified":"2025-11-29T20:11:37","modified_gmt":"2025-11-29T20:11:37","slug":"green-mission","status":"publish","type":"page","link":"https:\/\/turkishtrade.co\/de\/sustainability\/green-mission\/","title":{"rendered":"Gr\u00fcne Mission"},"content":{"rendered":"<div class=\"wp-block-uagb-container uagb-block-dbb76509 alignfull uagb-is-root-container\"><div class=\"uagb-container-inner-blocks-wrap\">\n<h1 class=\"wp-block-heading has-text-align-center has-ast-global-color-5-color has-text-color has-link-color wp-elements-daf10be26753644a79bce8e750d2b53a\">Gr\u00fcne Mission<\/h1>\n<\/div><\/div>\n\n\n\n<div class=\"wp-block-uagb-container uagb-block-26b6462b alignfull uagb-is-root-container\"><div class=\"uagb-container-inner-blocks-wrap\">\n<h2 class=\"wp-block-heading\"><strong>Unsere gr\u00fcne Mission<\/strong><\/h2>\n\n\n\n<p>Unsere gr\u00fcne Mission spiegelt unser Engagement f\u00fcr den Umweltschutz wider, indem wir nachhaltige Materialien, energieeffiziente Verfahren und umweltfreundliche Produktionsmethoden einsetzen. Durch kontinuierliche Verbesserungen und bewusste Entscheidungen wollen wir eine gr\u00fcnere Zukunft f\u00fcr unsere Gemeinschaft und unseren Planeten schaffen.<\/p>\n\n\n\n<h3 class=\"wp-block-heading\"><strong>Umweltvertr\u00e4gliche Materialien<\/strong><\/h3>\n\n\n\n<p>Wir verwenden recycelbare, erneuerbare und verantwortungsvoll beschaffte Materialien, um die Umweltbelastung zu verringern und gleichzeitig eine hohe Produktqualit\u00e4t zu gew\u00e4hrleisten. Dieser Ansatz unterst\u00fctzt die langfristige Nachhaltigkeit und minimiert die Abfallmenge.<\/p>\n\n\n\n<h4 class=\"wp-block-heading\"><strong>Energieeffizienter Betrieb<\/strong><\/h4>\n\n\n\n<p>Unsere Produktionsprozesse basieren auf energiesparenden Technologien, die den Stromverbrauch und die Schadstoffemissionen reduzieren. Durch die Optimierung unserer Arbeitsabl\u00e4ufe tragen wir zu einem saubereren und verantwortungsvolleren Produktionssystem bei.<\/p>\n\n\n\n<div class=\"wp-block-uagb-image alignleft uagb-block-894d023d wp-block-uagb-image--layout-default wp-block-uagb-image--effect-static wp-block-uagb-image--align-left\"><figure class=\"wp-block-uagb-image__figure\"><img decoding=\"async\" srcset=\"https:\/\/turkishtrade.co\/wp-content\/uploads\/2025\/11\/green-mission-img.webp ,https:\/\/turkishtrade.co\/wp-content\/uploads\/2025\/11\/green-mission-img.webp 780w, https:\/\/turkishtrade.co\/wp-content\/uploads\/2025\/11\/green-mission-img.webp 360w\" sizes=\"auto, (max-width: 480px) 150px\" src=\"https:\/\/turkishtrade.co\/wp-content\/uploads\/2025\/11\/green-mission-img.webp\" alt=\"Green Mission sustainable green mission practices\" class=\"uag-image-1009\" width=\"1000\" height=\"667\" title=\"Gr\u00fcner Auftrag img\" loading=\"lazy\" role=\"img\"\/><\/figure><\/div>\n\n\n\n<h4 class=\"wp-block-heading\"><strong>Null-Abfall-Verpflichtung<\/strong><\/h4>\n\n\n\n<p>Wir folgen dem Prinzip \u201cWeniger verschwenden, mehr wiederverwenden\u201d. Wann immer m\u00f6glich, werden Materialien wiederverwendet, wiederverwertet oder recycelt. Dies hilft uns, die Abfallmenge zu reduzieren, die auf Deponien landet, und unterst\u00fctzt eine Kreislaufwirtschaft.<\/p>\n\n\n\n<h4 class=\"wp-block-heading\"><strong>Gr\u00fcnes Bewusstsein und Bildung<\/strong><\/h4>\n\n\n\n<p>Wir sind der Meinung, dass Umweltver\u00e4nderungen mit Bewusstsein beginnen. Deshalb kl\u00e4ren wir unser Team, unsere Kunden und Partner aktiv \u00fcber nachhaltige Praktiken und die Bedeutung umweltfreundlicher Verhaltensweisen auf.<\/p>\n\n\n\n<h4 class=\"wp-block-heading\"><strong>Teil unseres Nachhaltigkeitsprogramms<\/strong><\/h4>\n\n\n\n<p>Unsere gr\u00fcne Mission ist Teil unserer umfassenderen Nachhaltigkeitsstrategie und tr\u00e4gt direkt zur Senkung der CO\u2082-Emissionen, zur Verbesserung der Ressourceneffizienz und zur F\u00f6rderung einer langfristig gesunden Umwelt bei.<\/p>\n<\/div><\/div>\n\n\n\n<p><strong>Erfahren Sie mehr \u00fcber unser <a href=\"https:\/\/turkishtrade.co\/sustainability\/\" data-type=\"page\" data-id=\"927\">Nachhaltigkeit<\/a> Strategie<\/strong> <\/p>\n\n\n\n<p>Weitere Informationen \u00fcber globale Nachhaltigkeitsstandards finden Sie im Internet: <a href=\"https:\/\/www.un.org\/sustainabledevelopment\/\" target=\"_blank\" rel=\"noreferrer noopener nofollow\">https:\/\/www.un.org\/sustainabledevelopment\/<\/a><\/p>\n\n\n\n<p><\/p>","protected":false},"excerpt":{"rendered":"<p>Green Mission Our Green Mission Our Green Mission reflects our commitment to protecting the environment by using sustainable materials, energy-efficient [&hellip;]<\/p>\n","protected":false},"author":1,"featured_media":0,"parent":927,"menu_order":0,"comment_status":"closed","ping_status":"closed","template":"","meta":{"_acf_changed":false,"_uag_custom_page_level_css":"","site-sidebar-layout":"default","site-content-layout":"","ast-site-content-layout":"default","site-content-style":"default","site-sidebar-style":"default","ast-global-header-display":"","ast-banner-title-visibility":"","ast-main-header-display":"","ast-hfb-above-header-display":"","ast-hfb-below-header-display":"","ast-hfb-mobile-header-display":"","site-post-title":"disabled","ast-breadcrumbs-content":"","ast-featured-img":"","footer-sml-layout":"","ast-disable-related-posts":"","theme-transparent-header-meta":"","adv-header-id-meta":"","stick-header-meta":"","header-above-stick-meta":"","header-main-stick-meta":"","header-below-stick-meta":"","astra-migrate-meta-layouts":"default","ast-page-background-enabled":"default","ast-page-background-meta":{"desktop":{"background-color":"var(--ast-global-color-4)","background-image":"","background-repeat":"repeat","background-position":"center center","background-size":"auto","background-attachment":"scroll","background-type":"","background-media":"","overlay-type":"","overlay-color":"","overlay-opacity":"","overlay-gradient":""},"tablet":{"background-color":"","background-image":"","background-repeat":"repeat","background-position":"center center","background-size":"auto","background-attachment":"scroll","background-type":"","background-media":"","overlay-type":"","overlay-color":"","overlay-opacity":"","overlay-gradient":""},"mobile":{"background-color":"","background-image":"","background-repeat":"repeat","background-position":"center center","background-size":"auto","background-attachment":"scroll","background-type":"","background-media":"","overlay-type":"","overlay-color":"","overlay-opacity":"","overlay-gradient":""}},"ast-content-background-meta":{"desktop":{"background-color":"var(--ast-global-color-5)","background-image":"","background-repeat":"repeat","background-position":"center center","background-size":"auto","background-attachment":"scroll","background-type":"","background-media":"","overlay-type":"","overlay-color":"","overlay-opacity":"","overlay-gradient":""},"tablet":{"background-color":"var(--ast-global-color-5)","background-image":"","background-repeat":"repeat","background-position":"center center","background-size":"auto","background-attachment":"scroll","background-type":"","background-media":"","overlay-type":"","overlay-color":"","overlay-opacity":"","overlay-gradient":""},"mobile":{"background-color":"var(--ast-global-color-5)","background-image":"","background-repeat":"repeat","background-position":"center center","background-size":"auto","background-attachment":"scroll","background-type":"","background-media":"","overlay-type":"","overlay-color":"","overlay-opacity":"","overlay-gradient":""}},"footnotes":""},"class_list":["post-955","page","type-page","status-publish","hentry"],"acf":[],"_hostinger_reach_plugin_has_subscription_block":false,"_hostinger_reach_plugin_is_elementor":false,"uagb_featured_image_src":{"full":false,"thumbnail":false,"medium":false,"medium_large":false,"large":false,"1536x1536":false,"2048x2048":false,"trp-custom-language-flag":false,"woocommerce_thumbnail":false,"woocommerce_single":false,"woocommerce_gallery_thumbnail":false},"uagb_author_info":{"display_name":"\u0628\u0631\u0643\u0627\u062a \u0627\u0644\u064a\u0648\u0633\u0641","author_link":"https:\/\/turkishtrade.co\/de\/author\/salih-2-1-2003-993gmail-com\/"},"uagb_comment_info":0,"uagb_excerpt":"Green Mission Our Green Mission Our Green Mission reflects our commitment to protecting the environment by using sustainable materials, energy-efficient [&hellip;]","_links":{"self":[{"href":"https:\/\/turkishtrade.co\/de\/wp-json\/wp\/v2\/pages\/955","targetHints":{"allow":["GET"]}}],"collection":[{"href":"https:\/\/turkishtrade.co\/de\/wp-json\/wp\/v2\/pages"}],"about":[{"href":"https:\/\/turkishtrade.co\/de\/wp-json\/wp\/v2\/types\/page"}],"author":[{"embeddable":true,"href":"https:\/\/turkishtrade.co\/de\/wp-json\/wp\/v2\/users\/1"}],"replies":[{"embeddable":true,"href":"https:\/\/turkishtrade.co\/de\/wp-json\/wp\/v2\/comments?post=955"}],"version-history":[{"count":10,"href":"https:\/\/turkishtrade.co\/de\/wp-json\/wp\/v2\/pages\/955\/revisions"}],"predecessor-version":[{"id":1139,"href":"https:\/\/turkishtrade.co\/de\/wp-json\/wp\/v2\/pages\/955\/revisions\/1139"}],"up":[{"embeddable":true,"href":"https:\/\/turkishtrade.co\/de\/wp-json\/wp\/v2\/pages\/927"}],"wp:attachment":[{"href":"https:\/\/turkishtrade.co\/de\/wp-json\/wp\/v2\/media?parent=955"}],"curies":[{"name":"wp","href":"https:\/\/api.w.org\/{rel}","templated":true}]}}