{"id":927,"date":"2025-11-15T12:48:35","date_gmt":"2025-11-15T12:48:35","guid":{"rendered":"https:\/\/turkishtrade.co\/?page_id=927"},"modified":"2025-11-15T19:32:41","modified_gmt":"2025-11-15T19:32:41","slug":"sustainability","status":"publish","type":"page","link":"https:\/\/turkishtrade.co\/de\/sustainability\/","title":{"rendered":"Nachhaltigkeit"},"content":{"rendered":"<div class=\"wp-block-uagb-container uagb-block-2bc4dc5c alignfull uagb-is-root-container\"><div class=\"uagb-container-inner-blocks-wrap\">\n<div class=\"wp-block-uagb-advanced-heading uagb-block-ea348862\"><h1 class=\"uagb-heading-text\">Nachhaltigkeit<\/h1><\/div>\n<\/div><\/div>\n\n\n\n<div class=\"wp-block-uagb-container uagb-block-d99d9cd1 alignfull uagb-is-root-container\"><div class=\"uagb-container-inner-blocks-wrap\">\n<h2 class=\"wp-block-heading\" style=\"font-size:40px\">Was Nachhaltigkeit f\u00fcr uns bedeutet<\/h2>\n\n\n\n<p>F\u00fcr unser Unternehmen ist Nachhaltigkeit mehr als nur eine Politik - es ist eine langfristige Verpflichtung, verantwortungsvolle Entscheidungen zu treffen, die unseren Planeten sch\u00fctzen, Gemeinschaften unterst\u00fctzen und eine bessere Zukunft f\u00fcr kommende Generationen sichern. Wir glauben, dass echter Fortschritt aus dem Gleichgewicht zwischen Innovation und Umweltverantwortung entsteht.<\/p>\n\n\n\n<h2 class=\"wp-block-heading\" style=\"font-size:40px\">Unsere nachhaltige Vision f\u00fcr die Zukunft<\/h2>\n\n\n\n<p>Unser Ziel ist es, so zu arbeiten, dass weniger Abfall anf\u00e4llt, die nat\u00fcrlichen Ressourcen erhalten bleiben und die Umwelt so wenig wie m\u00f6glich belastet wird. Durch den Einsatz umweltfreundlicher Materialien, die Verbesserung von Produktionsprozessen und die F\u00f6rderung eines bewussten Konsums arbeiten wir an einer saubereren und effizienteren Welt.<\/p>\n<\/div><\/div>\n\n\n\n<div class=\"wp-block-uagb-container uagb-block-5959d039 alignfull uagb-is-root-container\"><div class=\"uagb-container-inner-blocks-wrap\">\n<div class=\"wp-block-uagb-container uagb-block-19152043\">\n<div class=\"wp-block-uagb-image uagb-block-4aa350b0 wp-block-uagb-image--layout-default wp-block-uagb-image--effect-static wp-block-uagb-image--align-none\"><figure class=\"wp-block-uagb-image__figure\"><img decoding=\"async\" srcset=\"https:\/\/turkishtrade.co\/wp-content\/uploads\/2025\/11\/sustainability-img-1-1024x683.webp ,https:\/\/turkishtrade.co\/wp-content\/uploads\/2025\/11\/sustainability-img-1.webp 780w, https:\/\/turkishtrade.co\/wp-content\/uploads\/2025\/11\/sustainability-img-1.webp 360w\" sizes=\"auto, (max-width: 480px) 150px\" src=\"https:\/\/turkishtrade.co\/wp-content\/uploads\/2025\/11\/sustainability-img-1-1024x683.webp\" alt=\"sustainability img\" class=\"uag-image-938\" width=\"1536\" height=\"1024\" title=\"nachhaltigkeit img\" loading=\"lazy\" role=\"img\"\/><\/figure><\/div>\n<\/div>\n\n\n\n<div class=\"wp-block-uagb-container uagb-block-cba31f59\">\n<h2 class=\"wp-block-heading\" style=\"font-size:35px\">Eckpfeiler unserer Nachhaltigkeitsstrategie<\/h2>\n\n\n\n<h3 class=\"wp-block-heading\" style=\"font-size:25px\">1. Verantwortung f\u00fcr die Umwelt<\/h3>\n\n\n\n<p>Wir entwickeln aktiv L\u00f6sungen, die die Umweltverschmutzung verringern, Energie sparen und die Artenvielfalt f\u00f6rdern.<\/p>\n\n\n\n<h3 class=\"wp-block-heading\" style=\"font-size:25px\">2. Ethische Produktion<\/h3>\n\n\n\n<p>Wir stellen sicher, dass in allen unseren Betrieben faire Arbeitsbedingungen, sichere Fertigungsverfahren und transparente Lieferketten eingehalten werden.<\/p>\n\n\n\n<h3 class=\"wp-block-heading\" style=\"font-size:25px\">3. Klima-Aktion<\/h3>\n\n\n\n<p>Die Verringerung des CO2-Fu\u00dfabdrucks ist eine unserer obersten Priorit\u00e4ten, die durch laufende Mess- und Verbesserungsprogramme unterst\u00fctzt wird.<\/p>\n\n\n\n<h3 class=\"wp-block-heading\" style=\"font-size:25px\">4. Gemeinschaftliches Engagement<\/h3>\n\n\n\n<p>Wir investieren in Sensibilisierungsprogramme, Nachhaltigkeitserziehung und kommunale Partnerschaften.<\/p>\n<\/div>\n<\/div><\/div>\n\n\n\n<div class=\"wp-block-uagb-container uagb-block-daf2f44b alignfull uagb-is-root-container\"><div class=\"uagb-container-inner-blocks-wrap\">\n<h2 class=\"wp-block-heading has-ast-global-color-5-color has-text-color has-link-color wp-elements-09dc09e8ece30959b28348550e2456fc\" style=\"font-size:35px\">Wie wir unsere Wirkung messen<\/h2>\n\n\n\n<p class=\"has-ast-global-color-5-color has-text-color has-link-color wp-elements-dfb7ca756fdfd7271dc5b4bd730bf99a\">Wir verfolgen kontinuierlich unsere Erfolge in den Bereichen Abfallreduzierung, Energieeffizienz und Emissionskontrolle. Diese Berichte helfen uns, Bereiche zu identifizieren, in denen wir uns verbessern und innovativ sein k\u00f6nnen.<\/p>\n\n\n\n<h2 class=\"wp-block-heading has-ast-global-color-5-color has-text-color has-link-color wp-elements-2fe79ea680e8170e8f96b0403420f34e\" style=\"font-size:30px\">Mehr erfahren<\/h2>\n\n\n\n<p class=\"has-ast-global-color-5-color has-text-color has-link-color wp-elements-7f4b8139b4d37e7b59113dd1266ac84c\">Um mehr \u00fcber unsere Umweltinitiativen zu erfahren:<\/p>\n\n\n\n<ul class=\"wp-block-list\">\n<li class=\"has-ast-global-color-5-color has-text-color has-link-color wp-elements-48a31318921a6cfbe145bd0150d3c709\">Besuchen Sie unser <strong><a href=\"https:\/\/turkishtrade.co\/sustainability\/green-mission\/\" data-type=\"page\" data-id=\"955\">Gr\u00fcne Mission<\/a><\/strong> Seite<\/li>\n\n\n\n<li class=\"has-ast-global-color-5-color has-text-color has-link-color wp-elements-4eed89d05f6e17762fbb3fcfb30ee179\">Erfahren Sie, wie wir unsere <strong><a href=\"https:\/\/turkishtrade.co\/sustainability\/co2-emissions\/\" data-type=\"page\" data-id=\"967\">CO2-Emissionen<\/a><\/strong><\/li>\n<\/ul>\n<\/div><\/div>","protected":false},"excerpt":{"rendered":"<p>Sustainability What Sustainability Means to Us At our company, sustainability is more than a policy \u2014 it is a long-term [&hellip;]<\/p>\n","protected":false},"author":1,"featured_media":0,"parent":0,"menu_order":0,"comment_status":"closed","ping_status":"closed","template":"","meta":{"_acf_changed":false,"_uag_custom_page_level_css":"","site-sidebar-layout":"default","site-content-layout":"","ast-site-content-layout":"default","site-content-style":"default","site-sidebar-style":"default","ast-global-header-display":"","ast-banner-title-visibility":"","ast-main-header-display":"","ast-hfb-above-header-display":"","ast-hfb-below-header-display":"","ast-hfb-mobile-header-display":"","site-post-title":"disabled","ast-breadcrumbs-content":"","ast-featured-img":"","footer-sml-layout":"","ast-disable-related-posts":"","theme-transparent-header-meta":"","adv-header-id-meta":"","stick-header-meta":"","header-above-stick-meta":"","header-main-stick-meta":"","header-below-stick-meta":"","astra-migrate-meta-layouts":"default","ast-page-background-enabled":"default","ast-page-background-meta":{"desktop":{"background-color":"var(--ast-global-color-4)","background-image":"","background-repeat":"repeat","background-position":"center center","background-size":"auto","background-attachment":"scroll","background-type":"","background-media":"","overlay-type":"","overlay-color":"","overlay-opacity":"","overlay-gradient":""},"tablet":{"background-color":"","background-image":"","background-repeat":"repeat","background-position":"center center","background-size":"auto","background-attachment":"scroll","background-type":"","background-media":"","overlay-type":"","overlay-color":"","overlay-opacity":"","overlay-gradient":""},"mobile":{"background-color":"","background-image":"","background-repeat":"repeat","background-position":"center center","background-size":"auto","background-attachment":"scroll","background-type":"","background-media":"","overlay-type":"","overlay-color":"","overlay-opacity":"","overlay-gradient":""}},"ast-content-background-meta":{"desktop":{"background-color":"var(--ast-global-color-5)","background-image":"","background-repeat":"repeat","background-position":"center center","background-size":"auto","background-attachment":"scroll","background-type":"","background-media":"","overlay-type":"","overlay-color":"","overlay-opacity":"","overlay-gradient":""},"tablet":{"background-color":"var(--ast-global-color-5)","background-image":"","background-repeat":"repeat","background-position":"center center","background-size":"auto","background-attachment":"scroll","background-type":"","background-media":"","overlay-type":"","overlay-color":"","overlay-opacity":"","overlay-gradient":""},"mobile":{"background-color":"var(--ast-global-color-5)","background-image":"","background-repeat":"repeat","background-position":"center center","background-size":"auto","background-attachment":"scroll","background-type":"","background-media":"","overlay-type":"","overlay-color":"","overlay-opacity":"","overlay-gradient":""}},"footnotes":""},"class_list":["post-927","page","type-page","status-publish","hentry"],"acf":[],"_hostinger_reach_plugin_has_subscription_block":false,"_hostinger_reach_plugin_is_elementor":false,"uagb_featured_image_src":{"full":false,"thumbnail":false,"medium":false,"medium_large":false,"large":false,"1536x1536":false,"2048x2048":false,"trp-custom-language-flag":false,"woocommerce_thumbnail":false,"woocommerce_single":false,"woocommerce_gallery_thumbnail":false},"uagb_author_info":{"display_name":"\u0628\u0631\u0643\u0627\u062a \u0627\u0644\u064a\u0648\u0633\u0641","author_link":"https:\/\/turkishtrade.co\/de\/author\/salih-2-1-2003-993gmail-com\/"},"uagb_comment_info":0,"uagb_excerpt":"Sustainability What Sustainability Means to Us At our company, sustainability is more than a policy \u2014 it is a long-term [&hellip;]","_links":{"self":[{"href":"https:\/\/turkishtrade.co\/de\/wp-json\/wp\/v2\/pages\/927","targetHints":{"allow":["GET"]}}],"collection":[{"href":"https:\/\/turkishtrade.co\/de\/wp-json\/wp\/v2\/pages"}],"about":[{"href":"https:\/\/turkishtrade.co\/de\/wp-json\/wp\/v2\/types\/page"}],"author":[{"embeddable":true,"href":"https:\/\/turkishtrade.co\/de\/wp-json\/wp\/v2\/users\/1"}],"replies":[{"embeddable":true,"href":"https:\/\/turkishtrade.co\/de\/wp-json\/wp\/v2\/comments?post=927"}],"version-history":[{"count":16,"href":"https:\/\/turkishtrade.co\/de\/wp-json\/wp\/v2\/pages\/927\/revisions"}],"predecessor-version":[{"id":1022,"href":"https:\/\/turkishtrade.co\/de\/wp-json\/wp\/v2\/pages\/927\/revisions\/1022"}],"wp:attachment":[{"href":"https:\/\/turkishtrade.co\/de\/wp-json\/wp\/v2\/media?parent=927"}],"curies":[{"name":"wp","href":"https:\/\/api.w.org\/{rel}","templated":true}]}}