{"id":485,"date":"2025-11-01T14:41:19","date_gmt":"2025-11-01T14:41:19","guid":{"rendered":"https:\/\/turkishtrade.co\/about-us\/"},"modified":"2026-03-28T16:01:50","modified_gmt":"2026-03-28T16:01:50","slug":"about-us","status":"publish","type":"page","link":"https:\/\/turkishtrade.co\/de\/about-us\/","title":{"rendered":"\u00dcber uns"},"content":{"rendered":"<div class=\"wp-block-uagb-container uagb-block-bea5283e alignfull uagb-is-root-container\"><div class=\"uagb-container-inner-blocks-wrap\">\n<div class=\"wp-block-uagb-advanced-heading uagb-block-fc6aaff1\"><h1 class=\"uagb-heading-text\">\u00dcber uns<\/h1><\/div>\n<\/div><\/div>\n\n\n\n<div class=\"wp-block-uagb-container uagb-block-29842745 alignfull uagb-is-root-container\"><div class=\"uagb-container-inner-blocks-wrap\">\n<div class=\"wp-block-uagb-info-box uagb-block-2554c78b uagb-infobox__content-wrap  uagb-infobox-icon-above-title uagb-infobox-image-valign-top\"><div class=\"uagb-ifb-content\"><div class=\"uagb-ifb-title-wrap\"><h2 class=\"uagb-ifb-title\">\u00dcber den Turkish Trade<\/h2><\/div><\/div><\/div>\n\n\n\n<div class=\"wp-block-uagb-separator uagb-block-c1f8b284\"><div class=\"uagb-separator-spacing-wrapper\"><div class=\"wp-block-uagb-separator__inner\" style=\"--my-background-image:\"><\/div><\/div><\/div>\n\n\n\n<div class=\"wp-block-uagb-container uagb-block-2bc90d6f\">\n<div class=\"wp-block-uagb-advanced-heading uagb-block-9f1ae72a\"><h5 class=\"uagb-heading-text\">Unter <strong>Turkish Trade<\/strong>, Wir stellen nicht einfach nur Schuhe her - wir schaffen ein Statement f\u00fcr Stil, Qualit\u00e4t und Identit\u00e4t.<br>Unsere Reise begann mit einer Leidenschaft f\u00fcr <strong>authentische t\u00fcrkische Handwerkskunst<\/strong>,<br>wo jeder Stich eine Geschichte von Hingabe und Eleganz erz\u00e4hlt.<\/h5><\/div>\n\n\n\n<div class=\"wp-block-uagb-info-box uagb-block-71da6051 uagb-infobox__content-wrap  uagb-infobox-icon-above-title uagb-infobox-image-valign-top\"><div class=\"uagb-ifb-content\"><div class=\"uagb-ifb-title-wrap\"><\/div><p class=\"uagb-ifb-desc\">Wir sind stolz auf die Herstellung von <strong>T\u00fcrkische Luxusschuhe<\/strong> die traditionelle Techniken kombiniert<br>mit modernem Design, um die perfekte Balance zwischen <strong>Komfort und Raffinesse<\/strong>.<br>Jedes Paar wird in sorgf\u00e4ltiger Handarbeit aus <strong>hochwertiges Naturleder<\/strong>,<br>die das reiche Erbe und die Kunstfertigkeit der T\u00fcrkei widerspiegeln.<br>Unser Auftrag ist einfach - wir bringen <strong>T\u00fcrkische Exzellenz<\/strong> f\u00fcr die Welt.<br>Von lokalen Werkst\u00e4tten bis zu den Haust\u00fcren der Welt,<br>stellen wir sicher, dass jeder Kunde die Sch\u00f6nheit der <strong>handwerkliche Perfektion<\/strong>,<br>die mit Liebe, Pr\u00e4zision und zeitlosem Stil hergestellt werden.<\/p><\/div><\/div>\n<\/div>\n<\/div><\/div>\n\n\n\n<div class=\"wp-block-uagb-container uagb-block-03daffa8 alignfull uagb-is-root-container\"><div class=\"uagb-container-inner-blocks-wrap\">\n<div class=\"wp-block-uagb-info-box uagb-block-3625f0bd uagb-infobox__content-wrap  uagb-infobox-icon-above-title uagb-infobox-image-valign-top\"><div class=\"uagb-ifb-content\"><div class=\"uagb-ifb-title-wrap\"><h3 class=\"uagb-ifb-title\">Unsere Vision<\/h3><\/div><p class=\"uagb-ifb-desc\"><strong>Turkish Trade<\/strong> zielt darauf ab, zu einem der <strong>f\u00fchrende Namen in der t\u00fcrkischen Modeindustrie<\/strong> und eine <strong>weltweit angesehene Marke<\/strong> die f\u00fcr die Exzellenz von <strong>Made in Turkey Mode<\/strong>.<br>Geleitet von den Werten der <strong>Nachhaltigkeit, Innovation und Kreativit\u00e4t<\/strong>, streben wir an <strong>die globalen Modetrends mitgestalten<\/strong> und definieren die Stile der Zukunft.<br>Wir wollen nicht nur ein Anbieter von t\u00fcrkischen Premiumprodukten sein, sondern auch ein <strong>zuverl\u00e4ssiger Gesch\u00e4ftspartner<\/strong> die sich schnell an Marktver\u00e4nderungen anpasst und eine <strong>l\u00f6sungsorientierter Ansatz<\/strong>.<br>Unser oberstes Ziel ist es, die <strong>Turkish Trade<\/strong> a <strong>weltweit anerkannte Marke<\/strong> bekannt f\u00fcr <strong>hohe Qualit\u00e4t, modernes Design und eine kundenorientierte Philosophie<\/strong>.<\/p><\/div><\/div>\n<\/div><\/div>\n\n\n\n<div class=\"wp-block-uagb-container uagb-block-4ad07b0b alignfull uagb-is-root-container\"><div class=\"uagb-container-inner-blocks-wrap\">\n<div class=\"wp-block-uagb-container uagb-block-dde14a08\">\n<div class=\"wp-block-uagb-advanced-heading uagb-block-819b66ad\"><h4 class=\"uagb-heading-text\">Unser Auftrag<br><\/h4><\/div>\n<\/div>\n\n\n\n<div class=\"wp-block-uagb-container uagb-block-9276b384\">\n<div class=\"wp-block-uagb-info-box uagb-block-d2c339f6 uagb-infobox__content-wrap  uagb-infobox-icon-above-title uagb-infobox-image-valign-top\"><div class=\"uagb-ifb-content\"><div class=\"uagb-ifb-title-wrap\"><p class=\"uagb-ifb-title\">Mit mehr als <strong>16 Jahre Erfahrung<\/strong>, <strong>Turkish Trade<\/strong> ist ein f\u00fchrendes Unternehmen, das sich daf\u00fcr einsetzt, dass die <strong>St\u00e4rke, Kreativit\u00e4t und Handwerkskunst der t\u00fcrkischen Mode<\/strong> auf dem Weltmarkt.<br>Unser Ziel ist es, unseren Kunden Folgendes zu bieten <strong>hochwertige t\u00fcrkische Schuhe und Kleidung<\/strong> zu wettbewerbsf\u00e4higen Preisen und mit zuverl\u00e4ssigem Service.<br>Als Marke haben wir stets folgende Priorit\u00e4ten <strong>Kundenzufriedenheit<\/strong>, einhalten <strong>ethische Gesch\u00e4ftspraktiken<\/strong>, und umarmen <strong>kontinuierliche Innovation<\/strong>.<br>Durch den Aufbau starker internationaler Partnerschaften bem\u00fchen wir uns, die <strong>T\u00fcrkische Mode<\/strong> auf der ganzen Welt anerkannt, vertrauensw\u00fcrdig und bevorzugt.<\/p><\/div><\/div><\/div>\n<\/div>\n\n\n\n<div class=\"wp-block-uagb-separator uagb-block-5f83295c\"><div class=\"wp-block-uagb-separator__inner\" style=\"--my-background-image:\"><\/div><\/div>\n<\/div><\/div>\n\n\n\n<div class=\"wp-block-uagb-container uagb-block-ccc4e980 alignfull uagb-is-root-container\"><div class=\"uagb-container-inner-blocks-wrap\">\n<div class=\"wp-block-uagb-container uagb-block-9aa8d9e0\">\n<div class=\"wp-block-uagb-info-box uagb-block-d1091790 uagb-infobox__content-wrap  uagb-infobox-icon-above-title uagb-infobox-image-valign-top\"><div class=\"uagb-ifb-content\"><div class=\"uagb-ifb-title-wrap\"><h6 class=\"uagb-ifb-title-prefix\"><strong>Schritt in die Eleganz - <\/strong><\/h6><h2 class=\"uagb-ifb-title\"><strong>entdecken Sie t\u00fcrkische Handwerkskunst in ihrer sch\u00f6nsten Form.<\/strong><\/h2><\/div><p class=\"uagb-ifb-desc\">Erkunden Sie unser <strong>luxuri\u00f6se handgefertigte Schuhe<\/strong> hergestellt aus <strong>hochwertiges Echtleder<\/strong>,<br>wobei <strong>Komfort trifft auf zeitlosen Stil<\/strong>.<br>Kaufen Sie jetzt ein und erleben Sie die wahre Essenz von <strong>T\u00fcrkische Qualit\u00e4t<\/strong> und <strong>globale Weltgewandtheit<\/strong>.<\/p><\/div><\/div>\n\n\n\n<div class=\"wp-block-uagb-buttons uagb-buttons__outer-wrap uagb-btn__default-btn uagb-btn-tablet__default-btn uagb-btn-mobile__default-btn uagb-block-181e40e0\"><div class=\"uagb-buttons__wrap uagb-buttons-layout-wrap\">\n<div class=\"wp-block-uagb-buttons-child uagb-buttons__outer-wrap uagb-block-4687be33 wp-block-button\"><div class=\"uagb-button__wrapper\"><a class=\"uagb-buttons-repeater wp-block-button__link\" aria-label=\"\" href=\"https:\/\/turkishtrade.co\/shop\/\" rel=\"follow noopener\" target=\"_self\" role=\"button\"><div class=\"uagb-button__link\">Jetzt einkaufen<\/div><\/a><\/div><\/div>\n<\/div><\/div>\n<\/div>\n<\/div><\/div>","protected":false},"excerpt":{"rendered":"<p>About Us At Turkish Trade, we don\u2019t just make shoes \u2014 we create a statement of style, quality, and identity.Our [&hellip;]<\/p>\n","protected":false},"author":1,"featured_media":0,"parent":0,"menu_order":0,"comment_status":"closed","ping_status":"closed","template":"","meta":{"_acf_changed":false,"_uag_custom_page_level_css":"","site-sidebar-layout":"default","site-content-layout":"","ast-site-content-layout":"default","site-content-style":"default","site-sidebar-style":"default","ast-global-header-display":"","ast-banner-title-visibility":"","ast-main-header-display":"","ast-hfb-above-header-display":"","ast-hfb-below-header-display":"","ast-hfb-mobile-header-display":"","site-post-title":"disabled","ast-breadcrumbs-content":"","ast-featured-img":"","footer-sml-layout":"","ast-disable-related-posts":"","theme-transparent-header-meta":"enabled","adv-header-id-meta":"","stick-header-meta":"","header-above-stick-meta":"","header-main-stick-meta":"","header-below-stick-meta":"","astra-migrate-meta-layouts":"default","ast-page-background-enabled":"default","ast-page-background-meta":{"desktop":{"background-color":"var(--ast-global-color-4)","background-image":"","background-repeat":"repeat","background-position":"center center","background-size":"auto","background-attachment":"scroll","background-type":"","background-media":"","overlay-type":"","overlay-color":"","overlay-opacity":"","overlay-gradient":""},"tablet":{"background-color":"","background-image":"","background-repeat":"repeat","background-position":"center center","background-size":"auto","background-attachment":"scroll","background-type":"","background-media":"","overlay-type":"","overlay-color":"","overlay-opacity":"","overlay-gradient":""},"mobile":{"background-color":"","background-image":"","background-repeat":"repeat","background-position":"center center","background-size":"auto","background-attachment":"scroll","background-type":"","background-media":"","overlay-type":"","overlay-color":"","overlay-opacity":"","overlay-gradient":""}},"ast-content-background-meta":{"desktop":{"background-color":"var(--ast-global-color-5)","background-image":"","background-repeat":"repeat","background-position":"center center","background-size":"auto","background-attachment":"scroll","background-type":"","background-media":"","overlay-type":"","overlay-color":"","overlay-opacity":"","overlay-gradient":""},"tablet":{"background-color":"var(--ast-global-color-5)","background-image":"","background-repeat":"repeat","background-position":"center center","background-size":"auto","background-attachment":"scroll","background-type":"","background-media":"","overlay-type":"","overlay-color":"","overlay-opacity":"","overlay-gradient":""},"mobile":{"background-color":"var(--ast-global-color-5)","background-image":"","background-repeat":"repeat","background-position":"center center","background-size":"auto","background-attachment":"scroll","background-type":"","background-media":"","overlay-type":"","overlay-color":"","overlay-opacity":"","overlay-gradient":""}},"footnotes":""},"class_list":["post-485","page","type-page","status-publish","hentry"],"acf":[],"_hostinger_reach_plugin_has_subscription_block":false,"_hostinger_reach_plugin_is_elementor":false,"uagb_featured_image_src":{"full":false,"thumbnail":false,"medium":false,"medium_large":false,"large":false,"1536x1536":false,"2048x2048":false,"trp-custom-language-flag":false,"woocommerce_thumbnail":false,"woocommerce_single":false,"woocommerce_gallery_thumbnail":false},"uagb_author_info":{"display_name":"\u0628\u0631\u0643\u0627\u062a \u0627\u0644\u064a\u0648\u0633\u0641","author_link":"https:\/\/turkishtrade.co\/de\/author\/salih-2-1-2003-993gmail-com\/"},"uagb_comment_info":0,"uagb_excerpt":"About Us At Turkish Trade, we don\u2019t just make shoes \u2014 we create a statement of style, quality, and identity.Our [&hellip;]","_links":{"self":[{"href":"https:\/\/turkishtrade.co\/de\/wp-json\/wp\/v2\/pages\/485","targetHints":{"allow":["GET"]}}],"collection":[{"href":"https:\/\/turkishtrade.co\/de\/wp-json\/wp\/v2\/pages"}],"about":[{"href":"https:\/\/turkishtrade.co\/de\/wp-json\/wp\/v2\/types\/page"}],"author":[{"embeddable":true,"href":"https:\/\/turkishtrade.co\/de\/wp-json\/wp\/v2\/users\/1"}],"replies":[{"embeddable":true,"href":"https:\/\/turkishtrade.co\/de\/wp-json\/wp\/v2\/comments?post=485"}],"version-history":[{"count":26,"href":"https:\/\/turkishtrade.co\/de\/wp-json\/wp\/v2\/pages\/485\/revisions"}],"predecessor-version":[{"id":8943,"href":"https:\/\/turkishtrade.co\/de\/wp-json\/wp\/v2\/pages\/485\/revisions\/8943"}],"wp:attachment":[{"href":"https:\/\/turkishtrade.co\/de\/wp-json\/wp\/v2\/media?parent=485"}],"curies":[{"name":"wp","href":"https:\/\/api.w.org\/{rel}","templated":true}]}}