{"id":10,"date":"2026-01-28T18:55:56","date_gmt":"2026-01-28T18:55:56","guid":{"rendered":"https:\/\/turkishtrade.co\/?page_id=10"},"modified":"2026-01-28T19:17:05","modified_gmt":"2026-01-28T19:17:05","slug":"refund_returns","status":"publish","type":"page","link":"https:\/\/turkishtrade.co\/de\/refund_returns\/","title":{"rendered":"Erstattungs- und R\u00fcckgabebestimmungen"},"content":{"rendered":"<div class=\"wp-block-uagb-container uagb-block-2bc4dc5c alignfull uagb-is-root-container\"><div class=\"uagb-container-inner-blocks-wrap\">\n<div class=\"wp-block-uagb-advanced-heading uagb-block-ea348862\"><h1 class=\"uagb-heading-text\">Erstattungs- und R\u00fcckgabebestimmungen<\/h1><\/div>\n<\/div><\/div>\n\n\n\n<div class=\"wp-block-uagb-container uagb-block-d99d9cd1 alignfull uagb-is-root-container\"><div class=\"uagb-container-inner-blocks-wrap\">\n<h2 class=\"wp-block-heading\" style=\"font-size:40px\">R\u00dcCKGABE<\/h2>\n\n\n\n<p>Wir haben ein 30-t\u00e4giges R\u00fcckgaberecht, d. h. Sie haben 30 Tage nach Erhalt Ihres Artikels Zeit, eine R\u00fcckgabe zu beantragen.<\/p>\n\n\n\n<p>&nbsp;Um f\u00fcr eine R\u00fcckgabe in Frage zu kommen, muss sich Ihr Artikel in demselben Zustand befinden, in dem Sie ihn erhalten haben: ungetragen oder unbenutzt, mit Etiketten und in der Originalverpackung. Au\u00dferdem ben\u00f6tigen Sie die Quittung oder den Kaufbeleg.<\/p>\n\n\n\n<p>Um eine R\u00fcckgabe einzuleiten, k\u00f6nnen Sie uns kontaktieren unter <a href=\"mailto:info@turkishtrade.co\">info@turkishtrade.co<\/a> &nbsp;Bitte beachten Sie, dass R\u00fccksendungen an die folgende Adresse geschickt werden m\u00fcssen: De\u011firmi\u00e7em Mah. \u015eehit Mehmet Sait El\u00e7i Sok. Nr:8 Emir \u0130\u015f Merkezi Kat:2 Nr:8 \u015eehitkamil\/GAZ\u0130ANTEP, 27090, T\u00fcrkiye<\/p>\n\n\n\n<p>Wenn Ihre R\u00fccksendung akzeptiert wird, senden wir Ihnen ein R\u00fccksendeetikett sowie Anweisungen, wie und wohin Sie Ihr Paket schicken sollen. Artikel, die an uns zur\u00fcckgeschickt werden, ohne dass wir zuvor eine R\u00fccksendung angefordert haben, werden nicht angenommen. Bitte beachten Sie, dass der Versand Ihrer Waren l\u00e4nger als erwartet dauern kann, wenn Sie Ihren Wohnsitz nicht in der T\u00fcrkiye haben.<\/p>\n\n\n\n<p>Bei Fragen zur R\u00fccksendung k\u00f6nnen Sie uns jederzeit kontaktieren unter <a href=\"mailto:info@turkishtrade.co\">info@turkishtrade.co<\/a><\/p>\n\n\n\n<p>Schadenersatz und Fragen<\/p>\n\n\n\n<p>Bitte \u00fcberpr\u00fcfen Sie Ihre Bestellung bei Erhalt und kontaktieren Sie uns sofort, wenn der Artikel defekt oder besch\u00e4digt ist oder wenn Sie den falschen Artikel erhalten haben, damit wir das Problem bewerten und beheben k\u00f6nnen.<\/p>\n\n\n\n<p>Bestimmte Artikel k\u00f6nnen nicht zur\u00fcckgegeben werden, z. B. verderbliche Waren (wie Lebensmittel, Blumen oder Pflanzen), Sonderanfertigungen (z. B. Sonderbestellungen oder personalisierte Artikel) und K\u00f6rperpflegeartikel (z. B. Sch\u00f6nheitsprodukte). Wir nehmen auch keine R\u00fccksendungen f\u00fcr gef\u00e4hrliche Materialien, brennbare Fl\u00fcssigkeiten oder Gase an. Bitte setzen Sie sich mit uns in Verbindung, wenn Sie Fragen oder Bedenken zu Ihrem speziellen Artikel haben.<\/p>\n\n\n\n<p>Leider k\u00f6nnen wir keine R\u00fccksendungen f\u00fcr Ausverkaufsartikel oder Geschenkkarten akzeptieren.<\/p>\n\n\n\n<p>Tauschb\u00f6rsen<\/p>\n\n\n\n<p>Der schnellste Weg, um sicherzustellen, dass Sie bekommen, was Sie wollen, ist die R\u00fcckgabe des Artikels, den Sie haben, und wenn die R\u00fcckgabe akzeptiert wird, machen Sie einen separaten Kauf f\u00fcr den neuen Artikel.<\/p>\n\n\n\n<p>Europ\u00e4ische Union 3 Tage Bedenkzeit<\/p>\n\n\n\n<p>Ungeachtet dessen haben Sie das Recht, Ihre Bestellung innerhalb von 3 Tagen ohne Angabe von Gr\u00fcnden zu stornieren oder zur\u00fcckzugeben, wenn die Ware in die Europ\u00e4ische Union versandt wird. Wie oben beschrieben, muss sich Ihr Artikel in demselben Zustand befinden, in dem Sie ihn erhalten haben: ungetragen oder unbenutzt, mit Etiketten und in der Originalverpackung. Au\u00dferdem ben\u00f6tigen Sie die Quittung oder den Kaufbeleg.<\/p>\n\n\n\n<p>Erstattungen<\/p>\n\n\n\n<p>Wir werden Sie benachrichtigen, sobald wir Ihre R\u00fccksendung erhalten und gepr\u00fcft haben, um Ihnen mitzuteilen, ob die R\u00fcckerstattung genehmigt wurde oder nicht. Wenn dies der Fall ist, erhalten Sie die R\u00fcckerstattung automatisch innerhalb von 10 Werktagen auf Ihre urspr\u00fcngliche Zahlungsmethode. Bitte denken Sie daran, dass es einige Zeit dauern kann, bis Ihre Bank oder Ihr Kreditkartenunternehmen die Erstattung bearbeitet und verbucht hat.<\/p>\n\n\n\n<p>Wenn mehr als 15 Arbeitstage vergangen sind, seit wir Ihre R\u00fccksendung genehmigt haben, kontaktieren Sie uns bitte unter info@turkishtrade.co.<\/p>\n<\/div><\/div>","protected":false},"excerpt":{"rendered":"<p>Refund and Returns Policy RETURNS We have a 30-day return policy, which means you have 30 days after receiving your [&hellip;]<\/p>\n","protected":false},"author":1,"featured_media":0,"parent":0,"menu_order":0,"comment_status":"closed","ping_status":"closed","template":"","meta":{"_acf_changed":false,"_uag_custom_page_level_css":"","site-sidebar-layout":"default","site-content-layout":"","ast-site-content-layout":"default","site-content-style":"default","site-sidebar-style":"default","ast-global-header-display":"","ast-banner-title-visibility":"","ast-main-header-display":"","ast-hfb-above-header-display":"","ast-hfb-below-header-display":"","ast-hfb-mobile-header-display":"","site-post-title":"disabled","ast-breadcrumbs-content":"","ast-featured-img":"","footer-sml-layout":"","ast-disable-related-posts":"","theme-transparent-header-meta":"","adv-header-id-meta":"","stick-header-meta":"","header-above-stick-meta":"","header-main-stick-meta":"","header-below-stick-meta":"","astra-migrate-meta-layouts":"default","ast-page-background-enabled":"default","ast-page-background-meta":{"desktop":{"background-color":"var(--ast-global-color-4)","background-image":"","background-repeat":"repeat","background-position":"center center","background-size":"auto","background-attachment":"scroll","background-type":"","background-media":"","overlay-type":"","overlay-color":"","overlay-opacity":"","overlay-gradient":""},"tablet":{"background-color":"","background-image":"","background-repeat":"repeat","background-position":"center center","background-size":"auto","background-attachment":"scroll","background-type":"","background-media":"","overlay-type":"","overlay-color":"","overlay-opacity":"","overlay-gradient":""},"mobile":{"background-color":"","background-image":"","background-repeat":"repeat","background-position":"center center","background-size":"auto","background-attachment":"scroll","background-type":"","background-media":"","overlay-type":"","overlay-color":"","overlay-opacity":"","overlay-gradient":""}},"ast-content-background-meta":{"desktop":{"background-color":"var(--ast-global-color-5)","background-image":"","background-repeat":"repeat","background-position":"center center","background-size":"auto","background-attachment":"scroll","background-type":"","background-media":"","overlay-type":"","overlay-color":"","overlay-opacity":"","overlay-gradient":""},"tablet":{"background-color":"var(--ast-global-color-5)","background-image":"","background-repeat":"repeat","background-position":"center center","background-size":"auto","background-attachment":"scroll","background-type":"","background-media":"","overlay-type":"","overlay-color":"","overlay-opacity":"","overlay-gradient":""},"mobile":{"background-color":"var(--ast-global-color-5)","background-image":"","background-repeat":"repeat","background-position":"center center","background-size":"auto","background-attachment":"scroll","background-type":"","background-media":"","overlay-type":"","overlay-color":"","overlay-opacity":"","overlay-gradient":""}},"footnotes":""},"class_list":["post-10","page","type-page","status-publish","hentry"],"acf":[],"_hostinger_reach_plugin_has_subscription_block":false,"_hostinger_reach_plugin_is_elementor":false,"uagb_featured_image_src":{"full":false,"thumbnail":false,"medium":false,"medium_large":false,"large":false,"1536x1536":false,"2048x2048":false,"trp-custom-language-flag":false,"woocommerce_thumbnail":false,"woocommerce_single":false,"woocommerce_gallery_thumbnail":false},"uagb_author_info":{"display_name":"\u0628\u0631\u0643\u0627\u062a \u0627\u0644\u064a\u0648\u0633\u0641","author_link":"https:\/\/turkishtrade.co\/de\/author\/salih-2-1-2003-993gmail-com\/"},"uagb_comment_info":0,"uagb_excerpt":"Refund and Returns Policy RETURNS We have a 30-day return policy, which means you have 30 days after receiving your [&hellip;]","_links":{"self":[{"href":"https:\/\/turkishtrade.co\/de\/wp-json\/wp\/v2\/pages\/10","targetHints":{"allow":["GET"]}}],"collection":[{"href":"https:\/\/turkishtrade.co\/de\/wp-json\/wp\/v2\/pages"}],"about":[{"href":"https:\/\/turkishtrade.co\/de\/wp-json\/wp\/v2\/types\/page"}],"author":[{"embeddable":true,"href":"https:\/\/turkishtrade.co\/de\/wp-json\/wp\/v2\/users\/1"}],"replies":[{"embeddable":true,"href":"https:\/\/turkishtrade.co\/de\/wp-json\/wp\/v2\/comments?post=10"}],"version-history":[{"count":9,"href":"https:\/\/turkishtrade.co\/de\/wp-json\/wp\/v2\/pages\/10\/revisions"}],"predecessor-version":[{"id":7594,"href":"https:\/\/turkishtrade.co\/de\/wp-json\/wp\/v2\/pages\/10\/revisions\/7594"}],"wp:attachment":[{"href":"https:\/\/turkishtrade.co\/de\/wp-json\/wp\/v2\/media?parent=10"}],"curies":[{"name":"wp","href":"https:\/\/api.w.org\/{rel}","templated":true}]}}